{"id":22806,"date":"2019-10-10T07:18:59","date_gmt":"2019-10-10T07:18:59","guid":{"rendered":"https:\/\/kokouspoukama.fi\/?page_id=22806"},"modified":"2025-04-16T10:00:43","modified_gmt":"2025-04-16T07:00:43","slug":"melonta","status":"publish","type":"page","link":"https:\/\/elamyspoukama.fi\/en\/aktiviteetit\/melonta\/","title":{"rendered":"Melonta"},"content":{"rendered":"<div>\n<h3>MELONTAA PORVOOSSA<\/h3>\n<\/div>\n<h1>Melonta Porvoon saaristossa<\/h1>\n<div>\n<p>L\u00e4hde saariston vesille rentoutumaan el\u00e4myksellisille melontaretkelle. Olit sitten aloittelija tai kokeneempi meloja niin El\u00e4myspoukaman ohjatuista retkist\u00e4 l\u00f6yd\u00e4t sopivan vaihtoehdon.<\/p>\n<p>Ammattitaitoiset ja koulutetut ohjaajamme neuvovat sinua melonnan perusteissa ja huolehtivat turvallisuudestasi koko melontaretken aikana.<\/p>\n<p>Melontaretkill\u00e4mme p\u00e4\u00e4set tutustumaan kauniiseen saaristoluontoon, sen rikkaaseen linnustoon ja vaihtelevaan maastoon. Melontaretken aikana voimme nousta omalle saarellemme, jossa nautimme l\u00e4mpim\u00e4t nokipannukahvit laavun suojissa. Saarelle voidaan j\u00e4rjest\u00e4\u00e4 my\u00f6s y\u00f6pyminen. Melonta Porvoon saaristossa on aina el\u00e4mys!<\/p>\n<h2>Melontakokeilut aloittelijoille<\/h2>\n<p>El\u00e4myspoukaman ranta sopii hyvin my\u00f6s aloittelijoille, sill\u00e4 alue on suojaisa ja meri tyyni. Aivan aloittelijat p\u00e4\u00e4sev\u00e4t siten kokeilemaan melontaa turvallisesti.<\/p>\n<p>Meill\u00e4 on sek\u00e4 yhden ett\u00e4 kahden hengen kajakkeja, jotka ovat helppoja k\u00e4sitell\u00e4 my\u00f6s aloittelijoille.<\/p>\n<p>Pukeuduthan melontaretkelle niin, ett\u00e4 olet suojautunut kylm\u00e4lt\u00e4, roiskeilta ja porottavalta auringolta.<\/p>\n<\/div>\n<p><p>\n        <a href=\"http:\/\/elamyspoukama.fi\/yhteystiedot\/\">Ota yhteytt\u00e4 ><\/a>\n    <\/p>\n<\/p>\n<div>\n<div>\n<h3>Sauna &amp; majoitus<\/h3>\n<p>Yhdist\u00e4 veneretkeen rentouttava saunailta. El\u00e4myspoukamasta l\u00f6ytyy useampi saunaosasto paljuineen miss\u00e4 on mukava rentoutua p\u00e4iv\u00e4n p\u00e4\u00e4tteeksi.<\/p>\n<h3>Vai j\u00e4isitk\u00f6 y\u00f6ksi?<\/h3>\n<p><a href=\"https:\/\/elamyspoukama.fi\/hotelli-poukama\/\">El\u00e4myshotelli Poukama<\/a> on ainutlaatuinen hotelli Porvoossa! Hotellihuoneiden lis\u00e4ksi voit valita majoitukseen vaikka Tentsile puuteltan joko saaressa tai Hotellin l\u00e4heisyydess\u00e4.<\/p>\n<h3>Olemme l\u00e4hell\u00e4<\/h3>\n<p>Em\u00e4salontie 152<br \/>06950 Porvoo<br \/><a href=\"tel:+358207330000\">020 733 0000<\/a> <br \/>tapahtumat(at)elamyspoukama.fi<\/p>\n<p>Olemme vain noin 15 minuutin p\u00e4\u00e4ss\u00e4 Porvoon keskustasta ja alle tunnin ajomatkan p\u00e4\u00e4ss\u00e4 Helsingist\u00e4.<\/p>\n<\/div>\n<\/div>\n<div>\n<p>        <img decoding=\"async\" src=\"\/wp-content\/uploads\/2018\/04\/kunnonpaiva.jpg\" alt=\"\"><\/p>\n<h3>Melonta sopii kaikille!<\/h3>\n<div>\n<h2><\/h2>\n<p>Melonta parantaa fyysist\u00e4 ja henkist\u00e4 hyvinvointia. Kun tekniikka on kohdillaan, melonta on kokonaisvaltaista liikuntaa, joka vahvistaa keskivartaloa, jalkoja ja k\u00e4si\u00e4 \u2013 koko kehoa.<\/p>\n<p>Melonta sopii erityisen hyvin toimistoty\u00f6t\u00e4 tekeville, sill\u00e4 se pist\u00e4\u00e4 sel\u00e4n kiert\u00e4m\u00e4\u00e4n puolelta toiselle ja vahvistaa t\u00e4rkeit\u00e4 tukilihaksia.<\/p>\n<\/div>\n<\/div>\n<div>\n<p>        <img decoding=\"async\" src=\"\/wp-content\/uploads\/2018\/04\/mustijoki_melonta.jpg\" alt=\"\"><\/p>\n<h3>Melontaretki oppaan johdolla <\/h3>\n<div>\n<p>Melontaretki Porvoon Poukamassa vie sinut oppaan johdolla kauniiseen saaristomaisemaan nauttimaan luonnosta ja sen kiireett\u00f6myydest\u00e4.<\/p>\n<p>Alueella on paljon lintuja, joten retken aikana voit vaikka bongailla harvinaisempiakin lajeja!<\/p>\n<p>Ennen vesille l\u00e4ht\u00f6\u00e4 j\u00e4rjestet\u00e4\u00e4n lyhyt melontakurssi, jossa opas k\u00e4y l\u00e4pi melonnan tekniikan sek\u00e4 turvallisuusasiat. Puemme pelastusliivit, ja opas auttaa vieraat kajakkeihin. Melontakalustona k\u00e4ytet\u00e4\u00e4n yhden ja kahden hengen kajakkeja, jotka ovat helppoja ensikertalaisillekin.<\/p>\n<p>Kun kaikki ovat turvallisesti vesill\u00e4, l\u00e4hdemme oppaan johdolla melomaan pitkin saaristoa.<\/p>\n<p>J\u00e4rjest\u00e4mme eritasoisia ja -pituisia retki\u00e4 kunkin porukan omien toiveiden mukaan.\u00a0<\/p>\n<\/div>\n<\/div>\n<h2>Haluatko vuokrata melontav\u00e4lineet omatoimiselle retkelle?<\/h2>\n<div>\n<p>Vuorattava melontakalusto l\u00f6ytyy el\u00e4myspoukaman <a href=\"https:\/\/elamyspoukama.fi\/verkkokauppa\/\">verkkokaupasta.<\/a> Valittavana\u00a0 on sek\u00e4 kajakkiyksik\u00f6it\u00e4 ett\u00e4 kaksikoita.<\/p>\n<p>Varaa my\u00f6s retkiev\u00e4\u00e4t valmiiksi pakattuina huolettomille retkille porvoon saaristoon.<\/p>\n<h3>Haluatko y\u00f6py\u00e4 melontaretkell\u00e4?<\/h3>\n<p>Meilt\u00e4 voit varata y\u00f6pymist\u00e4 varten Kunuholman saareen. Saaren laavulla on mukava viett\u00e4\u00e4 iltaa ja valmistella ateriat melontap\u00e4iv\u00e4n p\u00e4\u00e4tteeksi.\u00a0<\/p>\n<p>Meilt\u00e4 saat my\u00f6s tarvittaessa vuokrattua riippumattoja y\u00f6pymiseen.<\/p>\n<\/p>\n<\/div>\n<div>\n<h2>Melonta Porvoon saaristossa on ihana kokemus!<\/h2>\n<\/p>\n<\/div>\n<p><p>\n        <a href=\"http:\/\/elamyspoukama.fi\/yhteystiedot\/\">Ota yhteytt\u00e4 ><\/a>\n    <\/p>\n<\/p>\n<p><!--more--><br \/>\n<!-- {\"name\":\"kokoustilat 11032019\",\"type\":\"layout\",\"children\":[{\"type\":\"section\",\"props\":{\"height\":\"viewport\",\"height_viewport\":60,\"image\":\"wp-content\\\/uploads\\\/2025\\\/04\\\/Photo-24.5.2024-13.28.35-1-scaled.jpg\",\"image_height\":1080,\"image_position\":\"center-center\",\"image_size\":\"cover\",\"image_width\":1980,\"style\":\"default\",\"title_breakpoint\":\"xl\",\"title_position\":\"top-left\",\"title_rotation\":\"left\",\"vertical_align\":\"middle\",\"width\":\"default\"},\"children\":[{\"type\":\"row\",\"children\":[{\"type\":\"column\",\"props\":{\"image_position\":\"center-center\",\"position_sticky_breakpoint\":\"m\"},\"children\":[{\"type\":\"panel\",\"props\":{\"content_column_breakpoint\":\"m\",\"icon_width\":80,\"image_align\":\"top\",\"image_grid_breakpoint\":\"m\",\"image_grid_width\":\"1-2\",\"image_svg_color\":\"emphasis\",\"link_style\":\"default\",\"link_text\":\"Read more\",\"margin\":\"default\",\"meta_align\":\"below-title\",\"meta_element\":\"div\",\"meta_style\":\"text-meta\",\"panel_padding\":\"default\",\"panel_style\":\"tile-secondary\",\"title\":\"MELONTAA PORVOOSSA\",\"title_align\":\"top\",\"title_element\":\"h3\",\"title_grid_breakpoint\":\"m\",\"title_grid_width\":\"1-2\",\"title_hover_style\":\"reset\",\"title_style\":\"heading-large\"}}]}]}]},{\"name\":\"Alku\",\"type\":\"section\",\"props\":{\"animation_delay\":false,\"image_position\":\"center-center\",\"overlap\":true,\"padding_remove_bottom\":true,\"padding_remove_top\":true,\"style\":\"default\",\"title_breakpoint\":\"xl\",\"title_position\":\"top-left\",\"title_rotation\":\"left\",\"vertical_align\":\"\",\"width\":\"\"},\"children\":[{\"type\":\"row\",\"props\":{\"margin_remove_bottom\":false},\"children\":[{\"type\":\"column\",\"props\":{\"image_position\":\"center-center\",\"position_sticky_breakpoint\":\"m\",\"width_medium\":\"1-1\"}}]},{\"type\":\"row\",\"props\":{\"layout\":\"2-3,1-3\",\"margin\":\"remove-vertical\",\"margin_remove_bottom\":false,\"margin_remove_top\":false,\"width\":\"large\"},\"children\":[{\"type\":\"column\",\"props\":{\"image_effect\":\"parallax\",\"image_height\":\"310\",\"image_parallax_bgy\":\"-110,-250\",\"image_parallax_easing\":\"1\",\"image_position\":\"top-left\",\"image_width\":\"260\",\"position_sticky_breakpoint\":\"m\",\"style\":\"tile-default\",\"width_medium\":\"2-3\"},\"children\":[{\"type\":\"headline\",\"props\":{\"content\":\"Melonta Porvoon saaristossa\",\"margin\":\"medium\",\"margin_remove_bottom\":true,\"margin_remove_top\":false,\"title_element\":\"h1\"}},{\"type\":\"text\",\"props\":{\"column_breakpoint\":\"l\",\"column_divider\":false,\"content\":\"\n\n<p>L\\u00e4hde saariston vesille rentoutumaan el\\u00e4myksellisille melontaretkelle. Olit sitten aloittelija tai kokeneempi meloja niin El\\u00e4myspoukaman ohjatuista retkist\\u00e4 l\\u00f6yd\\u00e4t sopivan vaihtoehdon.<\\\/p>\\n\n\n<p>Ammattitaitoiset ja koulutetut ohjaajamme neuvovat sinua melonnan perusteissa ja huolehtivat turvallisuudestasi koko melontaretken aikana.<\\\/p>\\n\n\n<p>Melontaretkill\\u00e4mme p\\u00e4\\u00e4set tutustumaan kauniiseen saaristoluontoon, sen rikkaaseen linnustoon ja vaihtelevaan maastoon. Melontaretken aikana voimme nousta omalle saarellemme, jossa nautimme l\\u00e4mpim\\u00e4t nokipannukahvit laavun suojissa. Saarelle voidaan j\\u00e4rjest\\u00e4\\u00e4 my\\u00f6s y\\u00f6pyminen. Melonta Porvoon saaristossa on aina el\\u00e4mys!<\\\/p>\\n\n\n<h2>Melontakokeilut aloittelijoille<\\\/h2>\\n\n\n<p>El\\u00e4myspoukaman ranta sopii hyvin my\\u00f6s aloittelijoille, sill\\u00e4 alue on suojaisa ja meri tyyni. Aivan aloittelijat p\\u00e4\\u00e4sev\\u00e4t siten kokeilemaan melontaa turvallisesti.<\\\/p>\\n\n\n<p>Meill\\u00e4 on sek\\u00e4 yhden ett\\u00e4 kahden hengen kajakkeja, jotka ovat helppoja k\\u00e4sitell\\u00e4 my\\u00f6s aloittelijoille.<\\\/p>\\n\n\n<p>Pukeuduthan melontaretkelle niin, ett\\u00e4 olet suojautunut kylm\\u00e4lt\\u00e4, roiskeilta ja porottavalta auringolta.<\\\/p>\",\"margin\":\"default\",\"maxwidth\":\"2xlarge\",\"text_align_fallback\":\"left\"}},{\"type\":\"button\",\"props\":{\"grid_column_gap\":\"small\",\"grid_row_gap\":\"small\",\"margin\":\"default\"},\"children\":[{\"type\":\"button_item\",\"props\":{\"button_style\":\"primary\",\"content\":\"Ota yhteytt\\u00e4 >\",\"dialog_layout\":\"modal\",\"dialog_offcanvas_flip\":true,\"icon_align\":\"left\",\"link\":\"http:\\\/\\\/elamyspoukama.fi\\\/yhteystiedot\\\/\"}}]}]},{\"type\":\"column\",\"props\":{\"image_position\":\"center-center\",\"position_sticky_breakpoint\":\"m\",\"preserve_color\":false,\"width_medium\":\"1-3\"},\"children\":[{\"name\":\"Sivupaneeli (sauna&majoitus yms.)\",\"type\":\"panel\",\"props\":{\"animation\":\"parallax\",\"content\":\"\n\n<h3>Sauna &amp; majoitus<\\\/h3>\\n\n\n<p>Yhdist\\u00e4 veneretkeen rentouttava saunailta. El\\u00e4myspoukamasta l\\u00f6ytyy useampi saunaosasto paljuineen miss\\u00e4 on mukava rentoutua p\\u00e4iv\\u00e4n p\\u00e4\\u00e4tteeksi.<\\\/p>\\n\n\n<h3>Vai j\\u00e4isitk\\u00f6 y\\u00f6ksi?<\\\/h3>\\n\n\n<p><a href=\\\"https:\\\/\\\/elamyspoukama.fi\\\/hotelli-poukama\\\/\\\">El\\u00e4myshotelli Poukama<\\\/a> on ainutlaatuinen hotelli Porvoossa! Hotellihuoneiden lis\\u00e4ksi voit valita majoitukseen vaikka Tentsile puuteltan joko saaressa tai Hotellin l\\u00e4heisyydess\\u00e4.<\\\/p>\\n\n\n<h3>Olemme l\\u00e4hell\\u00e4<\\\/h3>\\n\n\n<p>Em\\u00e4salontie 152<br \\\/>06950 Porvoo<br \\\/><a href=\\\"tel:+358207330000\\\">020 733 0000<\\\/a> <br \\\/>tapahtumat(at)elamyspoukama.fi<\\\/p>\\n\n\n<p>Olemme vain noin 15 minuutin p\\u00e4\\u00e4ss\\u00e4 Porvoon keskustasta ja alle tunnin ajomatkan p\\u00e4\\u00e4ss\\u00e4 Helsingist\\u00e4.<\\\/p>\",\"content_column_breakpoint\":\"m\",\"icon_width\":80,\"image_align\":\"top\",\"image_grid_breakpoint\":\"m\",\"image_grid_width\":\"1-2\",\"image_svg_color\":\"emphasis\",\"link_style\":\"default\",\"link_text\":\"Read more\",\"margin\":\"remove-vertical\",\"meta_align\":\"below-title\",\"meta_element\":\"div\",\"meta_style\":\"text-meta\",\"panel_padding\":\"small\",\"panel_style\":\"card-secondary\",\"parallax_breakpoint\":\"l\",\"parallax_easing\":\"1\",\"parallax_target\":\"!.uk-section\",\"parallax_y\":\"-80,110\",\"parallax_zindex\":false,\"title_align\":\"top\",\"title_element\":\"h3\",\"title_grid_breakpoint\":\"m\",\"title_grid_width\":\"1-2\",\"title_hover_style\":\"reset\"}}]}]}]},{\"name\":\"sauna\",\"type\":\"section\",\"props\":{\"image_position\":\"center-center\",\"overlap\":true,\"style\":\"primary\",\"title_breakpoint\":\"xl\",\"title_position\":\"top-left\",\"title_rotation\":\"left\",\"vertical_align\":\"\",\"width\":\"large\"},\"children\":[{\"type\":\"row\",\"children\":[{\"type\":\"column\",\"props\":{\"image_position\":\"center-center\",\"position_sticky_breakpoint\":\"m\",\"width_medium\":\"1-1\"},\"children\":[{\"type\":\"panel\",\"props\":{\"content\":\"\n\n<h2><\\\/h2>\\n\n\n<p>Melonta parantaa fyysist\\u00e4 ja henkist\\u00e4 hyvinvointia. Kun tekniikka on kohdillaan, melonta on kokonaisvaltaista liikuntaa, joka vahvistaa keskivartaloa, jalkoja ja k\\u00e4si\\u00e4 \\u2013 koko kehoa.<\\\/p>\\n\n\n<p>Melonta sopii erityisen hyvin toimistoty\\u00f6t\\u00e4 tekeville, sill\\u00e4 se pist\\u00e4\\u00e4 sel\\u00e4n kiert\\u00e4m\\u00e4\\u00e4n puolelta toiselle ja vahvistaa t\\u00e4rkeit\\u00e4 tukilihaksia.<\\\/p>\",\"content_column_breakpoint\":\"m\",\"icon_width\":80,\"image\":\"wp-content\\\/uploads\\\/2018\\\/04\\\/kunnonpaiva.jpg\",\"image_align\":\"left\",\"image_grid_breakpoint\":\"m\",\"image_grid_width\":\"1-2\",\"image_svg_color\":\"emphasis\",\"link_style\":\"text\",\"link_text\":\"\",\"margin\":\"default\",\"meta_align\":\"below-title\",\"meta_element\":\"div\",\"meta_style\":\"text-meta\",\"title\":\"Melonta sopii kaikille!\",\"title_align\":\"top\",\"title_element\":\"h3\",\"title_grid_breakpoint\":\"m\",\"title_grid_width\":\"1-2\",\"title_hover_style\":\"reset\",\"title_style\":\"h2\"}}]}]}]},{\"type\":\"section\",\"props\":{\"image_position\":\"center-center\",\"style\":\"default\",\"title_breakpoint\":\"xl\",\"title_position\":\"top-left\",\"title_rotation\":\"left\",\"vertical_align\":\"\",\"width\":\"large\"},\"children\":[{\"type\":\"row\",\"children\":[{\"type\":\"column\",\"props\":{\"image_position\":\"center-center\",\"position_sticky_breakpoint\":\"m\",\"width_medium\":\"1-1\"},\"children\":[{\"type\":\"panel\",\"props\":{\"content\":\"\n\n<p>Melontaretki Porvoon Poukamassa vie sinut oppaan johdolla kauniiseen saaristomaisemaan nauttimaan luonnosta ja sen kiireett\\u00f6myydest\\u00e4.<\\\/p>\\n\n\n<p>Alueella on paljon lintuja, joten retken aikana voit vaikka bongailla harvinaisempiakin lajeja!<\\\/p>\\n\n\n<p>Ennen vesille l\\u00e4ht\\u00f6\\u00e4 j\\u00e4rjestet\\u00e4\\u00e4n lyhyt melontakurssi, jossa opas k\\u00e4y l\\u00e4pi melonnan tekniikan sek\\u00e4 turvallisuusasiat. Puemme pelastusliivit, ja opas auttaa vieraat kajakkeihin. Melontakalustona k\\u00e4ytet\\u00e4\\u00e4n yhden ja kahden hengen kajakkeja, jotka ovat helppoja ensikertalaisillekin.<\\\/p>\\n\n\n<p>Kun kaikki ovat turvallisesti vesill\\u00e4, l\\u00e4hdemme oppaan johdolla melomaan pitkin saaristoa.<\\\/p>\\n\n\n<p>J\\u00e4rjest\\u00e4mme eritasoisia ja -pituisia retki\\u00e4 kunkin porukan omien toiveiden mukaan.\\u00a0<\\\/p>\",\"content_column_breakpoint\":\"m\",\"icon_width\":80,\"image\":\"wp-content\\\/uploads\\\/2018\\\/04\\\/mustijoki_melonta.jpg\",\"image_align\":\"right\",\"image_grid_breakpoint\":\"m\",\"image_grid_width\":\"1-2\",\"image_svg_color\":\"emphasis\",\"link_style\":\"default\",\"link_text\":\"Read more\",\"margin\":\"default\",\"meta_align\":\"below-title\",\"meta_element\":\"div\",\"meta_style\":\"text-meta\",\"title\":\"Melontaretki oppaan johdolla \",\"title_align\":\"top\",\"title_element\":\"h3\",\"title_grid_breakpoint\":\"m\",\"title_grid_width\":\"1-2\",\"title_hover_style\":\"reset\"}},{\"type\":\"headline\",\"props\":{\"content\":\"Haluatko vuokrata melontav\\u00e4lineet omatoimiselle retkelle?\",\"title_element\":\"h2\"}},{\"type\":\"text\",\"props\":{\"column_breakpoint\":\"m\",\"content\":\"\n\n<p>Vuorattava melontakalusto l\\u00f6ytyy el\\u00e4myspoukaman <a href=\\\"https:\\\/\\\/elamyspoukama.fi\\\/verkkokauppa\\\/\\\">verkkokaupasta.<\\\/a> Valittavana\\u00a0 on sek\\u00e4 kajakkiyksik\\u00f6it\\u00e4 ett\\u00e4 kaksikoita.<\\\/p>\\n\n\n<p>Varaa my\\u00f6s retkiev\\u00e4\\u00e4t valmiiksi pakattuina huolettomille retkille porvoon saaristoon.<\\\/p>\\n\n\n<h3>Haluatko y\\u00f6py\\u00e4 melontaretkell\\u00e4?<\\\/h3>\\n\n\n<p>Meilt\\u00e4 voit varata y\\u00f6pymist\\u00e4 varten Kunuholman saareen. Saaren laavulla on mukava viett\\u00e4\\u00e4 iltaa ja valmistella ateriat melontap\\u00e4iv\\u00e4n p\\u00e4\\u00e4tteeksi.\\u00a0<\\\/p>\\n\n\n<p>Meilt\\u00e4 saat my\\u00f6s tarvittaessa vuokrattua riippumattoja y\\u00f6pymiseen.<\\\/p>\\n\n\n<p><\\\/p>\",\"margin\":\"default\"}}]}]}]},{\"type\":\"section\",\"props\":{\"image_position\":\"center-center\",\"style\":\"default\",\"title_breakpoint\":\"xl\",\"title_position\":\"top-left\",\"title_rotation\":\"left\",\"vertical_align\":\"\",\"width\":\"large\"},\"children\":[{\"type\":\"row\",\"children\":[{\"type\":\"column\",\"props\":{\"image_position\":\"center-center\",\"position_sticky_breakpoint\":\"m\",\"width_medium\":\"1-1\"},\"children\":[{\"type\":\"text\",\"props\":{\"column_breakpoint\":\"m\",\"content\":\"\n\n<h2>Melonta Porvoon saaristossa on ihana kokemus!<\\\/h2>\\n\n\n<p><\\\/p>\",\"margin\":\"default\"}},{\"type\":\"button\",\"props\":{\"grid_column_gap\":\"small\",\"grid_row_gap\":\"small\",\"margin\":\"default\"},\"children\":[{\"type\":\"button_item\",\"props\":{\"button_style\":\"primary\",\"content\":\"Ota yhteytt\\u00e4 >\",\"dialog_layout\":\"modal\",\"dialog_offcanvas_flip\":true,\"icon_align\":\"left\",\"link\":\"http:\\\/\\\/elamyspoukama.fi\\\/yhteystiedot\\\/\"}}]}]}]}]}],\"version\":\"4.5.13\"} --><\/p>\n","protected":false},"excerpt":{"rendered":"<p>MELONTAA PORVOOSSA Melonta Porvoon saaristossa L\u00e4hde saariston vesille rentoutumaan el\u00e4myksellisille melontaretkelle. Olit sitten aloittelija tai kokeneempi meloja niin El\u00e4myspoukaman ohjatuista retkist\u00e4 l\u00f6yd\u00e4t sopivan vaihtoehdon. Ammattitaitoiset ja koulutetut ohjaajamme neuvovat sinua [&hellip;]<\/p>\n","protected":false},"author":6,"featured_media":0,"parent":32393,"menu_order":2,"comment_status":"closed","ping_status":"closed","template":"","meta":{"_price":"","_stock":"","_tribe_ticket_header":"","_tribe_default_ticket_provider":"","_tribe_ticket_capacity":"0","_ticket_start_date":"","_ticket_end_date":"","_tribe_ticket_show_description":"","_tribe_ticket_show_not_going":false,"_tribe_ticket_use_global_stock":"","_tribe_ticket_global_stock_level":"","_global_stock_mode":"","_global_stock_cap":"","_tribe_rsvp_for_event":"","_tribe_ticket_going_count":"","_tribe_ticket_not_going_count":"","_tribe_tickets_list":"[]","_tribe_ticket_has_attendee_info_fields":false,"footnotes":"","_tec_slr_enabled":"","_tec_slr_layout":""},"class_list":["post-22806","page","type-page","status-publish","hentry"],"yoast_head":"<!-- This site is optimized with the Yoast SEO Premium plugin v27.3 (Yoast SEO v27.3) - https:\/\/yoast.com\/product\/yoast-seo-premium-wordpress\/ -->\n<title>Melonta Porvoon saaristossa - El\u00e4myspoukama - Porvoo<\/title>\n<meta name=\"description\" content=\"Melonta Porvoon saaristossa on el\u00e4mys joka sopii kaikille. Upeita melontakohteita p\u00e4iv\u00e4retkille ja y\u00f6pymiseen.\" \/>\n<meta name=\"robots\" content=\"index, follow, max-snippet:-1, max-image-preview:large, max-video-preview:-1\" \/>\n<link rel=\"canonical\" href=\"https:\/\/elamyspoukama.fi\/aktiviteetit\/melonta\/\" \/>\n<meta property=\"og:locale\" content=\"en_US\" \/>\n<meta property=\"og:type\" content=\"article\" \/>\n<meta property=\"og:title\" content=\"Melonta\" \/>\n<meta property=\"og:description\" content=\"Melonta Porvoon saaristossa on el\u00e4mys joka sopii kaikille. Upeita melontakohteita p\u00e4iv\u00e4retkille ja y\u00f6pymiseen.\" \/>\n<meta property=\"og:url\" content=\"https:\/\/elamyspoukama.fi\/aktiviteetit\/melonta\/\" \/>\n<meta property=\"og:site_name\" content=\"El\u00e4myspoukama\" \/>\n<meta property=\"article:publisher\" content=\"https:\/\/www.facebook.com\/Kokouspoukama\/\" \/>\n<meta property=\"article:modified_time\" content=\"2025-04-16T07:00:43+00:00\" \/>\n<meta name=\"twitter:card\" content=\"summary_large_image\" \/>\n<meta name=\"twitter:label1\" content=\"Est. reading time\" \/>\n\t<meta name=\"twitter:data1\" content=\"5 minutes\" \/>\n<script type=\"application\/ld+json\" class=\"yoast-schema-graph\">{\"@context\":\"https:\\\/\\\/schema.org\",\"@graph\":[{\"@type\":\"WebPage\",\"@id\":\"https:\\\/\\\/elamyspoukama.fi\\\/aktiviteetit\\\/melonta\\\/\",\"url\":\"https:\\\/\\\/elamyspoukama.fi\\\/aktiviteetit\\\/melonta\\\/\",\"name\":\"Melonta Porvoon saaristossa - El\u00e4myspoukama - Porvoo\",\"isPartOf\":{\"@id\":\"https:\\\/\\\/elamyspoukama.fi\\\/#website\"},\"datePublished\":\"2019-10-10T07:18:59+00:00\",\"dateModified\":\"2025-04-16T07:00:43+00:00\",\"description\":\"Melonta Porvoon saaristossa on el\u00e4mys joka sopii kaikille. Upeita melontakohteita p\u00e4iv\u00e4retkille ja y\u00f6pymiseen.\",\"breadcrumb\":{\"@id\":\"https:\\\/\\\/elamyspoukama.fi\\\/aktiviteetit\\\/melonta\\\/#breadcrumb\"},\"inLanguage\":\"en-US\",\"potentialAction\":[{\"@type\":\"ReadAction\",\"target\":[\"https:\\\/\\\/elamyspoukama.fi\\\/aktiviteetit\\\/melonta\\\/\"]}]},{\"@type\":\"BreadcrumbList\",\"@id\":\"https:\\\/\\\/elamyspoukama.fi\\\/aktiviteetit\\\/melonta\\\/#breadcrumb\",\"itemListElement\":[{\"@type\":\"ListItem\",\"position\":1,\"name\":\"Home\",\"item\":\"https:\\\/\\\/elamyspoukama.fi\\\/en\\\/\"},{\"@type\":\"ListItem\",\"position\":2,\"name\":\"aktiviteetit\",\"item\":\"https:\\\/\\\/elamyspoukama.fi\\\/aktiviteetit\\\/\"},{\"@type\":\"ListItem\",\"position\":3,\"name\":\"Melonta\"}]},{\"@type\":\"WebSite\",\"@id\":\"https:\\\/\\\/elamyspoukama.fi\\\/#website\",\"url\":\"https:\\\/\\\/elamyspoukama.fi\\\/\",\"name\":\"El\u00e4myspoukama\",\"description\":\"Tekemist\u00e4 porvoossa\",\"publisher\":{\"@id\":\"https:\\\/\\\/elamyspoukama.fi\\\/#organization\"},\"potentialAction\":[{\"@type\":\"SearchAction\",\"target\":{\"@type\":\"EntryPoint\",\"urlTemplate\":\"https:\\\/\\\/elamyspoukama.fi\\\/?s={search_term_string}\"},\"query-input\":{\"@type\":\"PropertyValueSpecification\",\"valueRequired\":true,\"valueName\":\"search_term_string\"}}],\"inLanguage\":\"en-US\"},{\"@type\":\"Organization\",\"@id\":\"https:\\\/\\\/elamyspoukama.fi\\\/#organization\",\"name\":\"Kokouspoukama\",\"url\":\"https:\\\/\\\/elamyspoukama.fi\\\/\",\"logo\":{\"@type\":\"ImageObject\",\"inLanguage\":\"en-US\",\"@id\":\"https:\\\/\\\/elamyspoukama.fi\\\/#\\\/schema\\\/logo\\\/image\\\/\",\"url\":\"https:\\\/\\\/elamyspoukama.fi\\\/wp-content\\\/uploads\\\/2018\\\/06\\\/Poukama_logo_secondary_black-e1530794758505.png\",\"contentUrl\":\"https:\\\/\\\/elamyspoukama.fi\\\/wp-content\\\/uploads\\\/2018\\\/06\\\/Poukama_logo_secondary_black-e1530794758505.png\",\"width\":200,\"height\":200,\"caption\":\"Kokouspoukama\"},\"image\":{\"@id\":\"https:\\\/\\\/elamyspoukama.fi\\\/#\\\/schema\\\/logo\\\/image\\\/\"},\"sameAs\":[\"https:\\\/\\\/www.facebook.com\\\/Kokouspoukama\\\/\",\"https:\\\/\\\/www.instagram.com\\\/kokouspoukama\\\/\"]}]}<\/script>\n<!-- \/ Yoast SEO Premium plugin. -->","yoast_head_json":{"title":"Melonta Porvoon saaristossa - El\u00e4myspoukama - Porvoo","description":"Melonta Porvoon saaristossa on el\u00e4mys joka sopii kaikille. Upeita melontakohteita p\u00e4iv\u00e4retkille ja y\u00f6pymiseen.","robots":{"index":"index","follow":"follow","max-snippet":"max-snippet:-1","max-image-preview":"max-image-preview:large","max-video-preview":"max-video-preview:-1"},"canonical":"https:\/\/elamyspoukama.fi\/aktiviteetit\/melonta\/","og_locale":"en_US","og_type":"article","og_title":"Melonta","og_description":"Melonta Porvoon saaristossa on el\u00e4mys joka sopii kaikille. Upeita melontakohteita p\u00e4iv\u00e4retkille ja y\u00f6pymiseen.","og_url":"https:\/\/elamyspoukama.fi\/aktiviteetit\/melonta\/","og_site_name":"El\u00e4myspoukama","article_publisher":"https:\/\/www.facebook.com\/Kokouspoukama\/","article_modified_time":"2025-04-16T07:00:43+00:00","twitter_card":"summary_large_image","twitter_misc":{"Est. reading time":"5 minutes"},"schema":{"@context":"https:\/\/schema.org","@graph":[{"@type":"WebPage","@id":"https:\/\/elamyspoukama.fi\/aktiviteetit\/melonta\/","url":"https:\/\/elamyspoukama.fi\/aktiviteetit\/melonta\/","name":"Melonta Porvoon saaristossa - El\u00e4myspoukama - Porvoo","isPartOf":{"@id":"https:\/\/elamyspoukama.fi\/#website"},"datePublished":"2019-10-10T07:18:59+00:00","dateModified":"2025-04-16T07:00:43+00:00","description":"Melonta Porvoon saaristossa on el\u00e4mys joka sopii kaikille. Upeita melontakohteita p\u00e4iv\u00e4retkille ja y\u00f6pymiseen.","breadcrumb":{"@id":"https:\/\/elamyspoukama.fi\/aktiviteetit\/melonta\/#breadcrumb"},"inLanguage":"en-US","potentialAction":[{"@type":"ReadAction","target":["https:\/\/elamyspoukama.fi\/aktiviteetit\/melonta\/"]}]},{"@type":"BreadcrumbList","@id":"https:\/\/elamyspoukama.fi\/aktiviteetit\/melonta\/#breadcrumb","itemListElement":[{"@type":"ListItem","position":1,"name":"Home","item":"https:\/\/elamyspoukama.fi\/en\/"},{"@type":"ListItem","position":2,"name":"aktiviteetit","item":"https:\/\/elamyspoukama.fi\/aktiviteetit\/"},{"@type":"ListItem","position":3,"name":"Melonta"}]},{"@type":"WebSite","@id":"https:\/\/elamyspoukama.fi\/#website","url":"https:\/\/elamyspoukama.fi\/","name":"El\u00e4myspoukama","description":"Tekemist\u00e4 porvoossa","publisher":{"@id":"https:\/\/elamyspoukama.fi\/#organization"},"potentialAction":[{"@type":"SearchAction","target":{"@type":"EntryPoint","urlTemplate":"https:\/\/elamyspoukama.fi\/?s={search_term_string}"},"query-input":{"@type":"PropertyValueSpecification","valueRequired":true,"valueName":"search_term_string"}}],"inLanguage":"en-US"},{"@type":"Organization","@id":"https:\/\/elamyspoukama.fi\/#organization","name":"Kokouspoukama","url":"https:\/\/elamyspoukama.fi\/","logo":{"@type":"ImageObject","inLanguage":"en-US","@id":"https:\/\/elamyspoukama.fi\/#\/schema\/logo\/image\/","url":"https:\/\/elamyspoukama.fi\/wp-content\/uploads\/2018\/06\/Poukama_logo_secondary_black-e1530794758505.png","contentUrl":"https:\/\/elamyspoukama.fi\/wp-content\/uploads\/2018\/06\/Poukama_logo_secondary_black-e1530794758505.png","width":200,"height":200,"caption":"Kokouspoukama"},"image":{"@id":"https:\/\/elamyspoukama.fi\/#\/schema\/logo\/image\/"},"sameAs":["https:\/\/www.facebook.com\/Kokouspoukama\/","https:\/\/www.instagram.com\/kokouspoukama\/"]}]}},"ticketed":false,"_links":{"self":[{"href":"https:\/\/elamyspoukama.fi\/en\/wp-json\/wp\/v2\/pages\/22806","targetHints":{"allow":["GET"]}}],"collection":[{"href":"https:\/\/elamyspoukama.fi\/en\/wp-json\/wp\/v2\/pages"}],"about":[{"href":"https:\/\/elamyspoukama.fi\/en\/wp-json\/wp\/v2\/types\/page"}],"author":[{"embeddable":true,"href":"https:\/\/elamyspoukama.fi\/en\/wp-json\/wp\/v2\/users\/6"}],"replies":[{"embeddable":true,"href":"https:\/\/elamyspoukama.fi\/en\/wp-json\/wp\/v2\/comments?post=22806"}],"version-history":[{"count":0,"href":"https:\/\/elamyspoukama.fi\/en\/wp-json\/wp\/v2\/pages\/22806\/revisions"}],"up":[{"embeddable":true,"href":"https:\/\/elamyspoukama.fi\/en\/wp-json\/wp\/v2\/pages\/32393"}],"wp:attachment":[{"href":"https:\/\/elamyspoukama.fi\/en\/wp-json\/wp\/v2\/media?parent=22806"}],"curies":[{"name":"wp","href":"https:\/\/api.w.org\/{rel}","templated":true}]}}