{"id":32475,"date":"2021-04-08T10:01:19","date_gmt":"2021-04-08T10:01:19","guid":{"rendered":"https:\/\/elamyspoukama.fi\/?page_id=32475"},"modified":"2023-07-13T08:15:51","modified_gmt":"2023-07-13T08:15:51","slug":"pyoraily","status":"publish","type":"page","link":"https:\/\/elamyspoukama.fi\/en\/pyoraily\/","title":{"rendered":"Py\u00f6r\u00e4ily"},"content":{"rendered":"<h1>\n<h1>Py\u00f6r\u00e4illen Porvoossa<\/h1>\n<\/h1>\n<div>\n<p>Porvoo on upea py\u00f6r\u00e4ilykaupunki. Alueelta l\u00f6ytyy lukemattomia hienoja py\u00f6r\u00e4ilykohteita, jotka ovat mukavasti ja helposti saavutettavissa, joko omalla tai vuokratulla py\u00f6r\u00e4ll\u00e4.<\/p>\n<p>Porvoon vanhakaupunki ja jokiranta ovat mukavia kohteita py\u00f6r\u00e4retkelle ja niiden kahvilat sek\u00e4 ravintolat toimivat pienen tauon pit\u00e4miseen py\u00f6r\u00e4retken lomassa.<\/p>\n<h2>Omatoimisesti vai ohjatusti ?<\/h2>\n<p>El\u00e4myspoukamasta voit l\u00e4hte\u00e4 ohjatuille py\u00f6r\u00e4retkille joilla ohjaajat pit\u00e4v\u00e4t ryhm\u00e4n turvallisuudesta huolta ja viev\u00e4t heid\u00e4t paikkoihin ja py\u00f6r\u00e4ilyreiteille, joihin et v\u00e4ltt\u00e4m\u00e4tt\u00e4 itse l\u00f6yt\u00e4isi.<\/p>\n<p>Py\u00f6r\u00e4retki vaihtoehtoja Porvoossa on monentasoisia, joten niin perheet kuin vauhdikkaampaa py\u00f6r\u00e4retke\u00e4 hakevat l\u00f6yt\u00e4v\u00e4t omansa. <br \/>My\u00f6s useamman p\u00e4iv\u00e4n retket ovat mahdollisia ja y\u00f6pyminen onnistuu mukavasti hotelli Poukamassa.<\/p>\n<p>Toki voit my\u00f6s vuokrata py\u00f6r\u00e4n ja tutustua alueeseen omatoimisesti. <br \/>Vuokrattavia py\u00f6ri\u00e4 Porvoossa l\u00f6ytyy niin s\u00e4hk\u00f6avusteisina kuin perinteisin\u00e4. Muista my\u00f6s kokeilla hauskoja KICKBIKE potkupy\u00f6ri\u00e4.<\/p>\n<h2>Tervetuloa py\u00f6r\u00e4ilem\u00e4\u00e4n Porvooseen !<\/h2>\n<\/div>\n<p>\n    <a href=\"http:\/\/elamyspoukama.fi\/yhteystiedot\/\">Ota yhteytt\u00e4 ><\/a>\n<\/p>\n<div>\n<div>\n<h3>Sauna &amp; majoitus<\/h3>\n<p>Yhdist\u00e4 py\u00f6r\u00e4retkeen rentouttava saunailta. El\u00e4myspoukamasta l\u00f6ytyy useampi saunaosasto paljuineen, miss\u00e4 on mukava rentoutua p\u00e4iv\u00e4n p\u00e4\u00e4tteeksi.<\/p>\n<h3>Vai j\u00e4isitk\u00f6 y\u00f6ksi?<\/h3>\n<p><a href=\"https:\/\/elamyspoukama.fi\/hotelli-poukama\/\">El\u00e4myshotelli Poukama<\/a> on ainutlaatuinen hotelli Porvoossa! Hotellihuoneiden lis\u00e4ksi voit valita majoitukseen vaikka riippumaton joko saaressa tai Hotellin l\u00e4heisyydess\u00e4.<\/p>\n<h3>Olemme l\u00e4hell\u00e4<\/h3>\n<p>Em\u00e4salontie 152<br \/>06950 Porvoo<br \/><a href=\"tel:+358207330000\">020 733 0000<\/a> <br \/>tapahtumat(at)elamyspoukama.fi<\/p>\n<p>Olemme vain noin 15 minuutin p\u00e4\u00e4ss\u00e4 Porvoon keskustasta ja alle tunnin ajomatkan p\u00e4\u00e4ss\u00e4 Helsingist\u00e4.<\/p>\n<\/div>\n<\/div>\n<div>\n<p>        <img decoding=\"async\" src=\"\/wp-content\/uploads\/2021\/03\/Kickbike-lepohetki-e1617004420410.jpg\" alt=\"\"><\/p>\n<h3>Py\u00f6r\u00e4ily sopii kaikille!<\/h3>\n<div>\n<h2><\/h2>\n<p>Py\u00f6r\u00e4ily parantaa fyysist\u00e4 ja henkist\u00e4 hyvinvointia. Kun tekniikka on kohdillaan, py\u00f6r\u00e4ily on kokonaisvaltaista liikuntaa, joka vahvistaa keskivartaloa, jalkoja ja k\u00e4si\u00e4 \u2013 koko kehoa. <br \/>Samalla n\u00e4et Porvoota hieman laajemmin kuin k\u00e4vellen.<\/p>\n<p>Py\u00f6r\u00e4ily sopii kaikille ja heille joille perinteinen polkupy\u00f6r\u00e4 tuntuu hankalalta ajoasennon takia voi apu l\u00f6yty\u00e4 KICKBIKE potkupy\u00f6rist\u00e4.<\/p>\n<\/div>\n<\/div>\n<p>\n    <a href=\"http:\/\/elamyspoukama.fi\/yhteystiedot\/\">Ota yhteytt\u00e4 ><\/a>\n<\/p>\n<p><!--more--><br \/>\n<!-- {\"children\":[{\"name\":\"Alku\",\"type\":\"section\",\"props\":{\"animation_delay\":false,\"height\":\"percent\",\"image\":\"wp-content\\\/uploads\\\/home-activities-03.jpg\",\"image_position\":\"center-center\",\"image_size\":\"cover\",\"media_blend_mode\":\"difference\",\"overlap\":true,\"padding_remove_bottom\":true,\"padding_remove_top\":true,\"style\":\"default\",\"title_breakpoint\":\"xl\",\"title_position\":\"top-left\",\"title_rotation\":\"left\",\"vertical_align\":\"middle\",\"width\":\"\"},\"children\":[{\"type\":\"row\",\"children\":[{\"type\":\"column\",\"props\":{\"image_position\":\"center-center\",\"position_sticky_breakpoint\":\"m\"}}]}]},{\"type\":\"section\",\"props\":{\"image_position\":\"center-center\",\"style\":\"default\",\"title_breakpoint\":\"xl\",\"title_position\":\"top-left\",\"title_rotation\":\"left\",\"vertical_align\":\"middle\",\"width\":\"default\"},\"children\":[{\"type\":\"row\",\"children\":[{\"type\":\"column\",\"props\":{\"image_position\":\"center-center\",\"position_sticky_breakpoint\":\"m\"},\"children\":[{\"type\":\"headline\",\"props\":{\"content\":\"\n\n<h1>Py\\u00f6r\\u00e4illen Porvoossa<\\\/h1>\",\"margin\":\"medium\",\"margin_remove_bottom\":true,\"margin_remove_top\":false,\"title_element\":\"h1\"}}]}],\"props\":{\"width\":\"xlarge\"}}]},{\"type\":\"section\",\"props\":{\"image_position\":\"center-center\",\"style\":\"default\",\"title_breakpoint\":\"xl\",\"title_position\":\"top-left\",\"title_rotation\":\"left\",\"vertical_align\":\"middle\",\"width\":\"xlarge\"},\"children\":[{\"type\":\"row\",\"props\":{\"layout\":\"2-3,1-3\"},\"children\":[{\"type\":\"column\",\"props\":{\"image_position\":\"center-center\",\"position_sticky_breakpoint\":\"m\",\"width_medium\":\"2-3\"},\"children\":[{\"type\":\"text\",\"props\":{\"column_breakpoint\":\"l\",\"column_divider\":false,\"content\":\"\n\n<p>Porvoo on upea py\\u00f6r\\u00e4ilykaupunki. Alueelta l\\u00f6ytyy lukemattomia hienoja py\\u00f6r\\u00e4ilykohteita, jotka ovat mukavasti ja helposti saavutettavissa, joko omalla tai vuokratulla py\\u00f6r\\u00e4ll\\u00e4.<\\\/p>\\n\n\n<p>Porvoon vanhakaupunki ja jokiranta ovat mukavia kohteita py\\u00f6r\\u00e4retkelle ja niiden kahvilat sek\\u00e4 ravintolat toimivat pienen tauon pit\\u00e4miseen py\\u00f6r\\u00e4retken lomassa.<\\\/p>\\n\n\n<h2>Omatoimisesti vai ohjatusti ?<\\\/h2>\\n\n\n<p>El\\u00e4myspoukamasta voit l\\u00e4hte\\u00e4 ohjatuille py\\u00f6r\\u00e4retkille joilla ohjaajat pit\\u00e4v\\u00e4t ryhm\\u00e4n turvallisuudesta huolta ja viev\\u00e4t heid\\u00e4t paikkoihin ja py\\u00f6r\\u00e4ilyreiteille, joihin et v\\u00e4ltt\\u00e4m\\u00e4tt\\u00e4 itse l\\u00f6yt\\u00e4isi.<\\\/p>\\n\n\n<p>Py\\u00f6r\\u00e4retki vaihtoehtoja Porvoossa on monentasoisia, joten niin perheet kuin vauhdikkaampaa py\\u00f6r\\u00e4retke\\u00e4 hakevat l\\u00f6yt\\u00e4v\\u00e4t omansa. <br \\\/>My\\u00f6s useamman p\\u00e4iv\\u00e4n retket ovat mahdollisia ja y\\u00f6pyminen onnistuu mukavasti hotelli Poukamassa.<\\\/p>\\n\n\n<p>Toki voit my\\u00f6s vuokrata py\\u00f6r\\u00e4n ja tutustua alueeseen omatoimisesti. <br \\\/>Vuokrattavia py\\u00f6ri\\u00e4 Porvoossa l\\u00f6ytyy niin s\\u00e4hk\\u00f6avusteisina kuin perinteisin\\u00e4. Muista my\\u00f6s kokeilla hauskoja KICKBIKE potkupy\\u00f6ri\\u00e4.<\\\/p>\\n\n\n<h2>Tervetuloa py\\u00f6r\\u00e4ilem\\u00e4\\u00e4n Porvooseen !<\\\/h2>\",\"margin\":\"default\",\"maxwidth\":\"2xlarge\",\"text_align_fallback\":\"left\"}},{\"type\":\"button\",\"props\":{\"grid_column_gap\":\"small\",\"grid_row_gap\":\"small\",\"margin\":\"default\"},\"children\":[{\"type\":\"button_item\",\"props\":{\"button_style\":\"primary\",\"content\":\"Ota yhteytt\\u00e4 >\",\"icon_align\":\"left\",\"link\":\"http:\\\/\\\/elamyspoukama.fi\\\/yhteystiedot\\\/\"}}]}]},{\"type\":\"column\",\"props\":{\"image_position\":\"center-center\",\"position_sticky_breakpoint\":\"m\",\"width_medium\":\"1-3\"},\"children\":[{\"name\":\"Sivupaneeli (sauna&majoitus yms.)\",\"type\":\"panel\",\"props\":{\"animation\":\"parallax\",\"content\":\"\n\n<h3>Sauna &amp; majoitus<\\\/h3>\\n\n\n<p>Yhdist\\u00e4 py\\u00f6r\\u00e4retkeen rentouttava saunailta. El\\u00e4myspoukamasta l\\u00f6ytyy useampi saunaosasto paljuineen, miss\\u00e4 on mukava rentoutua p\\u00e4iv\\u00e4n p\\u00e4\\u00e4tteeksi.<\\\/p>\\n\n\n<h3>Vai j\\u00e4isitk\\u00f6 y\\u00f6ksi?<\\\/h3>\\n\n\n<p><a href=\\\"https:\\\/\\\/elamyspoukama.fi\\\/hotelli-poukama\\\/\\\">El\\u00e4myshotelli Poukama<\\\/a> on ainutlaatuinen hotelli Porvoossa! Hotellihuoneiden lis\\u00e4ksi voit valita majoitukseen vaikka riippumaton joko saaressa tai Hotellin l\\u00e4heisyydess\\u00e4.<\\\/p>\\n\n\n<h3>Olemme l\\u00e4hell\\u00e4<\\\/h3>\\n\n\n<p>Em\\u00e4salontie 152<br \\\/>06950 Porvoo<br \\\/><a href=\\\"tel:+358207330000\\\">020 733 0000<\\\/a> <br \\\/>tapahtumat(at)elamyspoukama.fi<\\\/p>\\n\n\n<p>Olemme vain noin 15 minuutin p\\u00e4\\u00e4ss\\u00e4 Porvoon keskustasta ja alle tunnin ajomatkan p\\u00e4\\u00e4ss\\u00e4 Helsingist\\u00e4.<\\\/p>\",\"content_column_breakpoint\":\"m\",\"icon_width\":80,\"image_align\":\"top\",\"image_grid_breakpoint\":\"m\",\"image_grid_width\":\"1-2\",\"image_svg_color\":\"emphasis\",\"link_style\":\"default\",\"link_text\":\"Read more\",\"margin\":\"remove-vertical\",\"meta_align\":\"below-title\",\"meta_element\":\"div\",\"meta_style\":\"text-meta\",\"panel_padding\":\"small\",\"panel_style\":\"card-secondary\",\"parallax_breakpoint\":\"l\",\"parallax_easing\":\"1\",\"parallax_target\":\"!.uk-section\",\"parallax_y\":\"-80,110\",\"parallax_zindex\":false,\"title_align\":\"top\",\"title_element\":\"h3\",\"title_grid_breakpoint\":\"m\",\"title_grid_width\":\"1-2\",\"title_hover_style\":\"reset\"}}]}]}]},{\"name\":\"sauna\",\"type\":\"section\",\"props\":{\"image_position\":\"center-center\",\"overlap\":true,\"style\":\"primary\",\"title_breakpoint\":\"xl\",\"title_position\":\"top-left\",\"title_rotation\":\"left\",\"vertical_align\":\"middle\",\"width\":\"large\"},\"children\":[{\"type\":\"row\",\"children\":[{\"type\":\"column\",\"props\":{\"image_position\":\"center-center\",\"position_sticky_breakpoint\":\"m\",\"width_medium\":\"1-1\"},\"children\":[{\"type\":\"panel\",\"props\":{\"content\":\"\n\n<h2><\\\/h2>\\n\n\n<p>Py\\u00f6r\\u00e4ily parantaa fyysist\\u00e4 ja henkist\\u00e4 hyvinvointia. Kun tekniikka on kohdillaan, py\\u00f6r\\u00e4ily on kokonaisvaltaista liikuntaa, joka vahvistaa keskivartaloa, jalkoja ja k\\u00e4si\\u00e4 \\u2013 koko kehoa. <br \\\/>Samalla n\\u00e4et Porvoota hieman laajemmin kuin k\\u00e4vellen.<\\\/p>\\n\n\n<p>Py\\u00f6r\\u00e4ily sopii kaikille ja heille joille perinteinen polkupy\\u00f6r\\u00e4 tuntuu hankalalta ajoasennon takia voi apu l\\u00f6yty\\u00e4 KICKBIKE potkupy\\u00f6rist\\u00e4.<\\\/p>\",\"content_column_breakpoint\":\"m\",\"icon_width\":80,\"image\":\"wp-content\\\/uploads\\\/2021\\\/03\\\/Kickbike-lepohetki-e1617004420410.jpg\",\"image_align\":\"left\",\"image_grid_breakpoint\":\"m\",\"image_grid_width\":\"1-2\",\"image_svg_color\":\"emphasis\",\"link_style\":\"text\",\"link_text\":\"\",\"margin\":\"default\",\"meta_align\":\"below-title\",\"meta_element\":\"div\",\"meta_style\":\"text-meta\",\"title\":\"Py\\u00f6r\\u00e4ily sopii kaikille!\",\"title_align\":\"top\",\"title_element\":\"h3\",\"title_grid_breakpoint\":\"m\",\"title_grid_width\":\"1-2\",\"title_hover_style\":\"reset\",\"title_style\":\"h2\"}}]}]}]},{\"type\":\"section\",\"props\":{\"image_position\":\"center-center\",\"style\":\"default\",\"title_breakpoint\":\"xl\",\"title_position\":\"top-left\",\"title_rotation\":\"left\",\"vertical_align\":\"middle\",\"width\":\"large\"},\"children\":[{\"type\":\"row\",\"children\":[{\"type\":\"column\",\"props\":{\"image_position\":\"center-center\",\"position_sticky_breakpoint\":\"m\",\"width_medium\":\"1-1\"},\"children\":[{\"type\":\"button\",\"props\":{\"grid_column_gap\":\"small\",\"grid_row_gap\":\"small\",\"margin\":\"default\"},\"children\":[{\"type\":\"button_item\",\"props\":{\"button_style\":\"primary\",\"content\":\"Ota yhteytt\\u00e4 >\",\"icon_align\":\"left\",\"link\":\"http:\\\/\\\/elamyspoukama.fi\\\/yhteystiedot\\\/\"}}]}]}]}]}],\"version\":\"4.0.7\",\"type\":\"layout\"} --><\/p>\n","protected":false},"excerpt":{"rendered":"<p>Py\u00f6r\u00e4illen Porvoossa Porvoo on upea py\u00f6r\u00e4ilykaupunki. Alueelta l\u00f6ytyy lukemattomia hienoja py\u00f6r\u00e4ilykohteita, jotka ovat mukavasti ja helposti saavutettavissa, joko omalla tai vuokratulla py\u00f6r\u00e4ll\u00e4. Porvoon vanhakaupunki ja jokiranta ovat mukavia kohteita py\u00f6r\u00e4retkelle [&hellip;]<\/p>\n","protected":false},"author":6,"featured_media":0,"parent":0,"menu_order":0,"comment_status":"closed","ping_status":"closed","template":"","meta":{"footnotes":""},"class_list":["post-32475","page","type-page","status-publish","hentry"],"yoast_head":"<!-- This site is optimized with the Yoast SEO Premium plugin v27.4 (Yoast SEO v27.4) - https:\/\/yoast.com\/product\/yoast-seo-premium-wordpress\/ -->\n<title>Py\u00f6r\u00e4ily upeissa maisemissa - El\u00e4myspoukama - Porvoo<\/title>\n<meta name=\"robots\" content=\"index, follow, max-snippet:-1, max-image-preview:large, max-video-preview:-1\" \/>\n<link rel=\"canonical\" href=\"https:\/\/elamyspoukama.fi\/en\/pyoraily\/\" \/>\n<meta property=\"og:locale\" content=\"en_US\" \/>\n<meta property=\"og:type\" content=\"article\" \/>\n<meta property=\"og:title\" content=\"Py\u00f6r\u00e4ily\" \/>\n<meta property=\"og:description\" content=\"Py\u00f6r\u00e4illen Porvoossa Porvoo on upea py\u00f6r\u00e4ilykaupunki. Alueelta l\u00f6ytyy lukemattomia hienoja py\u00f6r\u00e4ilykohteita, jotka ovat mukavasti ja helposti saavutettavissa, joko omalla tai vuokratulla py\u00f6r\u00e4ll\u00e4. Porvoon vanhakaupunki ja jokiranta ovat mukavia kohteita py\u00f6r\u00e4retkelle [&hellip;]\" \/>\n<meta property=\"og:url\" content=\"https:\/\/elamyspoukama.fi\/en\/pyoraily\/\" \/>\n<meta property=\"og:site_name\" content=\"El\u00e4myspoukama\" \/>\n<meta property=\"article:publisher\" content=\"https:\/\/www.facebook.com\/Kokouspoukama\/\" \/>\n<meta property=\"article:modified_time\" content=\"2023-07-13T08:15:51+00:00\" \/>\n<meta name=\"twitter:card\" content=\"summary_large_image\" \/>\n<meta name=\"twitter:label1\" content=\"Est. reading time\" \/>\n\t<meta name=\"twitter:data1\" content=\"2 minutes\" \/>\n<script type=\"application\/ld+json\" class=\"yoast-schema-graph\">{\"@context\":\"https:\\\/\\\/schema.org\",\"@graph\":[{\"@type\":\"WebPage\",\"@id\":\"https:\\\/\\\/elamyspoukama.fi\\\/en\\\/pyoraily\\\/\",\"url\":\"https:\\\/\\\/elamyspoukama.fi\\\/en\\\/pyoraily\\\/\",\"name\":\"Py\u00f6r\u00e4ily upeissa maisemissa - El\u00e4myspoukama - Porvoo\",\"isPartOf\":{\"@id\":\"https:\\\/\\\/elamyspoukama.fi\\\/en\\\/#website\"},\"datePublished\":\"2021-04-08T10:01:19+00:00\",\"dateModified\":\"2023-07-13T08:15:51+00:00\",\"breadcrumb\":{\"@id\":\"https:\\\/\\\/elamyspoukama.fi\\\/en\\\/pyoraily\\\/#breadcrumb\"},\"inLanguage\":\"en-US\",\"potentialAction\":[{\"@type\":\"ReadAction\",\"target\":[\"https:\\\/\\\/elamyspoukama.fi\\\/en\\\/pyoraily\\\/\"]}]},{\"@type\":\"BreadcrumbList\",\"@id\":\"https:\\\/\\\/elamyspoukama.fi\\\/en\\\/pyoraily\\\/#breadcrumb\",\"itemListElement\":[{\"@type\":\"ListItem\",\"position\":1,\"name\":\"Home\",\"item\":\"https:\\\/\\\/elamyspoukama.fi\\\/en\\\/\"},{\"@type\":\"ListItem\",\"position\":2,\"name\":\"Py\u00f6r\u00e4ily\"}]},{\"@type\":\"WebSite\",\"@id\":\"https:\\\/\\\/elamyspoukama.fi\\\/en\\\/#website\",\"url\":\"https:\\\/\\\/elamyspoukama.fi\\\/en\\\/\",\"name\":\"El\u00e4myspoukama\",\"description\":\"Tekemist\u00e4 porvoossa\",\"publisher\":{\"@id\":\"https:\\\/\\\/elamyspoukama.fi\\\/en\\\/#organization\"},\"potentialAction\":[{\"@type\":\"SearchAction\",\"target\":{\"@type\":\"EntryPoint\",\"urlTemplate\":\"https:\\\/\\\/elamyspoukama.fi\\\/en\\\/?s={search_term_string}\"},\"query-input\":{\"@type\":\"PropertyValueSpecification\",\"valueRequired\":true,\"valueName\":\"search_term_string\"}}],\"inLanguage\":\"en-US\"},{\"@type\":\"Organization\",\"@id\":\"https:\\\/\\\/elamyspoukama.fi\\\/en\\\/#organization\",\"name\":\"Kokouspoukama\",\"url\":\"https:\\\/\\\/elamyspoukama.fi\\\/en\\\/\",\"logo\":{\"@type\":\"ImageObject\",\"inLanguage\":\"en-US\",\"@id\":\"https:\\\/\\\/elamyspoukama.fi\\\/en\\\/#\\\/schema\\\/logo\\\/image\\\/\",\"url\":\"https:\\\/\\\/elamyspoukama.fi\\\/wp-content\\\/uploads\\\/2018\\\/06\\\/Poukama_logo_secondary_black-e1530794758505.png\",\"contentUrl\":\"https:\\\/\\\/elamyspoukama.fi\\\/wp-content\\\/uploads\\\/2018\\\/06\\\/Poukama_logo_secondary_black-e1530794758505.png\",\"width\":200,\"height\":200,\"caption\":\"Kokouspoukama\"},\"image\":{\"@id\":\"https:\\\/\\\/elamyspoukama.fi\\\/en\\\/#\\\/schema\\\/logo\\\/image\\\/\"},\"sameAs\":[\"https:\\\/\\\/www.facebook.com\\\/Kokouspoukama\\\/\",\"https:\\\/\\\/www.instagram.com\\\/kokouspoukama\\\/\"]}]}<\/script>\n<!-- \/ Yoast SEO Premium plugin. -->","yoast_head_json":{"title":"Py\u00f6r\u00e4ily upeissa maisemissa - El\u00e4myspoukama - Porvoo","robots":{"index":"index","follow":"follow","max-snippet":"max-snippet:-1","max-image-preview":"max-image-preview:large","max-video-preview":"max-video-preview:-1"},"canonical":"https:\/\/elamyspoukama.fi\/en\/pyoraily\/","og_locale":"en_US","og_type":"article","og_title":"Py\u00f6r\u00e4ily","og_description":"Py\u00f6r\u00e4illen Porvoossa Porvoo on upea py\u00f6r\u00e4ilykaupunki. Alueelta l\u00f6ytyy lukemattomia hienoja py\u00f6r\u00e4ilykohteita, jotka ovat mukavasti ja helposti saavutettavissa, joko omalla tai vuokratulla py\u00f6r\u00e4ll\u00e4. Porvoon vanhakaupunki ja jokiranta ovat mukavia kohteita py\u00f6r\u00e4retkelle [&hellip;]","og_url":"https:\/\/elamyspoukama.fi\/en\/pyoraily\/","og_site_name":"El\u00e4myspoukama","article_publisher":"https:\/\/www.facebook.com\/Kokouspoukama\/","article_modified_time":"2023-07-13T08:15:51+00:00","twitter_card":"summary_large_image","twitter_misc":{"Est. reading time":"2 minutes"},"schema":{"@context":"https:\/\/schema.org","@graph":[{"@type":"WebPage","@id":"https:\/\/elamyspoukama.fi\/en\/pyoraily\/","url":"https:\/\/elamyspoukama.fi\/en\/pyoraily\/","name":"Py\u00f6r\u00e4ily upeissa maisemissa - El\u00e4myspoukama - Porvoo","isPartOf":{"@id":"https:\/\/elamyspoukama.fi\/en\/#website"},"datePublished":"2021-04-08T10:01:19+00:00","dateModified":"2023-07-13T08:15:51+00:00","breadcrumb":{"@id":"https:\/\/elamyspoukama.fi\/en\/pyoraily\/#breadcrumb"},"inLanguage":"en-US","potentialAction":[{"@type":"ReadAction","target":["https:\/\/elamyspoukama.fi\/en\/pyoraily\/"]}]},{"@type":"BreadcrumbList","@id":"https:\/\/elamyspoukama.fi\/en\/pyoraily\/#breadcrumb","itemListElement":[{"@type":"ListItem","position":1,"name":"Home","item":"https:\/\/elamyspoukama.fi\/en\/"},{"@type":"ListItem","position":2,"name":"Py\u00f6r\u00e4ily"}]},{"@type":"WebSite","@id":"https:\/\/elamyspoukama.fi\/en\/#website","url":"https:\/\/elamyspoukama.fi\/en\/","name":"El\u00e4myspoukama","description":"Tekemist\u00e4 porvoossa","publisher":{"@id":"https:\/\/elamyspoukama.fi\/en\/#organization"},"potentialAction":[{"@type":"SearchAction","target":{"@type":"EntryPoint","urlTemplate":"https:\/\/elamyspoukama.fi\/en\/?s={search_term_string}"},"query-input":{"@type":"PropertyValueSpecification","valueRequired":true,"valueName":"search_term_string"}}],"inLanguage":"en-US"},{"@type":"Organization","@id":"https:\/\/elamyspoukama.fi\/en\/#organization","name":"Kokouspoukama","url":"https:\/\/elamyspoukama.fi\/en\/","logo":{"@type":"ImageObject","inLanguage":"en-US","@id":"https:\/\/elamyspoukama.fi\/en\/#\/schema\/logo\/image\/","url":"https:\/\/elamyspoukama.fi\/wp-content\/uploads\/2018\/06\/Poukama_logo_secondary_black-e1530794758505.png","contentUrl":"https:\/\/elamyspoukama.fi\/wp-content\/uploads\/2018\/06\/Poukama_logo_secondary_black-e1530794758505.png","width":200,"height":200,"caption":"Kokouspoukama"},"image":{"@id":"https:\/\/elamyspoukama.fi\/en\/#\/schema\/logo\/image\/"},"sameAs":["https:\/\/www.facebook.com\/Kokouspoukama\/","https:\/\/www.instagram.com\/kokouspoukama\/"]}]}},"_links":{"self":[{"href":"https:\/\/elamyspoukama.fi\/en\/wp-json\/wp\/v2\/pages\/32475","targetHints":{"allow":["GET"]}}],"collection":[{"href":"https:\/\/elamyspoukama.fi\/en\/wp-json\/wp\/v2\/pages"}],"about":[{"href":"https:\/\/elamyspoukama.fi\/en\/wp-json\/wp\/v2\/types\/page"}],"author":[{"embeddable":true,"href":"https:\/\/elamyspoukama.fi\/en\/wp-json\/wp\/v2\/users\/6"}],"replies":[{"embeddable":true,"href":"https:\/\/elamyspoukama.fi\/en\/wp-json\/wp\/v2\/comments?post=32475"}],"version-history":[{"count":0,"href":"https:\/\/elamyspoukama.fi\/en\/wp-json\/wp\/v2\/pages\/32475\/revisions"}],"wp:attachment":[{"href":"https:\/\/elamyspoukama.fi\/en\/wp-json\/wp\/v2\/media?parent=32475"}],"curies":[{"name":"wp","href":"https:\/\/api.w.org\/{rel}","templated":true}]}}