{"id":32855,"date":"2021-04-28T05:47:56","date_gmt":"2021-04-28T05:47:56","guid":{"rendered":"https:\/\/elamyspoukama.fi\/?page_id=32855"},"modified":"2025-12-16T14:36:53","modified_gmt":"2025-12-16T12:36:53","slug":"verkkokauppa","status":"publish","type":"page","link":"https:\/\/elamyspoukama.fi\/en\/verkkokauppa\/","title":{"rendered":"verkkokauppa"},"content":{"rendered":"<h2>\n<h1 class=\"p1\" style=\"text-align: center;\">Verkkokauppa t\u00e4ynn\u00e4 el\u00e4myksi\u00e4<\/h1>\n<\/h2>\n<h1>\n<h1>Verkkokaupasta el\u00e4mykset ymp\u00e4ri vuoden<\/h1>\n<\/h1>\n<div>\n<h3>El\u00e4myksellinen saaristo odottaa !\u00a0<\/h3>\n<p>El\u00e4myspoukaman verkkokaupasta l\u00f6yd\u00e4t vuokraravia v\u00e4lineit\u00e4 el\u00e4myksellisiin hetkiin saaristossa.<\/p>\n<h4 style=\"text-align: center;\">&#8211; Maailma on t\u00e4ynn\u00e4 el\u00e4myksi\u00e4 ja niist\u00e4 parhaat l\u00f6yd\u00e4t El\u00e4myspoukaman verkkokaupasta &#8211;<\/h4>\n<\/p>\n<\/div>\n<hr>\n<h2>\n<p style=\"text-align: left;\">EL\u00c4MYSLAHJAKORTIT<\/p>\n<\/h2>\n<div>\n<p>    <!-- Gift certificates tag --><\/p>\n<div id=\"webia_certificates_all\"><\/div>\n<p><!-- Gift certificates. Insert in footer. --><br \/>\n<script type=\"text\/javascript\">\n(function(w,d,t,u,f,k,a){w[f]=w[f]||function(){(w[f].a=w[f].a||[]).push(arguments)};\nk=d.createElement(t),a=d.getElementsByTagName(t)[0],k.async=1,k.src=u,a.parentNode.insertBefore(k,a)})\n(window, document, \"script\", \"https:\/\/kalenteri.webia.fi\/static\/minjs\/all_certificates_tag.js\", \"wahrtgc\");\nwahrtgc(\"ase8bk4edgxse4ovkttqc37jv1rfn4\", {target: \"webia_certificates_all\"});\n<\/script>\n<\/div>\n<h2>MAJOITUSVARAUKSET<\/h2>\n<div>\n<p>        <img decoding=\"async\" src=\"\/wp-content\/uploads\/2021\/04\/Elamyshuone.jpg\" alt=\"Hotelli Poukama varaukset\"><\/p>\n<p><a href=\"\/hotelli-poukama\/huoneet\/\">SIIRRY MAJOITUSVARAUKSIIN<\/a><\/p>\n<\/div>\n<h2>\n<p style=\"text-align: left;\">VUOKRAAMO &amp; RETKET<\/p>\n<\/h2>\n<p><p>\n        <a href=\"https:\/\/elamyspoukama.fi\/wp-content\/uploads\/2022\/05\/Yleiset-vuokraehdot-2022.pdf\">TUTUSTU VUOKRAAMON EHTOIHIN<\/a>\n    <\/p>\n<\/p>\n<div>\n<p>    <img decoding=\"async\" src=\"https:\/\/static.vismapay.com\/pay_banners\/column.png\">\n<\/div>\n<p><!--more--><br \/>\n<!-- {\"name\":\"Aktiviteetit_sivu_el\\u00e4myspoukama\",\"type\":\"layout\",\"children\":[{\"name\":\"sivun alku 2\",\"type\":\"section\",\"props\":{\"animation_delay\":false,\"image\":\"wp-content\\\/uploads\\\/2021\\\/03\\\/20200915_214614-scaled.jpg\",\"image_effect\":\"parallax\",\"image_parallax_bgx\":\"0,0\",\"image_parallax_bgy\":\"150,0\",\"image_parallax_easing\":\"1\",\"image_position\":\"center-center\",\"image_size\":\"cover\",\"overlap\":true,\"padding\":\"large\",\"padding_remove_bottom\":false,\"padding_remove_top\":false,\"style\":\"default\",\"text_color\":\"light\",\"title_breakpoint\":\"xl\",\"title_position\":\"top-left\",\"title_rotation\":\"left\",\"vertical_align\":\"\",\"width\":\"\"},\"children\":[{\"type\":\"row\",\"props\":{\"margin\":\"default\",\"margin_remove_bottom\":false},\"children\":[{\"type\":\"column\",\"props\":{\"image_position\":\"center-center\",\"position_sticky_breakpoint\":\"m\"},\"children\":[{\"type\":\"headline\",\"props\":{\"content\":\"\n\n<h1 class=\\\"p1\\\" style=\\\"text-align: center;\\\">Verkkokauppa t\\u00e4ynn\\u00e4 el\\u00e4myksi\\u00e4<\\\/h1>\",\"margin\":\"medium\",\"margin_remove_bottom\":false,\"margin_remove_top\":false,\"text_align\":\"center\",\"title_element\":\"h2\"}}]}]}]},{\"type\":\"section\",\"props\":{\"image_position\":\"center-center\",\"padding_remove_bottom\":true,\"style\":\"default\",\"title_breakpoint\":\"xl\",\"title_position\":\"top-left\",\"title_rotation\":\"left\",\"vertical_align\":\"\",\"width\":\"large\"},\"children\":[{\"type\":\"row\",\"children\":[{\"type\":\"column\",\"props\":{\"image_position\":\"center-center\",\"position_sticky_breakpoint\":\"m\",\"width_medium\":\"2-3\"},\"children\":[{\"type\":\"breadcrumbs\",\"props\":{\"show_current\":true,\"show_home\":true}},{\"type\":\"headline\",\"props\":{\"content\":\"\n\n<h1>Verkkokaupasta el\\u00e4mykset ymp\\u00e4ri vuoden<\\\/h1>\",\"title_element\":\"h1\"}},{\"type\":\"text\",\"props\":{\"column_breakpoint\":\"m\",\"column_divider\":true,\"content\":\"\n\n<h3>El\\u00e4myksellinen saaristo odottaa !\\u00a0<\\\/h3>\\n\n\n<p>El\\u00e4myspoukaman verkkokaupasta l\\u00f6yd\\u00e4t vuokraravia v\\u00e4lineit\\u00e4 el\\u00e4myksellisiin hetkiin saaristossa.<\\\/p>\\n\n\n<h4 style=\\\"text-align: center;\\\">- Maailma on t\\u00e4ynn\\u00e4 el\\u00e4myksi\\u00e4 ja niist\\u00e4 parhaat l\\u00f6yd\\u00e4t El\\u00e4myspoukaman verkkokaupasta -<\\\/h4>\\n\n\n<p><\\\/p>\",\"margin\":\"default\"}},{\"type\":\"divider\",\"props\":{\"divider_element\":\"hr\"}}]},{\"type\":\"column\",\"props\":{\"image_position\":\"center-center\",\"position_sticky_breakpoint\":\"m\",\"width_medium\":\"1-3\"}}],\"props\":{\"layout\":\"2-3,1-3\"}}]},{\"name\":\"Lahjakortit\",\"type\":\"section\",\"props\":{\"image_position\":\"center-center\",\"overlap\":true,\"padding_remove_bottom\":false,\"padding_remove_top\":false,\"style\":\"default\",\"title_breakpoint\":\"xl\",\"title_position\":\"top-left\",\"title_rotation\":\"left\",\"vertical_align\":\"\",\"width\":\"large\"},\"children\":[{\"type\":\"row\",\"props\":{\"margin_remove_top\":true,\"width\":\"large\"},\"children\":[{\"type\":\"column\",\"props\":{\"image_position\":\"center-center\",\"position_sticky_breakpoint\":\"m\",\"width_medium\":\"1-1\"},\"children\":[{\"type\":\"headline\",\"props\":{\"content\":\"\n\n<p style=\\\"text-align: left;\\\">EL\\u00c4MYSLAHJAKORTIT<\\\/p>\",\"title_element\":\"h2\"}},{\"type\":\"html\",\"props\":{\"content\":\"<!-- Gift certificates tag -->\\n<\/p>\n<div id=\\\"webia_certificates_all\\\"><\\\/div>\\n\\n<!-- Gift certificates. Insert in footer. -->\\n<script type=\\\"text\\\/javascript\\\">\\n(function(w,d,t,u,f,k,a){w[f]=w[f]||function(){(w[f].a=w[f].a||[]).push(arguments)};\\nk=d.createElement(t),a=d.getElementsByTagName(t)[0],k.async=1,k.src=u,a.parentNode.insertBefore(k,a)})\\n(window, document, \\\"script\\\", \\\"https:\\\/\\\/kalenteri.webia.fi\\\/static\\\/minjs\\\/all_certificates_tag.js\\\", \\\"wahrtgc\\\");\\nwahrtgc(\\\"ase8bk4edgxse4ovkttqc37jv1rfn4\\\", {target: \\\"webia_certificates_all\\\"});\\n<\\\/script>\"},\"name\":\"Lahjakortti upotus\"}]}]}]},{\"type\":\"section\",\"props\":{\"image_position\":\"center-center\",\"style\":\"default\",\"title_breakpoint\":\"xl\",\"title_position\":\"top-left\",\"title_rotation\":\"left\",\"vertical_align\":\"\",\"width\":\"default\"},\"children\":[{\"type\":\"row\",\"children\":[{\"type\":\"column\",\"props\":{\"image_position\":\"center-center\",\"position_sticky_breakpoint\":\"m\"},\"children\":[{\"type\":\"headline\",\"props\":{\"content\":\"MAJOITUSVARAUKSET\",\"title_element\":\"h2\",\"title_style\":\"h2\"}},{\"type\":\"panel\",\"props\":{\"content_column_breakpoint\":\"m\",\"icon_width\":80,\"image\":\"wp-content\\\/uploads\\\/2021\\\/04\\\/Elamyshuone.jpg\",\"image_align\":\"top\",\"image_alt\":\"Hotelli Poukama varaukset\",\"image_grid_breakpoint\":\"m\",\"image_grid_width\":\"1-2\",\"image_svg_color\":\"emphasis\",\"link\":\"hotelli-poukama\\\/huoneet\\\/\",\"link_style\":\"default\",\"link_target\":true,\"link_text\":\"SIIRRY MAJOITUSVARAUKSIIN\",\"margin\":\"default\",\"meta_align\":\"below-title\",\"meta_element\":\"div\",\"meta_style\":\"text-meta\",\"title\":\"\",\"title_align\":\"top\",\"title_element\":\"h3\",\"title_grid_breakpoint\":\"m\",\"title_grid_width\":\"1-2\",\"title_hover_style\":\"reset\"}}]}]}],\"name\":\"Majoitus varaukset\"},{\"name\":\"Vuokraus & retket\",\"type\":\"section\",\"props\":{\"image_position\":\"center-center\",\"overlap\":true,\"padding_remove_bottom\":false,\"padding_remove_top\":false,\"style\":\"default\",\"title_breakpoint\":\"xl\",\"title_position\":\"top-left\",\"title_rotation\":\"left\",\"vertical_align\":\"\",\"width\":\"large\"},\"children\":[{\"type\":\"row\",\"props\":{\"margin_remove_top\":true,\"width\":\"large\"},\"children\":[{\"type\":\"column\",\"props\":{\"image_position\":\"center-center\",\"position_sticky_breakpoint\":\"m\",\"width_medium\":\"1-1\"},\"children\":[{\"type\":\"headline\",\"props\":{\"content\":\"<\/p>\n<p style=\\\"text-align: left;\\\">VUOKRAAMO &amp; RETKET<\\\/p>\",\"title_element\":\"h2\"}},{\"type\":\"text\",\"props\":{\"column_breakpoint\":\"m\",\"margin\":\"default\",\"maxwidth_breakpoint\":\"s\",\"position\":\"relative\"},\"source\":{\"query\":{\"name\":\"pages.customPage\",\"arguments\":{\"users\":[],\"users_operator\":\"IN\",\"offset\":0,\"order\":\"date\",\"order_direction\":\"DESC\",\"id\":39927}},\"props\":{\"content\":{\"filters\":{\"search\":\"\"},\"arguments\":{\"show_intro_text\":true},\"name\":\"content\"},\"_condition\":{\"filters\":{\"condition\":\"!!\"},\"arguments\":{\"show_intro_text\":true},\"name\":\"content\"}}},\"name\":\"Aktiviteetti catalogi\"}]}]}]},{\"type\":\"section\",\"props\":{\"image_position\":\"center-center\",\"style\":\"default\",\"title_breakpoint\":\"xl\",\"title_position\":\"top-left\",\"title_rotation\":\"left\",\"vertical_align\":\"\",\"width\":\"default\"},\"children\":[{\"type\":\"row\",\"children\":[{\"type\":\"column\",\"props\":{\"image_position\":\"center-center\",\"position_sticky_breakpoint\":\"m\"},\"children\":[{\"type\":\"button\",\"props\":{\"grid_column_gap\":\"small\",\"grid_row_gap\":\"small\",\"margin\":\"default\"},\"children\":[{\"type\":\"button_item\",\"props\":{\"button_style\":\"primary\",\"content\":\"TUTUSTU VUOKRAAMON EHTOIHIN\",\"dialog_layout\":\"modal\",\"dialog_offcanvas_flip\":true,\"icon_align\":\"left\",\"link\":\"https:\\\/\\\/elamyspoukama.fi\\\/wp-content\\\/uploads\\\/2022\\\/05\\\/Yleiset-vuokraehdot-2022.pdf\",\"link_target\":\"blank\"}}]},{\"type\":\"html\",\"props\":{\"content\":\"<img src=\\\"https:\\\/\\\/static.vismapay.com\\\/pay_banners\\\/column.png\\\">\"}}]}]}]}],\"version\":\"4.5.32\"} --><\/p>\n","protected":false},"excerpt":{"rendered":"<p>Verkkokauppa t\u00e4ynn\u00e4 el\u00e4myksi\u00e4 Verkkokaupasta el\u00e4mykset ymp\u00e4ri vuoden El\u00e4myksellinen saaristo odottaa !\u00a0 El\u00e4myspoukaman verkkokaupasta l\u00f6yd\u00e4t vuokraravia v\u00e4lineit\u00e4 el\u00e4myksellisiin hetkiin saaristossa. &#8211; Maailma on t\u00e4ynn\u00e4 el\u00e4myksi\u00e4 ja niist\u00e4 parhaat l\u00f6yd\u00e4t El\u00e4myspoukaman verkkokaupasta [&hellip;]<\/p>\n","protected":false},"author":6,"featured_media":41012,"parent":0,"menu_order":0,"comment_status":"closed","ping_status":"closed","template":"","meta":{"_price":"","_stock":"","_tribe_ticket_header":"","_tribe_default_ticket_provider":"","_tribe_ticket_capacity":"0","_ticket_start_date":"","_ticket_end_date":"","_tribe_ticket_show_description":"","_tribe_ticket_show_not_going":false,"_tribe_ticket_use_global_stock":"","_tribe_ticket_global_stock_level":"","_global_stock_mode":"","_global_stock_cap":"","_tribe_rsvp_for_event":"","_tribe_ticket_going_count":"","_tribe_ticket_not_going_count":"","_tribe_tickets_list":"[]","_tribe_ticket_has_attendee_info_fields":false,"footnotes":"","_tec_slr_enabled":"","_tec_slr_layout":""},"class_list":["post-32855","page","type-page","status-publish","has-post-thumbnail","hentry"],"yoast_head":"<!-- This site is optimized with the Yoast SEO Premium plugin v27.3 (Yoast SEO v27.3) - https:\/\/yoast.com\/product\/yoast-seo-premium-wordpress\/ -->\n<title>Verkkokauppa el\u00e4myksille ja vuokrauksille - El\u00e4myspoukama<\/title>\n<meta name=\"description\" content=\"El\u00e4myspoukaman verkkokauppa tarjoaa varustevuokrausta ymp\u00e4ri vuoden el\u00e4myksiin Porvoossa. Tarjolla mm. kajakkeja, s\u00e4hk\u00f6py\u00f6ri\u00e4, sup lautoja.\" \/>\n<meta name=\"robots\" content=\"index, follow, max-snippet:-1, max-image-preview:large, max-video-preview:-1\" \/>\n<link rel=\"canonical\" href=\"https:\/\/elamyspoukama.fi\/verkkokauppa\/\" \/>\n<meta property=\"og:locale\" content=\"en_US\" \/>\n<meta property=\"og:type\" content=\"article\" \/>\n<meta property=\"og:title\" content=\"verkkokauppa\" \/>\n<meta property=\"og:description\" content=\"El\u00e4myspoukaman verkkokauppa tarjoaa varustevuokrausta ymp\u00e4ri vuoden el\u00e4myksiin Porvoossa. Tarjolla mm. kajakkeja, s\u00e4hk\u00f6py\u00f6ri\u00e4, sup lautoja.\" \/>\n<meta property=\"og:url\" content=\"https:\/\/elamyspoukama.fi\/verkkokauppa\/\" \/>\n<meta property=\"og:site_name\" content=\"El\u00e4myspoukama\" \/>\n<meta property=\"article:publisher\" content=\"https:\/\/www.facebook.com\/Kokouspoukama\/\" \/>\n<meta property=\"article:modified_time\" content=\"2025-12-16T12:36:53+00:00\" \/>\n<meta property=\"og:image\" content=\"https:\/\/elamyspoukama.fi\/wp-content\/uploads\/2024\/06\/QV3YbVD8H-_q_2880x1800_mtdhGWCw.jpg\" \/>\n\t<meta property=\"og:image:width\" content=\"1800\" \/>\n\t<meta property=\"og:image:height\" content=\"1012\" \/>\n\t<meta property=\"og:image:type\" content=\"image\/jpeg\" \/>\n<meta name=\"twitter:card\" content=\"summary_large_image\" \/>\n<meta name=\"twitter:label1\" content=\"Est. reading time\" \/>\n\t<meta name=\"twitter:data1\" content=\"2 minutes\" \/>\n<script type=\"application\/ld+json\" class=\"yoast-schema-graph\">{\"@context\":\"https:\\\/\\\/schema.org\",\"@graph\":[{\"@type\":\"WebPage\",\"@id\":\"https:\\\/\\\/elamyspoukama.fi\\\/verkkokauppa\\\/\",\"url\":\"https:\\\/\\\/elamyspoukama.fi\\\/verkkokauppa\\\/\",\"name\":\"Verkkokauppa el\u00e4myksille ja vuokrauksille - El\u00e4myspoukama\",\"isPartOf\":{\"@id\":\"https:\\\/\\\/elamyspoukama.fi\\\/#website\"},\"primaryImageOfPage\":{\"@id\":\"https:\\\/\\\/elamyspoukama.fi\\\/verkkokauppa\\\/#primaryimage\"},\"image\":{\"@id\":\"https:\\\/\\\/elamyspoukama.fi\\\/verkkokauppa\\\/#primaryimage\"},\"thumbnailUrl\":\"https:\\\/\\\/elamyspoukama.fi\\\/wp-content\\\/uploads\\\/2024\\\/06\\\/QV3YbVD8H-_q_2880x1800_mtdhGWCw.jpg\",\"datePublished\":\"2021-04-28T05:47:56+00:00\",\"dateModified\":\"2025-12-16T12:36:53+00:00\",\"description\":\"El\u00e4myspoukaman verkkokauppa tarjoaa varustevuokrausta ymp\u00e4ri vuoden el\u00e4myksiin Porvoossa. Tarjolla mm. kajakkeja, s\u00e4hk\u00f6py\u00f6ri\u00e4, sup lautoja.\",\"breadcrumb\":{\"@id\":\"https:\\\/\\\/elamyspoukama.fi\\\/verkkokauppa\\\/#breadcrumb\"},\"inLanguage\":\"en-US\",\"potentialAction\":[{\"@type\":\"ReadAction\",\"target\":[\"https:\\\/\\\/elamyspoukama.fi\\\/verkkokauppa\\\/\"]}]},{\"@type\":\"ImageObject\",\"inLanguage\":\"en-US\",\"@id\":\"https:\\\/\\\/elamyspoukama.fi\\\/verkkokauppa\\\/#primaryimage\",\"url\":\"https:\\\/\\\/elamyspoukama.fi\\\/wp-content\\\/uploads\\\/2024\\\/06\\\/QV3YbVD8H-_q_2880x1800_mtdhGWCw.jpg\",\"contentUrl\":\"https:\\\/\\\/elamyspoukama.fi\\\/wp-content\\\/uploads\\\/2024\\\/06\\\/QV3YbVD8H-_q_2880x1800_mtdhGWCw.jpg\",\"width\":1800,\"height\":1012},{\"@type\":\"BreadcrumbList\",\"@id\":\"https:\\\/\\\/elamyspoukama.fi\\\/verkkokauppa\\\/#breadcrumb\",\"itemListElement\":[{\"@type\":\"ListItem\",\"position\":1,\"name\":\"Home\",\"item\":\"https:\\\/\\\/elamyspoukama.fi\\\/en\\\/\"},{\"@type\":\"ListItem\",\"position\":2,\"name\":\"verkkokauppa\"}]},{\"@type\":\"WebSite\",\"@id\":\"https:\\\/\\\/elamyspoukama.fi\\\/#website\",\"url\":\"https:\\\/\\\/elamyspoukama.fi\\\/\",\"name\":\"El\u00e4myspoukama\",\"description\":\"Tekemist\u00e4 porvoossa\",\"publisher\":{\"@id\":\"https:\\\/\\\/elamyspoukama.fi\\\/#organization\"},\"potentialAction\":[{\"@type\":\"SearchAction\",\"target\":{\"@type\":\"EntryPoint\",\"urlTemplate\":\"https:\\\/\\\/elamyspoukama.fi\\\/?s={search_term_string}\"},\"query-input\":{\"@type\":\"PropertyValueSpecification\",\"valueRequired\":true,\"valueName\":\"search_term_string\"}}],\"inLanguage\":\"en-US\"},{\"@type\":\"Organization\",\"@id\":\"https:\\\/\\\/elamyspoukama.fi\\\/#organization\",\"name\":\"Kokouspoukama\",\"url\":\"https:\\\/\\\/elamyspoukama.fi\\\/\",\"logo\":{\"@type\":\"ImageObject\",\"inLanguage\":\"en-US\",\"@id\":\"https:\\\/\\\/elamyspoukama.fi\\\/#\\\/schema\\\/logo\\\/image\\\/\",\"url\":\"https:\\\/\\\/elamyspoukama.fi\\\/wp-content\\\/uploads\\\/2018\\\/06\\\/Poukama_logo_secondary_black-e1530794758505.png\",\"contentUrl\":\"https:\\\/\\\/elamyspoukama.fi\\\/wp-content\\\/uploads\\\/2018\\\/06\\\/Poukama_logo_secondary_black-e1530794758505.png\",\"width\":200,\"height\":200,\"caption\":\"Kokouspoukama\"},\"image\":{\"@id\":\"https:\\\/\\\/elamyspoukama.fi\\\/#\\\/schema\\\/logo\\\/image\\\/\"},\"sameAs\":[\"https:\\\/\\\/www.facebook.com\\\/Kokouspoukama\\\/\",\"https:\\\/\\\/www.instagram.com\\\/kokouspoukama\\\/\"]}]}<\/script>\n<!-- \/ Yoast SEO Premium plugin. -->","yoast_head_json":{"title":"Verkkokauppa el\u00e4myksille ja vuokrauksille - El\u00e4myspoukama","description":"El\u00e4myspoukaman verkkokauppa tarjoaa varustevuokrausta ymp\u00e4ri vuoden el\u00e4myksiin Porvoossa. Tarjolla mm. kajakkeja, s\u00e4hk\u00f6py\u00f6ri\u00e4, sup lautoja.","robots":{"index":"index","follow":"follow","max-snippet":"max-snippet:-1","max-image-preview":"max-image-preview:large","max-video-preview":"max-video-preview:-1"},"canonical":"https:\/\/elamyspoukama.fi\/verkkokauppa\/","og_locale":"en_US","og_type":"article","og_title":"verkkokauppa","og_description":"El\u00e4myspoukaman verkkokauppa tarjoaa varustevuokrausta ymp\u00e4ri vuoden el\u00e4myksiin Porvoossa. Tarjolla mm. kajakkeja, s\u00e4hk\u00f6py\u00f6ri\u00e4, sup lautoja.","og_url":"https:\/\/elamyspoukama.fi\/verkkokauppa\/","og_site_name":"El\u00e4myspoukama","article_publisher":"https:\/\/www.facebook.com\/Kokouspoukama\/","article_modified_time":"2025-12-16T12:36:53+00:00","og_image":[{"width":1800,"height":1012,"url":"https:\/\/elamyspoukama.fi\/wp-content\/uploads\/2024\/06\/QV3YbVD8H-_q_2880x1800_mtdhGWCw.jpg","type":"image\/jpeg"}],"twitter_card":"summary_large_image","twitter_misc":{"Est. reading time":"2 minutes"},"schema":{"@context":"https:\/\/schema.org","@graph":[{"@type":"WebPage","@id":"https:\/\/elamyspoukama.fi\/verkkokauppa\/","url":"https:\/\/elamyspoukama.fi\/verkkokauppa\/","name":"Verkkokauppa el\u00e4myksille ja vuokrauksille - El\u00e4myspoukama","isPartOf":{"@id":"https:\/\/elamyspoukama.fi\/#website"},"primaryImageOfPage":{"@id":"https:\/\/elamyspoukama.fi\/verkkokauppa\/#primaryimage"},"image":{"@id":"https:\/\/elamyspoukama.fi\/verkkokauppa\/#primaryimage"},"thumbnailUrl":"https:\/\/elamyspoukama.fi\/wp-content\/uploads\/2024\/06\/QV3YbVD8H-_q_2880x1800_mtdhGWCw.jpg","datePublished":"2021-04-28T05:47:56+00:00","dateModified":"2025-12-16T12:36:53+00:00","description":"El\u00e4myspoukaman verkkokauppa tarjoaa varustevuokrausta ymp\u00e4ri vuoden el\u00e4myksiin Porvoossa. Tarjolla mm. kajakkeja, s\u00e4hk\u00f6py\u00f6ri\u00e4, sup lautoja.","breadcrumb":{"@id":"https:\/\/elamyspoukama.fi\/verkkokauppa\/#breadcrumb"},"inLanguage":"en-US","potentialAction":[{"@type":"ReadAction","target":["https:\/\/elamyspoukama.fi\/verkkokauppa\/"]}]},{"@type":"ImageObject","inLanguage":"en-US","@id":"https:\/\/elamyspoukama.fi\/verkkokauppa\/#primaryimage","url":"https:\/\/elamyspoukama.fi\/wp-content\/uploads\/2024\/06\/QV3YbVD8H-_q_2880x1800_mtdhGWCw.jpg","contentUrl":"https:\/\/elamyspoukama.fi\/wp-content\/uploads\/2024\/06\/QV3YbVD8H-_q_2880x1800_mtdhGWCw.jpg","width":1800,"height":1012},{"@type":"BreadcrumbList","@id":"https:\/\/elamyspoukama.fi\/verkkokauppa\/#breadcrumb","itemListElement":[{"@type":"ListItem","position":1,"name":"Home","item":"https:\/\/elamyspoukama.fi\/en\/"},{"@type":"ListItem","position":2,"name":"verkkokauppa"}]},{"@type":"WebSite","@id":"https:\/\/elamyspoukama.fi\/#website","url":"https:\/\/elamyspoukama.fi\/","name":"El\u00e4myspoukama","description":"Tekemist\u00e4 porvoossa","publisher":{"@id":"https:\/\/elamyspoukama.fi\/#organization"},"potentialAction":[{"@type":"SearchAction","target":{"@type":"EntryPoint","urlTemplate":"https:\/\/elamyspoukama.fi\/?s={search_term_string}"},"query-input":{"@type":"PropertyValueSpecification","valueRequired":true,"valueName":"search_term_string"}}],"inLanguage":"en-US"},{"@type":"Organization","@id":"https:\/\/elamyspoukama.fi\/#organization","name":"Kokouspoukama","url":"https:\/\/elamyspoukama.fi\/","logo":{"@type":"ImageObject","inLanguage":"en-US","@id":"https:\/\/elamyspoukama.fi\/#\/schema\/logo\/image\/","url":"https:\/\/elamyspoukama.fi\/wp-content\/uploads\/2018\/06\/Poukama_logo_secondary_black-e1530794758505.png","contentUrl":"https:\/\/elamyspoukama.fi\/wp-content\/uploads\/2018\/06\/Poukama_logo_secondary_black-e1530794758505.png","width":200,"height":200,"caption":"Kokouspoukama"},"image":{"@id":"https:\/\/elamyspoukama.fi\/#\/schema\/logo\/image\/"},"sameAs":["https:\/\/www.facebook.com\/Kokouspoukama\/","https:\/\/www.instagram.com\/kokouspoukama\/"]}]}},"ticketed":false,"_links":{"self":[{"href":"https:\/\/elamyspoukama.fi\/en\/wp-json\/wp\/v2\/pages\/32855","targetHints":{"allow":["GET"]}}],"collection":[{"href":"https:\/\/elamyspoukama.fi\/en\/wp-json\/wp\/v2\/pages"}],"about":[{"href":"https:\/\/elamyspoukama.fi\/en\/wp-json\/wp\/v2\/types\/page"}],"author":[{"embeddable":true,"href":"https:\/\/elamyspoukama.fi\/en\/wp-json\/wp\/v2\/users\/6"}],"replies":[{"embeddable":true,"href":"https:\/\/elamyspoukama.fi\/en\/wp-json\/wp\/v2\/comments?post=32855"}],"version-history":[{"count":0,"href":"https:\/\/elamyspoukama.fi\/en\/wp-json\/wp\/v2\/pages\/32855\/revisions"}],"wp:featuredmedia":[{"embeddable":true,"href":"https:\/\/elamyspoukama.fi\/en\/wp-json\/wp\/v2\/media\/41012"}],"wp:attachment":[{"href":"https:\/\/elamyspoukama.fi\/en\/wp-json\/wp\/v2\/media?parent=32855"}],"curies":[{"name":"wp","href":"https:\/\/api.w.org\/{rel}","templated":true}]}}