{"id":34049,"date":"2021-06-02T09:49:29","date_gmt":"2021-06-02T09:49:29","guid":{"rendered":"https:\/\/elamyspoukama.fi\/?page_id=34049"},"modified":"2021-06-17T06:05:54","modified_gmt":"2021-06-17T06:05:54","slug":"doinporvoo","status":"publish","type":"page","link":"https:\/\/elamyspoukama.fi\/en\/doinporvoo\/","title":{"rendered":"Doinporvoo"},"content":{"rendered":"<div>\n<h1>DoInPorvoon palvelut l\u00f6yd\u00e4t jatkossa El\u00e4myspoukamasta<\/h1>\n<\/div>\n<div>\n<p>Olemme muokanneet palvelurakennettamme ja jatkossa DoInPorvoo palvelut l\u00f6yd\u00e4t El\u00e4myspoukamasta.\u00a0 Meilt\u00e4 l\u00f6yd\u00e4t jatkossakin kajakkivuokrauksen sek\u00e4 polkupy\u00f6r\u00e4vuokrauksen Porvoossa. Tutustu my\u00f6s el\u00e4myksellisiin retkiimme.<\/p>\n<p>El\u00e4myspoukamassa k\u00e4vij\u00f6it\u00e4 palvelee satamakahvila Jemma.<\/p>\n<p>Tervetuloa el\u00e4mysten saaristoon!\u00a0<\/p>\n<\/p>\n<\/div>\n<p><a href=\"https:\/\/elamyspoukama.fi\/\"><img decoding=\"async\" src=\"\/wp-content\/uploads\/2021\/03\/elamyspoukama.jpg\" alt=\"DoInPorvoo palvelut l\u00f6yd\u00e4t jatkosssa El\u00e4myspoukamasta!\"><\/a><br \/>\n<a href=\"https:\/\/elamyspoukama.fi\/\"><img decoding=\"async\" src=\"\/wp-content\/uploads\/2021\/06\/BlackWhiteBg-scaled.jpg\" alt=\"DoInPorvoo palvelut l\u00f6yd\u00e4t jatkosssa El\u00e4myspoukamasta!\"><\/a><\/p>\n<div>\n<h3>El\u00e4myspoukama<\/h3>\n<div>\n<p>Em\u00e4salontie 152 06950 Porvoo<\/p>\n<\/div>\n<p>60.3019,25.6047<\/p>\n<\/div>\n<p><!--more--><br \/>\n<!-- {\"name\":\"Contact\",\"type\":\"layout\",\"children\":[{\"type\":\"section\",\"props\":{\"style\":\"default\",\"width\":\"default\",\"vertical_align\":\"middle\",\"title_position\":\"top-left\",\"title_rotation\":\"left\",\"title_breakpoint\":\"xl\",\"image_position\":\"center-center\",\"padding\":\"large\"},\"children\":[{\"type\":\"row\",\"props\":{\"margin\":\"small\"},\"children\":[{\"type\":\"column\",\"props\":{\"image_position\":\"center-center\",\"media_overlay_gradient\":\"\",\"width_medium\":\"\"},\"children\":[{\"type\":\"headline\",\"props\":{\"title_element\":\"div\",\"margin\":\"small\",\"text_align\":\"left\",\"text_align_breakpoint\":\"s\",\"text_align_fallback\":\"center\",\"content\":\"\n\n<h1>DoInPorvoon palvelut l\\u00f6yd\\u00e4t jatkossa El\\u00e4myspoukamasta<\\\/h1>\"}},{\"type\":\"text\",\"props\":{\"margin\":\"\",\"column_breakpoint\":\"m\",\"text_align\":\"left\",\"text_align_breakpoint\":\"s\",\"text_align_fallback\":\"center\",\"content\":\"\n\n<p>Olemme muokanneet palvelurakennettamme ja jatkossa DoInPorvoo palvelut l\\u00f6yd\\u00e4t El\\u00e4myspoukamasta.\\u00a0 Meilt\\u00e4 l\\u00f6yd\\u00e4t jatkossakin kajakkivuokrauksen sek\\u00e4 polkupy\\u00f6r\\u00e4vuokrauksen Porvoossa. Tutustu my\\u00f6s el\\u00e4myksellisiin retkiimme.<\\\/p>\\n\n\n<p>El\\u00e4myspoukamassa k\\u00e4vij\\u00f6it\\u00e4 palvelee satamakahvila Jemma.<\\\/p>\\n\n\n<p>Tervetuloa el\\u00e4mysten saaristoon!\\u00a0<\\\/p>\\n\n\n<p><\\\/p>\"}}]}]},{\"type\":\"row\",\"props\":{\"layout\":\"1-2,1-2\"},\"children\":[{\"type\":\"column\",\"props\":{\"image_position\":\"center-center\",\"media_overlay_gradient\":\"\",\"width_medium\":\"1-2\"},\"children\":[{\"type\":\"image\",\"props\":{\"margin\":\"default\",\"image_svg_color\":\"emphasis\",\"position\":\"absolute\",\"position_z_index\":\"0\",\"animation\":\"parallax\",\"image\":\"wp-content\\\/uploads\\\/2021\\\/03\\\/elamyspoukama.jpg\",\"position_left\":\"0\",\"css\":\".el-image { \\n    min-width: 150px;\\n    max-width: 30vw;\\n}\",\"parallax_y_end\":\"-3vh\",\"parallax_y_start\":\"3vh\",\"image_width\":\"300\",\"image_height\":\"300\",\"image_alt\":\"DoInPorvoo palvelut l\\u00f6yd\\u00e4t jatkosssa El\\u00e4myspoukamasta!\",\"link\":\"https:\\\/\\\/elamyspoukama.fi\\\/\"}}]},{\"type\":\"column\",\"props\":{\"image_position\":\"center-center\",\"media_overlay_gradient\":\"\",\"width_medium\":\"1-2\"},\"children\":[{\"type\":\"image\",\"props\":{\"margin\":\"default\",\"image_svg_color\":\"emphasis\",\"position\":\"absolute\",\"position_z_index\":\"0\",\"animation\":\"parallax\",\"image\":\"wp-content\\\/uploads\\\/2021\\\/06\\\/BlackWhiteBg-scaled.jpg\",\"position_left\":\"0\",\"css\":\".el-image { \\n    min-width: 150px;\\n    max-width: 30vw;\\n}\",\"parallax_y_end\":\"-3vh\",\"parallax_y_start\":\"3vh\",\"image_width\":\"300\",\"image_height\":\"300\",\"image_alt\":\"DoInPorvoo palvelut l\\u00f6yd\\u00e4t jatkosssa El\\u00e4myspoukamasta!\",\"link\":\"https:\\\/\\\/elamyspoukama.fi\\\/\"}}]}]},{\"type\":\"row\",\"props\":{\"margin\":\"xlarge\"},\"children\":[{\"type\":\"column\",\"props\":{\"image_position\":\"center-center\",\"media_overlay_gradient\":\"\",\"width_medium\":\"1-1\"},\"children\":[]}]}],\"name\":\"Contact\"},{\"type\":\"section\",\"props\":{\"style\":\"default\",\"width\":\"default\",\"vertical_align\":\"middle\",\"title_position\":\"top-left\",\"title_rotation\":\"left\",\"title_breakpoint\":\"xl\",\"image_position\":\"center-center\"},\"children\":[{\"type\":\"row\",\"children\":[{\"type\":\"column\",\"props\":{\"image_position\":\"center-center\",\"media_overlay_gradient\":\"\"},\"children\":[{\"type\":\"map\",\"props\":{\"show_title\":true,\"type\":\"roadmap\",\"zoom\":\"11\",\"controls\":true,\"zooming\":true,\"dragging\":true,\"height\":\"500\",\"styler_lightness\":\"2\",\"styler_saturation\":\"-70\",\"styler_hue\":\"#EBEEF0\",\"show_meta\":true,\"show_content\":true,\"show_image\":true,\"show_link\":true,\"min_zoom\":0,\"max_zoom\":18,\"title_hover_style\":\"reset\",\"title_element\":\"h3\",\"meta_style\":\"meta\",\"meta_align\":\"below-title\",\"meta_element\":\"div\",\"image_svg_color\":\"emphasis\",\"link_text\":\"Read more\",\"link_style\":\"default\",\"margin\":\"default\"},\"children\":[{\"type\":\"map_item\",\"props\":{\"location\":\"60.3019,25.6047\",\"title\":\"El\\u00e4myspoukama\",\"content\":\"\n\n<p>Em\\u00e4salontie 152 06950 Porvoo<\\\/p>\",\"marker_icon\":\"wp-content\\\/uploads\\\/2021\\\/03\\\/elamyspoukama-1.jpg\",\"marker_icon_width\":\"50\",\"marker_icon_height\":\"50\",\"hide\":false}}]}]}]}]}],\"version\":\"2.4.14\"} --><\/p>\n","protected":false},"excerpt":{"rendered":"<p>DoInPorvoon palvelut l\u00f6yd\u00e4t jatkossa El\u00e4myspoukamasta Olemme muokanneet palvelurakennettamme ja jatkossa DoInPorvoo palvelut l\u00f6yd\u00e4t El\u00e4myspoukamasta.\u00a0 Meilt\u00e4 l\u00f6yd\u00e4t jatkossakin kajakkivuokrauksen sek\u00e4 polkupy\u00f6r\u00e4vuokrauksen Porvoossa. Tutustu my\u00f6s el\u00e4myksellisiin retkiimme. El\u00e4myspoukamassa k\u00e4vij\u00f6it\u00e4 palvelee satamakahvila Jemma. [&hellip;]<\/p>\n","protected":false},"author":6,"featured_media":0,"parent":0,"menu_order":0,"comment_status":"closed","ping_status":"closed","template":"","meta":{"footnotes":""},"class_list":["post-34049","page","type-page","status-publish","hentry"],"yoast_head":"<!-- This site is optimized with the Yoast SEO Premium plugin v27.4 (Yoast SEO v27.4) - https:\/\/yoast.com\/product\/yoast-seo-premium-wordpress\/ -->\n<title>Doinporvoo l\u00f6ytyy nyt el\u00e4myspoukamasta - El\u00e4myspoukama - Porvoo<\/title>\n<meta name=\"description\" content=\"Doinporvoo palvelut l\u00f6yd\u00e4t nyt El\u00e4myspoukamasta. Kajakkivuokraus, polkupy\u00f6r\u00e4vuokraus ja retket. Tervetuloa el\u00e4mysten saaristoon!\" \/>\n<meta name=\"robots\" content=\"index, follow, max-snippet:-1, max-image-preview:large, max-video-preview:-1\" \/>\n<link rel=\"canonical\" href=\"https:\/\/elamyspoukama.fi\/en\/doinporvoo\/\" \/>\n<meta property=\"og:locale\" content=\"en_US\" \/>\n<meta property=\"og:type\" content=\"article\" \/>\n<meta property=\"og:title\" content=\"Doinporvoo\" \/>\n<meta property=\"og:description\" content=\"Doinporvoo palvelut l\u00f6yd\u00e4t nyt El\u00e4myspoukamasta. Kajakkivuokraus, polkupy\u00f6r\u00e4vuokraus ja retket. Tervetuloa el\u00e4mysten saaristoon!\" \/>\n<meta property=\"og:url\" content=\"https:\/\/elamyspoukama.fi\/en\/doinporvoo\/\" \/>\n<meta property=\"og:site_name\" content=\"El\u00e4myspoukama\" \/>\n<meta property=\"article:publisher\" content=\"https:\/\/www.facebook.com\/Kokouspoukama\/\" \/>\n<meta property=\"article:modified_time\" content=\"2021-06-17T06:05:54+00:00\" \/>\n<meta name=\"twitter:card\" content=\"summary_large_image\" \/>\n<script type=\"application\/ld+json\" class=\"yoast-schema-graph\">{\"@context\":\"https:\\\/\\\/schema.org\",\"@graph\":[{\"@type\":\"WebPage\",\"@id\":\"https:\\\/\\\/elamyspoukama.fi\\\/en\\\/doinporvoo\\\/\",\"url\":\"https:\\\/\\\/elamyspoukama.fi\\\/en\\\/doinporvoo\\\/\",\"name\":\"Doinporvoo l\u00f6ytyy nyt el\u00e4myspoukamasta - El\u00e4myspoukama - Porvoo\",\"isPartOf\":{\"@id\":\"https:\\\/\\\/elamyspoukama.fi\\\/en\\\/#website\"},\"datePublished\":\"2021-06-02T09:49:29+00:00\",\"dateModified\":\"2021-06-17T06:05:54+00:00\",\"description\":\"Doinporvoo palvelut l\u00f6yd\u00e4t nyt El\u00e4myspoukamasta. Kajakkivuokraus, polkupy\u00f6r\u00e4vuokraus ja retket. Tervetuloa el\u00e4mysten saaristoon!\",\"breadcrumb\":{\"@id\":\"https:\\\/\\\/elamyspoukama.fi\\\/en\\\/doinporvoo\\\/#breadcrumb\"},\"inLanguage\":\"en-US\",\"potentialAction\":[{\"@type\":\"ReadAction\",\"target\":[\"https:\\\/\\\/elamyspoukama.fi\\\/en\\\/doinporvoo\\\/\"]}]},{\"@type\":\"BreadcrumbList\",\"@id\":\"https:\\\/\\\/elamyspoukama.fi\\\/en\\\/doinporvoo\\\/#breadcrumb\",\"itemListElement\":[{\"@type\":\"ListItem\",\"position\":1,\"name\":\"Home\",\"item\":\"https:\\\/\\\/elamyspoukama.fi\\\/en\\\/\"},{\"@type\":\"ListItem\",\"position\":2,\"name\":\"Doinporvoo\"}]},{\"@type\":\"WebSite\",\"@id\":\"https:\\\/\\\/elamyspoukama.fi\\\/en\\\/#website\",\"url\":\"https:\\\/\\\/elamyspoukama.fi\\\/en\\\/\",\"name\":\"El\u00e4myspoukama\",\"description\":\"Tekemist\u00e4 porvoossa\",\"publisher\":{\"@id\":\"https:\\\/\\\/elamyspoukama.fi\\\/en\\\/#organization\"},\"potentialAction\":[{\"@type\":\"SearchAction\",\"target\":{\"@type\":\"EntryPoint\",\"urlTemplate\":\"https:\\\/\\\/elamyspoukama.fi\\\/en\\\/?s={search_term_string}\"},\"query-input\":{\"@type\":\"PropertyValueSpecification\",\"valueRequired\":true,\"valueName\":\"search_term_string\"}}],\"inLanguage\":\"en-US\"},{\"@type\":\"Organization\",\"@id\":\"https:\\\/\\\/elamyspoukama.fi\\\/en\\\/#organization\",\"name\":\"Kokouspoukama\",\"url\":\"https:\\\/\\\/elamyspoukama.fi\\\/en\\\/\",\"logo\":{\"@type\":\"ImageObject\",\"inLanguage\":\"en-US\",\"@id\":\"https:\\\/\\\/elamyspoukama.fi\\\/en\\\/#\\\/schema\\\/logo\\\/image\\\/\",\"url\":\"https:\\\/\\\/elamyspoukama.fi\\\/wp-content\\\/uploads\\\/2018\\\/06\\\/Poukama_logo_secondary_black-e1530794758505.png\",\"contentUrl\":\"https:\\\/\\\/elamyspoukama.fi\\\/wp-content\\\/uploads\\\/2018\\\/06\\\/Poukama_logo_secondary_black-e1530794758505.png\",\"width\":200,\"height\":200,\"caption\":\"Kokouspoukama\"},\"image\":{\"@id\":\"https:\\\/\\\/elamyspoukama.fi\\\/en\\\/#\\\/schema\\\/logo\\\/image\\\/\"},\"sameAs\":[\"https:\\\/\\\/www.facebook.com\\\/Kokouspoukama\\\/\",\"https:\\\/\\\/www.instagram.com\\\/kokouspoukama\\\/\"]}]}<\/script>\n<!-- \/ Yoast SEO Premium plugin. -->","yoast_head_json":{"title":"Doinporvoo l\u00f6ytyy nyt el\u00e4myspoukamasta - El\u00e4myspoukama - Porvoo","description":"Doinporvoo palvelut l\u00f6yd\u00e4t nyt El\u00e4myspoukamasta. Kajakkivuokraus, polkupy\u00f6r\u00e4vuokraus ja retket. Tervetuloa el\u00e4mysten saaristoon!","robots":{"index":"index","follow":"follow","max-snippet":"max-snippet:-1","max-image-preview":"max-image-preview:large","max-video-preview":"max-video-preview:-1"},"canonical":"https:\/\/elamyspoukama.fi\/en\/doinporvoo\/","og_locale":"en_US","og_type":"article","og_title":"Doinporvoo","og_description":"Doinporvoo palvelut l\u00f6yd\u00e4t nyt El\u00e4myspoukamasta. Kajakkivuokraus, polkupy\u00f6r\u00e4vuokraus ja retket. Tervetuloa el\u00e4mysten saaristoon!","og_url":"https:\/\/elamyspoukama.fi\/en\/doinporvoo\/","og_site_name":"El\u00e4myspoukama","article_publisher":"https:\/\/www.facebook.com\/Kokouspoukama\/","article_modified_time":"2021-06-17T06:05:54+00:00","twitter_card":"summary_large_image","schema":{"@context":"https:\/\/schema.org","@graph":[{"@type":"WebPage","@id":"https:\/\/elamyspoukama.fi\/en\/doinporvoo\/","url":"https:\/\/elamyspoukama.fi\/en\/doinporvoo\/","name":"Doinporvoo l\u00f6ytyy nyt el\u00e4myspoukamasta - El\u00e4myspoukama - Porvoo","isPartOf":{"@id":"https:\/\/elamyspoukama.fi\/en\/#website"},"datePublished":"2021-06-02T09:49:29+00:00","dateModified":"2021-06-17T06:05:54+00:00","description":"Doinporvoo palvelut l\u00f6yd\u00e4t nyt El\u00e4myspoukamasta. Kajakkivuokraus, polkupy\u00f6r\u00e4vuokraus ja retket. Tervetuloa el\u00e4mysten saaristoon!","breadcrumb":{"@id":"https:\/\/elamyspoukama.fi\/en\/doinporvoo\/#breadcrumb"},"inLanguage":"en-US","potentialAction":[{"@type":"ReadAction","target":["https:\/\/elamyspoukama.fi\/en\/doinporvoo\/"]}]},{"@type":"BreadcrumbList","@id":"https:\/\/elamyspoukama.fi\/en\/doinporvoo\/#breadcrumb","itemListElement":[{"@type":"ListItem","position":1,"name":"Home","item":"https:\/\/elamyspoukama.fi\/en\/"},{"@type":"ListItem","position":2,"name":"Doinporvoo"}]},{"@type":"WebSite","@id":"https:\/\/elamyspoukama.fi\/en\/#website","url":"https:\/\/elamyspoukama.fi\/en\/","name":"El\u00e4myspoukama","description":"Tekemist\u00e4 porvoossa","publisher":{"@id":"https:\/\/elamyspoukama.fi\/en\/#organization"},"potentialAction":[{"@type":"SearchAction","target":{"@type":"EntryPoint","urlTemplate":"https:\/\/elamyspoukama.fi\/en\/?s={search_term_string}"},"query-input":{"@type":"PropertyValueSpecification","valueRequired":true,"valueName":"search_term_string"}}],"inLanguage":"en-US"},{"@type":"Organization","@id":"https:\/\/elamyspoukama.fi\/en\/#organization","name":"Kokouspoukama","url":"https:\/\/elamyspoukama.fi\/en\/","logo":{"@type":"ImageObject","inLanguage":"en-US","@id":"https:\/\/elamyspoukama.fi\/en\/#\/schema\/logo\/image\/","url":"https:\/\/elamyspoukama.fi\/wp-content\/uploads\/2018\/06\/Poukama_logo_secondary_black-e1530794758505.png","contentUrl":"https:\/\/elamyspoukama.fi\/wp-content\/uploads\/2018\/06\/Poukama_logo_secondary_black-e1530794758505.png","width":200,"height":200,"caption":"Kokouspoukama"},"image":{"@id":"https:\/\/elamyspoukama.fi\/en\/#\/schema\/logo\/image\/"},"sameAs":["https:\/\/www.facebook.com\/Kokouspoukama\/","https:\/\/www.instagram.com\/kokouspoukama\/"]}]}},"_links":{"self":[{"href":"https:\/\/elamyspoukama.fi\/en\/wp-json\/wp\/v2\/pages\/34049","targetHints":{"allow":["GET"]}}],"collection":[{"href":"https:\/\/elamyspoukama.fi\/en\/wp-json\/wp\/v2\/pages"}],"about":[{"href":"https:\/\/elamyspoukama.fi\/en\/wp-json\/wp\/v2\/types\/page"}],"author":[{"embeddable":true,"href":"https:\/\/elamyspoukama.fi\/en\/wp-json\/wp\/v2\/users\/6"}],"replies":[{"embeddable":true,"href":"https:\/\/elamyspoukama.fi\/en\/wp-json\/wp\/v2\/comments?post=34049"}],"version-history":[{"count":0,"href":"https:\/\/elamyspoukama.fi\/en\/wp-json\/wp\/v2\/pages\/34049\/revisions"}],"wp:attachment":[{"href":"https:\/\/elamyspoukama.fi\/en\/wp-json\/wp\/v2\/media?parent=34049"}],"curies":[{"name":"wp","href":"https:\/\/api.w.org\/{rel}","templated":true}]}}