{"id":36455,"date":"2023-01-11T13:16:33","date_gmt":"2023-01-11T13:16:33","guid":{"rendered":"https:\/\/elamyspoukama.fi\/?page_id=36455"},"modified":"2023-01-11T13:16:33","modified_gmt":"2023-01-11T13:16:33","slug":"porvoo-majoitus","status":"publish","type":"page","link":"https:\/\/elamyspoukama.fi\/en\/hotelli-poukama\/porvoo-majoitus\/","title":{"rendered":"Pitk\u00e4aikainen majoitus Porvoossa"},"content":{"rendered":"<p><img decoding=\"async\" src=\"\/wp-content\/uploads\/2020\/12\/Kahden-hengen-huone.jpg\" alt=\"Pitk\u00e4aikainen majoitus Porvoossa\"><\/p>\n<div>Viihtys\u00e4 majoitus ty\u00f6miehille Porvoossa<\/div>\n<h1>Pitk\u00e4aikainen majoitus Porvoossa<\/h1>\n<div>\n<div data-id=\"page#19\">\n<div class=\"uk-width-2-3@m uk-first-column\">\n<div class=\"uk-panel uk-text-large uk-margin-medium uk-text-left\">\n<h2>Tarvitsetko edullista ja mukavaa majoitusta Porvoossa l\u00e4helt\u00e4 Kilpilahden jalostamoa?<\/h2>\n<p>Kokouspoukama tarjoaa edullista majoitusta ty\u00f6matkalaisille Porvoossa. Meilt\u00e4 saat edullista ja mukavaa majoitusta porvoon saaristossa niin luhyill\u00e4 ty\u00f6matkoilla kuin pidempien ty\u00f6komennusten ajaksi. Majoituspalvelumme sopii erinomaisesti my\u00f6s tilap\u00e4ismajoitukseen remontin tai rakennusprojektin ajaksi.<\/p>\n<h4>HYV\u00c4T KULKUYHTEYDET JA REILUSTI PARKKIPAIKKOJA<\/h4>\n<p>Sijaitsemme 15 minuutin ajomatkan p\u00e4\u00e4ss\u00e4<span>\u00a0<\/span><a href=\"https:\/\/www.neste.fi\/konserni\/tietoa-meista\/yhteystiedot\/porvoon-jalostamo\" target=\"_blank\" rel=\"noopener\">Kilpilahden jalostamolta<\/a><span>\u00a0<\/span>ja hyv\u00e4t kulkuyhteydet mahdollistavat liikkumisen koko it\u00e4isen uudenmaan alueelle. Meilt\u00e4 l\u00f6ytyy paljon ilmaista parkkitilaa majoittujille.<\/p>\n<p>My\u00f6s raskaampi kalusto mahtuu hyvin\u00a0 parkkipaikallemme.<\/p>\n<p>Majoittujien palveluita ovat mm. pesutupa ja saunamahdolllisuus. Kaikissa huoneissamme on j\u00e4\u00e4kaapit ja omatoimiset ruokailut valmistuvat helposti hyvin varustetussa yhteiskeitti\u00f6ss\u00e4mme. Lis\u00e4ksi voit kysy\u00e4 laavua k\u00e4ytt\u00f6\u00f6n illan grillailuja varten.<\/p>\n<\/div>\n<\/div>\n<div class=\"uk-grid-item-match uk-flex-middle uk-width-1-3@m\">\n<div class=\"uk-panel uk-width-1-1\"><\/div>\n<\/div>\n<\/div>\n<\/div>\n<p>\n    <a href=\"\/meista\/yhteystiedot\/\">Ota yhteytt\u00e4 ><\/a>\n<\/p>\n<div>\n<p>        <img decoding=\"async\" src=\"\/wp-content\/uploads\/2023\/01\/IMG_1385-HDR-1-scaled.jpg\" alt=\"Sauna poukamassa\"><\/p>\n<h3>Majoittujille sauna mahdollisuus<\/h3>\n<\/div>\n<div>\n<h3>Palveluita pitk\u00e4aikaismajoitukseen<\/h3>\n<div>\n<ul>\n<li>Tilava ja ilmainen parkkipaikka<\/li>\n<li>Saunamahdollisuus<\/li>\n<li>Ateriapalvelut<\/li>\n<li>Pesutupa<\/li>\n<\/ul>\n<\/div>\n<\/div>\n<p><!--more--><br \/>\n<!-- {\"type\":\"layout\",\"children\":[{\"name\":\"sivun alku 2\",\"type\":\"section\",\"props\":{\"animation_delay\":false,\"image_position\":\"center-center\",\"overlap\":true,\"padding\":\"small\",\"padding_remove_bottom\":false,\"padding_remove_top\":true,\"style\":\"default\",\"title_breakpoint\":\"xl\",\"title_position\":\"top-left\",\"title_rotation\":\"left\",\"vertical_align\":\"middle\",\"width\":\"\"},\"children\":[{\"name\":\"\",\"type\":\"row\",\"props\":{\"margin_remove_bottom\":false},\"children\":[{\"name\":\"\",\"type\":\"column\",\"props\":{\"image_position\":\"center-center\",\"media_overlay_gradient\":\"\",\"position_sticky_breakpoint\":\"m\",\"width_medium\":\"1-1\"},\"children\":[{\"name\":\"\",\"type\":\"image\",\"props\":{\"image\":\"wp-content\\\/uploads\\\/2020\\\/12\\\/Kahden-hengen-huone.jpg\",\"image_alt\":\"Pitk\\u00e4aikainen majoitus Porvoossa\",\"image_height\":\"850\",\"image_svg_color\":\"emphasis\",\"image_width\":\"2560\",\"margin\":\"default\"}}]}]},{\"name\":\"\",\"type\":\"row\",\"props\":{\"layout\":\"2-3,1-3\",\"margin\":\"medium\",\"margin_remove_bottom\":false,\"margin_remove_top\":false,\"match\":false,\"padding_remove_horizontal\":false,\"width\":\"xlarge\"},\"children\":[{\"name\":\"\",\"type\":\"column\",\"props\":{\"image\":\"\",\"image_effect\":\"parallax\",\"image_height\":\"310\",\"image_parallax_bgy\":\"-110,-250\",\"image_parallax_easing\":\"1\",\"image_position\":\"top-left\",\"image_width\":\"260\",\"media_overlay_gradient\":\"\",\"position_sticky_breakpoint\":\"m\",\"style\":\"default\",\"width_medium\":\"2-3\"},\"children\":[{\"name\":\"\",\"type\":\"headline\",\"props\":{\"content\":\"Viihtys\\u00e4 majoitus ty\\u00f6miehille Porvoossa\",\"margin\":\"default\",\"margin_remove_bottom\":false,\"title_element\":\"div\",\"title_style\":\"h3\"}},{\"name\":\"\",\"type\":\"headline\",\"props\":{\"content\":\"Pitk\\u00e4aikainen majoitus Porvoossa\",\"margin\":\"medium\",\"margin_remove_bottom\":true,\"margin_remove_top\":false,\"title_element\":\"h1\"}},{\"name\":\"\",\"type\":\"text\",\"props\":{\"column_breakpoint\":\"l\",\"column_divider\":false,\"content\":\"\n\n<div data-id=\\\"page#19\\\">\\n\n\n<div class=\\\"uk-width-2-3@m uk-first-column\\\">\\n\n\n<div class=\\\"uk-panel uk-text-large uk-margin-medium uk-text-left\\\">\\n\n\n<h2>Tarvitsetko edullista ja mukavaa majoitusta Porvoossa l\\u00e4helt\\u00e4 Kilpilahden jalostamoa?<\\\/h2>\\n\n\n<p>Kokouspoukama tarjoaa edullista majoitusta ty\\u00f6matkalaisille Porvoossa. Meilt\\u00e4 saat edullista ja mukavaa majoitusta porvoon saaristossa niin luhyill\\u00e4 ty\\u00f6matkoilla kuin pidempien ty\\u00f6komennusten ajaksi. Majoituspalvelumme sopii erinomaisesti my\\u00f6s tilap\\u00e4ismajoitukseen remontin tai rakennusprojektin ajaksi.<\\\/p>\\n\n\n<h4>HYV\\u00c4T KULKUYHTEYDET JA REILUSTI PARKKIPAIKKOJA<\\\/h4>\\n\n\n<p>Sijaitsemme 15 minuutin ajomatkan p\\u00e4\\u00e4ss\\u00e4<span>\\u00a0<\\\/span><a href=\\\"https:\\\/\\\/www.neste.fi\\\/konserni\\\/tietoa-meista\\\/yhteystiedot\\\/porvoon-jalostamo\\\" target=\\\"_blank\\\" rel=\\\"noopener\\\">Kilpilahden jalostamolta<\\\/a><span>\\u00a0<\\\/span>ja hyv\\u00e4t kulkuyhteydet mahdollistavat liikkumisen koko it\\u00e4isen uudenmaan alueelle. Meilt\\u00e4 l\\u00f6ytyy paljon ilmaista parkkitilaa majoittujille.<\\\/p>\\n\n\n<p>My\\u00f6s raskaampi kalusto mahtuu hyvin\\u00a0 parkkipaikallemme.<\\\/p>\\n\n\n<p>Majoittujien palveluita ovat mm. pesutupa ja saunamahdolllisuus. Kaikissa huoneissamme on j\\u00e4\\u00e4kaapit ja omatoimiset ruokailut valmistuvat helposti hyvin varustetussa yhteiskeitti\\u00f6ss\\u00e4mme. Lis\\u00e4ksi voit kysy\\u00e4 laavua k\\u00e4ytt\\u00f6\\u00f6n illan grillailuja varten.<\\\/p>\\n<\\\/div>\\n<\\\/div>\\n\n\n<div class=\\\"uk-grid-item-match uk-flex-middle uk-width-1-3@m\\\">\\n\n\n<div class=\\\"uk-panel uk-width-1-1\\\"><\\\/div>\\n<\\\/div>\\n<\\\/div>\",\"margin\":\"default\",\"text_align_fallback\":\"left\"}},{\"name\":\"\",\"type\":\"button\",\"props\":{\"grid_column_gap\":\"small\",\"grid_row_gap\":\"small\",\"margin\":\"default\"},\"children\":[{\"name\":\"\",\"type\":\"button_item\",\"props\":{\"button_style\":\"text\",\"content\":\"Ota yhteytt\\u00e4 >\",\"icon_align\":\"left\",\"link\":\"meista\\\/yhteystiedot\\\/\"}}]}]},{\"type\":\"column\",\"props\":{\"image_position\":\"center-center\",\"media_overlay_gradient\":\"\",\"position_sticky\":\"\",\"position_sticky_breakpoint\":\"m\",\"width_medium\":\"1-3\"},\"children\":[{\"type\":\"overlay\",\"props\":{\"image\":\"wp-content\\\/uploads\\\/2023\\\/01\\\/IMG_1385-HDR-1-scaled.jpg\",\"image_alt\":\"Sauna poukamassa\",\"link_style\":\"default\",\"link_text\":\"Read more\",\"margin\":\"default\",\"meta_align\":\"below-title\",\"meta_element\":\"div\",\"meta_style\":\"text-meta\",\"overlay_hover\":true,\"overlay_margin\":\"large\",\"overlay_mode\":\"caption\",\"overlay_position\":\"center\",\"overlay_style\":\"overlay-default\",\"overlay_transition\":\"fade\",\"overlay_transition_background\":true,\"text_align\":\"center\",\"text_color\":\"light\",\"title\":\"Majoittujille sauna mahdollisuus\",\"title_element\":\"h3\",\"title_hover_style\":\"reset\"}},{\"type\":\"panel\",\"props\":{\"content\":\"\n\n<ul>\\n\n\n<li>Tilava ja ilmainen parkkipaikka<\\\/li>\\n\n\n<li>Saunamahdollisuus<\\\/li>\\n\n\n<li>Ateriapalvelut<\\\/li>\\n\n\n<li>Pesutupa<\\\/li>\\n<\\\/ul>\",\"content_column_breakpoint\":\"m\",\"icon_width\":80,\"image_align\":\"top\",\"image_grid_breakpoint\":\"m\",\"image_grid_width\":\"1-2\",\"image_svg_color\":\"emphasis\",\"link_style\":\"default\",\"link_text\":\"Read more\",\"margin\":\"default\",\"meta_align\":\"below-title\",\"meta_element\":\"div\",\"meta_style\":\"text-meta\",\"title\":\"Palveluita pitk\\u00e4aikaismajoitukseen\",\"title_align\":\"top\",\"title_element\":\"h3\",\"title_grid_breakpoint\":\"m\",\"title_grid_width\":\"1-2\",\"title_hover_style\":\"reset\"}}]}]}]}],\"version\":\"3.0.18\"} --><\/p>\n","protected":false},"excerpt":{"rendered":"<p>Viihtys\u00e4 majoitus ty\u00f6miehille Porvoossa Pitk\u00e4aikainen majoitus Porvoossa Tarvitsetko edullista ja mukavaa majoitusta Porvoossa l\u00e4helt\u00e4 Kilpilahden jalostamoa? Kokouspoukama tarjoaa edullista majoitusta ty\u00f6matkalaisille Porvoossa. Meilt\u00e4 saat edullista ja mukavaa majoitusta porvoon saaristossa [&hellip;]<\/p>\n","protected":false},"author":6,"featured_media":0,"parent":749,"menu_order":1,"comment_status":"closed","ping_status":"closed","template":"","meta":{"footnotes":""},"class_list":["post-36455","page","type-page","status-publish","hentry"],"yoast_head":"<!-- This site is optimized with the Yoast SEO Premium plugin v27.4 (Yoast SEO v27.4) - https:\/\/yoast.com\/product\/yoast-seo-premium-wordpress\/ -->\n<title>Pitk\u00e4aikainen majoitus Porvoossa - El\u00e4myspoukama<\/title>\n<meta name=\"description\" content=\"Viihtyis\u00e4 majoitus komennusmiehille Porvoossa lyhyeksi tai pidemm\u00e4ksikin aikaa. Sauna ja pesutupa mahdollisuus majoittujille.\" \/>\n<meta name=\"robots\" content=\"index, follow, max-snippet:-1, max-image-preview:large, max-video-preview:-1\" \/>\n<link rel=\"canonical\" href=\"https:\/\/elamyspoukama.fi\/en\/hotelli-poukama\/porvoo-majoitus\/\" \/>\n<meta property=\"og:locale\" content=\"en_US\" \/>\n<meta property=\"og:type\" content=\"article\" \/>\n<meta property=\"og:title\" content=\"Pitk\u00e4aikainen majoitus Porvoossa\" \/>\n<meta property=\"og:description\" content=\"Viihtyis\u00e4 majoitus komennusmiehille Porvoossa lyhyeksi tai pidemm\u00e4ksikin aikaa. Sauna ja pesutupa mahdollisuus majoittujille.\" \/>\n<meta property=\"og:url\" content=\"https:\/\/elamyspoukama.fi\/en\/hotelli-poukama\/porvoo-majoitus\/\" \/>\n<meta property=\"og:site_name\" content=\"El\u00e4myspoukama\" \/>\n<meta property=\"article:publisher\" content=\"https:\/\/www.facebook.com\/Kokouspoukama\/\" \/>\n<meta name=\"twitter:card\" content=\"summary_large_image\" \/>\n<meta name=\"twitter:label1\" content=\"Est. reading time\" \/>\n\t<meta name=\"twitter:data1\" content=\"2 minutes\" \/>\n<script type=\"application\/ld+json\" class=\"yoast-schema-graph\">{\"@context\":\"https:\\\/\\\/schema.org\",\"@graph\":[{\"@type\":\"WebPage\",\"@id\":\"https:\\\/\\\/elamyspoukama.fi\\\/en\\\/hotelli-poukama\\\/porvoo-majoitus\\\/\",\"url\":\"https:\\\/\\\/elamyspoukama.fi\\\/en\\\/hotelli-poukama\\\/porvoo-majoitus\\\/\",\"name\":\"Pitk\u00e4aikainen majoitus Porvoossa - El\u00e4myspoukama\",\"isPartOf\":{\"@id\":\"https:\\\/\\\/elamyspoukama.fi\\\/en\\\/#website\"},\"datePublished\":\"2023-01-11T13:16:33+00:00\",\"description\":\"Viihtyis\u00e4 majoitus komennusmiehille Porvoossa lyhyeksi tai pidemm\u00e4ksikin aikaa. Sauna ja pesutupa mahdollisuus majoittujille.\",\"breadcrumb\":{\"@id\":\"https:\\\/\\\/elamyspoukama.fi\\\/en\\\/hotelli-poukama\\\/porvoo-majoitus\\\/#breadcrumb\"},\"inLanguage\":\"en-US\",\"potentialAction\":[{\"@type\":\"ReadAction\",\"target\":[\"https:\\\/\\\/elamyspoukama.fi\\\/en\\\/hotelli-poukama\\\/porvoo-majoitus\\\/\"]}]},{\"@type\":\"BreadcrumbList\",\"@id\":\"https:\\\/\\\/elamyspoukama.fi\\\/en\\\/hotelli-poukama\\\/porvoo-majoitus\\\/#breadcrumb\",\"itemListElement\":[{\"@type\":\"ListItem\",\"position\":1,\"name\":\"Home\",\"item\":\"https:\\\/\\\/elamyspoukama.fi\\\/en\\\/\"},{\"@type\":\"ListItem\",\"position\":2,\"name\":\"El\u00e4myshotelli\",\"item\":\"https:\\\/\\\/elamyspoukama.fi\\\/en\\\/hotelli-poukama\\\/\"},{\"@type\":\"ListItem\",\"position\":3,\"name\":\"Pitk\u00e4aikainen majoitus Porvoossa\"}]},{\"@type\":\"WebSite\",\"@id\":\"https:\\\/\\\/elamyspoukama.fi\\\/en\\\/#website\",\"url\":\"https:\\\/\\\/elamyspoukama.fi\\\/en\\\/\",\"name\":\"El\u00e4myspoukama\",\"description\":\"Tekemist\u00e4 porvoossa\",\"publisher\":{\"@id\":\"https:\\\/\\\/elamyspoukama.fi\\\/en\\\/#organization\"},\"potentialAction\":[{\"@type\":\"SearchAction\",\"target\":{\"@type\":\"EntryPoint\",\"urlTemplate\":\"https:\\\/\\\/elamyspoukama.fi\\\/en\\\/?s={search_term_string}\"},\"query-input\":{\"@type\":\"PropertyValueSpecification\",\"valueRequired\":true,\"valueName\":\"search_term_string\"}}],\"inLanguage\":\"en-US\"},{\"@type\":\"Organization\",\"@id\":\"https:\\\/\\\/elamyspoukama.fi\\\/en\\\/#organization\",\"name\":\"Kokouspoukama\",\"url\":\"https:\\\/\\\/elamyspoukama.fi\\\/en\\\/\",\"logo\":{\"@type\":\"ImageObject\",\"inLanguage\":\"en-US\",\"@id\":\"https:\\\/\\\/elamyspoukama.fi\\\/en\\\/#\\\/schema\\\/logo\\\/image\\\/\",\"url\":\"https:\\\/\\\/elamyspoukama.fi\\\/wp-content\\\/uploads\\\/2018\\\/06\\\/Poukama_logo_secondary_black-e1530794758505.png\",\"contentUrl\":\"https:\\\/\\\/elamyspoukama.fi\\\/wp-content\\\/uploads\\\/2018\\\/06\\\/Poukama_logo_secondary_black-e1530794758505.png\",\"width\":200,\"height\":200,\"caption\":\"Kokouspoukama\"},\"image\":{\"@id\":\"https:\\\/\\\/elamyspoukama.fi\\\/en\\\/#\\\/schema\\\/logo\\\/image\\\/\"},\"sameAs\":[\"https:\\\/\\\/www.facebook.com\\\/Kokouspoukama\\\/\",\"https:\\\/\\\/www.instagram.com\\\/kokouspoukama\\\/\"]}]}<\/script>\n<!-- \/ Yoast SEO Premium plugin. -->","yoast_head_json":{"title":"Pitk\u00e4aikainen majoitus Porvoossa - El\u00e4myspoukama","description":"Viihtyis\u00e4 majoitus komennusmiehille Porvoossa lyhyeksi tai pidemm\u00e4ksikin aikaa. Sauna ja pesutupa mahdollisuus majoittujille.","robots":{"index":"index","follow":"follow","max-snippet":"max-snippet:-1","max-image-preview":"max-image-preview:large","max-video-preview":"max-video-preview:-1"},"canonical":"https:\/\/elamyspoukama.fi\/en\/hotelli-poukama\/porvoo-majoitus\/","og_locale":"en_US","og_type":"article","og_title":"Pitk\u00e4aikainen majoitus Porvoossa","og_description":"Viihtyis\u00e4 majoitus komennusmiehille Porvoossa lyhyeksi tai pidemm\u00e4ksikin aikaa. Sauna ja pesutupa mahdollisuus majoittujille.","og_url":"https:\/\/elamyspoukama.fi\/en\/hotelli-poukama\/porvoo-majoitus\/","og_site_name":"El\u00e4myspoukama","article_publisher":"https:\/\/www.facebook.com\/Kokouspoukama\/","twitter_card":"summary_large_image","twitter_misc":{"Est. reading time":"2 minutes"},"schema":{"@context":"https:\/\/schema.org","@graph":[{"@type":"WebPage","@id":"https:\/\/elamyspoukama.fi\/en\/hotelli-poukama\/porvoo-majoitus\/","url":"https:\/\/elamyspoukama.fi\/en\/hotelli-poukama\/porvoo-majoitus\/","name":"Pitk\u00e4aikainen majoitus Porvoossa - El\u00e4myspoukama","isPartOf":{"@id":"https:\/\/elamyspoukama.fi\/en\/#website"},"datePublished":"2023-01-11T13:16:33+00:00","description":"Viihtyis\u00e4 majoitus komennusmiehille Porvoossa lyhyeksi tai pidemm\u00e4ksikin aikaa. Sauna ja pesutupa mahdollisuus majoittujille.","breadcrumb":{"@id":"https:\/\/elamyspoukama.fi\/en\/hotelli-poukama\/porvoo-majoitus\/#breadcrumb"},"inLanguage":"en-US","potentialAction":[{"@type":"ReadAction","target":["https:\/\/elamyspoukama.fi\/en\/hotelli-poukama\/porvoo-majoitus\/"]}]},{"@type":"BreadcrumbList","@id":"https:\/\/elamyspoukama.fi\/en\/hotelli-poukama\/porvoo-majoitus\/#breadcrumb","itemListElement":[{"@type":"ListItem","position":1,"name":"Home","item":"https:\/\/elamyspoukama.fi\/en\/"},{"@type":"ListItem","position":2,"name":"El\u00e4myshotelli","item":"https:\/\/elamyspoukama.fi\/en\/hotelli-poukama\/"},{"@type":"ListItem","position":3,"name":"Pitk\u00e4aikainen majoitus Porvoossa"}]},{"@type":"WebSite","@id":"https:\/\/elamyspoukama.fi\/en\/#website","url":"https:\/\/elamyspoukama.fi\/en\/","name":"El\u00e4myspoukama","description":"Tekemist\u00e4 porvoossa","publisher":{"@id":"https:\/\/elamyspoukama.fi\/en\/#organization"},"potentialAction":[{"@type":"SearchAction","target":{"@type":"EntryPoint","urlTemplate":"https:\/\/elamyspoukama.fi\/en\/?s={search_term_string}"},"query-input":{"@type":"PropertyValueSpecification","valueRequired":true,"valueName":"search_term_string"}}],"inLanguage":"en-US"},{"@type":"Organization","@id":"https:\/\/elamyspoukama.fi\/en\/#organization","name":"Kokouspoukama","url":"https:\/\/elamyspoukama.fi\/en\/","logo":{"@type":"ImageObject","inLanguage":"en-US","@id":"https:\/\/elamyspoukama.fi\/en\/#\/schema\/logo\/image\/","url":"https:\/\/elamyspoukama.fi\/wp-content\/uploads\/2018\/06\/Poukama_logo_secondary_black-e1530794758505.png","contentUrl":"https:\/\/elamyspoukama.fi\/wp-content\/uploads\/2018\/06\/Poukama_logo_secondary_black-e1530794758505.png","width":200,"height":200,"caption":"Kokouspoukama"},"image":{"@id":"https:\/\/elamyspoukama.fi\/en\/#\/schema\/logo\/image\/"},"sameAs":["https:\/\/www.facebook.com\/Kokouspoukama\/","https:\/\/www.instagram.com\/kokouspoukama\/"]}]}},"_links":{"self":[{"href":"https:\/\/elamyspoukama.fi\/en\/wp-json\/wp\/v2\/pages\/36455","targetHints":{"allow":["GET"]}}],"collection":[{"href":"https:\/\/elamyspoukama.fi\/en\/wp-json\/wp\/v2\/pages"}],"about":[{"href":"https:\/\/elamyspoukama.fi\/en\/wp-json\/wp\/v2\/types\/page"}],"author":[{"embeddable":true,"href":"https:\/\/elamyspoukama.fi\/en\/wp-json\/wp\/v2\/users\/6"}],"replies":[{"embeddable":true,"href":"https:\/\/elamyspoukama.fi\/en\/wp-json\/wp\/v2\/comments?post=36455"}],"version-history":[{"count":0,"href":"https:\/\/elamyspoukama.fi\/en\/wp-json\/wp\/v2\/pages\/36455\/revisions"}],"up":[{"embeddable":true,"href":"https:\/\/elamyspoukama.fi\/en\/wp-json\/wp\/v2\/pages\/749"}],"wp:attachment":[{"href":"https:\/\/elamyspoukama.fi\/en\/wp-json\/wp\/v2\/media?parent=36455"}],"curies":[{"name":"wp","href":"https:\/\/api.w.org\/{rel}","templated":true}]}}