{"id":37253,"date":"2023-04-27T08:42:47","date_gmt":"2023-04-27T08:42:47","guid":{"rendered":"https:\/\/elamyspoukama.fi\/?page_id=37253"},"modified":"2025-05-21T16:01:53","modified_gmt":"2025-05-21T13:01:53","slug":"vuokraa-soutuvene-porvoossa","status":"publish","type":"page","link":"https:\/\/elamyspoukama.fi\/en\/vuokraa-soutuvene-porvoossa\/","title":{"rendered":"Vuokraa soutuvene Porvoossa"},"content":{"rendered":"<div>\n<h2>Alla olevasta kalenterista voit varata soutuveneen<\/h2>\n<\/p>\n<\/div>\n<div>\n<div class=\"uk-grid tm-grid-expand uk-child-width-1-1 uk-grid-margin\">\n<div class=\"uk-width-1-1\">\n<h1><span>Vuokraa soutuvene<\/span><\/h1>\n<\/div>\n<\/div>\n<div class=\"uk-grid tm-grid-expand uk-child-width-1-1 uk-grid-margin\">\n<div class=\"uk-width-1-1\">\n<div class=\"uk-panel uk-margin\">\n<p>Alla olevasta kalenterista voit varata itsellesi laadukkaan soutuveneen. Soutuvene on maksimissaan 3 hengelle ja soveltuu kalastuksen lis\u00e4ksi saariston maisemista ja rauhasta nauttimiseen.<\/p>\n<p>Huom! Minimivuokraus aika on 1 tunti ja vuokraukset<span>\u00a0<\/span><strong>alkavat ja p\u00e4\u00e4ttyv\u00e4t kahvila Jemman aukioloaikoina.<\/strong><\/p>\n<h3>SOUTVENEEN VUOKRAUSTEN MAKSAMINEN JA OHJEISTUS<\/h3>\n<div class=\"uk-grid tm-grid-expand uk-child-width-1-1\">\n<ol>\n<li>Valitse haluamasi m\u00e4\u00e4r\u00e4 tuotteita<\/li>\n<li>Valitse haluamasi p\u00e4iv\u00e4m\u00e4\u00e4r\u00e4. (Saatavilla olevat p\u00e4iv\u00e4t ovat ilman v\u00e4ri\u00e4 ja valittup\u00e4iv\u00e4 muuttuu vihre\u00e4ksi)<\/li>\n<li>Paina \u2018seuraava\u2019<\/li>\n<li>Tarkista tilauksen tiedot ja paina \u2018Vahvistan\u2019<\/li>\n<li>Anna pyydetyt tiedot (Pakolliset merkattu *).\u00a0<\/li>\n<li>Hyv\u00e4ksy varausehdot ja halutessasi markkinointilupa ja paina \u2018Varaa\u2019<\/li>\n<li>Saat s\u00e4hk\u00f6postiisi vahvistuksen. Maksu suoritetaan saavuttaessa kahvila jemmaan. Saavuthan paikalle 15 minuuttia ennen varauksen alkua.<\/li>\n<li><span>Soutuvene palautetaan puhdistettuna ja kuivattuna vuokrauksen p\u00e4\u00e4ttymisaikaan menness\u00e4.<\/span><\/li>\n<\/ol>\n<\/div>\n<h4>HUOM!<\/h4>\n<p>Ongelmatilanteissa voit olla meihin yhteydess\u00e4<span>\u00a0<\/span><span>yhteydess\u00e4 joko s\u00e4hk\u00f6postilla tapahtumat@elamyspoukama.fi tai 040 1649993.<\/span><\/p>\n<p>Aivan kaikki kalustomme ei ole varattavissa verkkokaupasta joten jos et l\u00f6yd\u00e4 haluamaasi saatavuutta, niin ole my\u00f6s silloin yhteydess\u00e4 meihin.<\/p>\n<h4>MAKSUTAVAT KAHVILA JEMMASSA<\/h4>\n<p>Korttien ja k\u00e4teisen lis\u00e4ksi meille k\u00e4y sek\u00e4 Edenred ja Smartum liikuntaedut.<\/p>\n<blockquote>\n<p>HUOM ! LIIKUNTAEDULLA MAKSETTAESSA MAKSUTAPALIS\u00c4 5 \u20ac \/ TILAUS<\/p>\n<\/blockquote>\n<h4>MUKANA TULEVAT VARUSTEET<\/h4>\n<p>Mukana tulee uimataitoiselle tarkoitettu melontaliivi, kuivaus-sieni sek\u00e4 kartta l\u00e4hialueesta.<\/p>\n<p>Soutuveneen vuokraus on tarkoitettu perusasiat osaavalle ja itsen\u00e4isesti toimivalle vuokraajalle.<\/p>\n<p>Jos tarvitset alkuopastusta niin ole yhteydess\u00e4 vuokraamoon ennen varausta s\u00e4hk\u00f6postilla tai puhelimitse.<\/p>\n<p>Muista varata s\u00e4\u00e4nmukaista vaatetusta sek\u00e4 juomista &amp; v\u00e4lipalaa. Ev\u00e4it\u00e4 voit ostaa my\u00f6s kahvila jemmasta.<\/p>\n<p>Tehdess\u00e4si tilauksen hyv\u00e4ksyt vuokra- ja k\u00e4ytt\u00f6ehdot, tuotteiden hinnat sek\u00e4 toimituskulut. Tutustu el\u00e4myspoukaman vuokrauksen<a href=\"https:\/\/elamyspoukama.fi\/wp-content\/uploads\/2022\/05\/Yleiset-vuokraehdot-2022.pdf\"><span>\u00a0<\/span>ehtoihin<\/a><span>\u00a0<\/span>.<\/p>\n<p>Tuotteiden hinnat sis\u00e4lt\u00e4v\u00e4t arvonlis\u00e4veron.<\/p>\n<p>Poukama ja kahvila Jemma pid\u00e4tt\u00e4\u00e4 oikeuden hintojen muutoksiin.<\/p>\n<\/div>\n<\/div>\n<\/div>\n<\/div>\n<div>\n<p>    <!-- Calendar tag --><\/p>\n<div id=\"actcldr243\"><\/div>\n<p><!-- Calendar loader. Insert in footer. --><br \/>\n<script type=\"text\/javascript\" >\n(function(w,d,t,u,f,k,a){w[f]=w[f]||function(){(w[f].a=w[f].a||[]).push(arguments)};\nk=d.createElement(t),a=d.getElementsByTagName(t)[0],k.async=1,k.src=u,a.parentNode.insertBefore(k,a)})\n(window, document, \"script\", \"https:\/\/kalenteri.webia.fi\/static\/minjs\/activity_tag.js\", \"bc\");\nbc(243, {target: 'actcldr243',});\n<\/script>\n<\/div>\n<p><!--more--><br \/>\n<!-- {\"type\":\"layout\",\"children\":[{\"name\":\"El\\u00e4myspoukaman sivun yl\\u00e4osa\",\"type\":\"section\",\"props\":{\"header_transparent_noplaceholder\":true,\"height\":\"viewport\",\"height_offset_top\":true,\"height_viewport\":80,\"image\":\"wp-content\\\/uploads\\\/2023\\\/04\\\/soutuveneet-scaled.jpg\",\"image_position\":\"center-center\",\"image_size\":\"cover\",\"overlap\":true,\"padding_remove_top\":false,\"style\":\"secondary\",\"title_breakpoint\":\"xl\",\"title_position\":\"top-left\",\"title_rotation\":\"left\",\"vertical_align\":\"middle\",\"width\":\"xlarge\"},\"children\":[{\"type\":\"row\",\"children\":[{\"type\":\"column\",\"props\":{\"image_position\":\"center-center\",\"position_sticky_breakpoint\":\"m\"}}]}]},{\"type\":\"section\",\"props\":{\"image_position\":\"center-center\",\"style\":\"default\",\"title_breakpoint\":\"xl\",\"title_position\":\"top-left\",\"title_rotation\":\"left\",\"vertical_align\":\"\",\"width\":\"default\"},\"children\":[{\"type\":\"row\",\"children\":[{\"type\":\"column\",\"props\":{\"image_position\":\"center-center\",\"position_sticky_breakpoint\":\"m\"},\"children\":[{\"type\":\"text\",\"props\":{\"column_breakpoint\":\"m\",\"content\":\"\n\n<h2>Alla olevasta kalenterista voit varata soutuveneen<\\\/h2>\\n\n\n<p><\\\/p>\",\"margin\":\"default\"}},{\"type\":\"text\",\"props\":{\"column_breakpoint\":\"m\",\"content\":\"\n\n<div class=\\\"uk-grid tm-grid-expand uk-child-width-1-1 uk-grid-margin\\\">\\n\n\n<div class=\\\"uk-width-1-1\\\">\\n\n\n<h1><span>Vuokraa soutuvene<\\\/span><\\\/h1>\\n<\\\/div>\\n<\\\/div>\\n\n\n<div class=\\\"uk-grid tm-grid-expand uk-child-width-1-1 uk-grid-margin\\\">\\n\n\n<div class=\\\"uk-width-1-1\\\">\\n\n\n<div class=\\\"uk-panel uk-margin\\\">\\n\n\n<p>Alla olevasta kalenterista voit varata itsellesi laadukkaan soutuveneen. Soutuvene on maksimissaan 3 hengelle ja soveltuu kalastuksen lis\\u00e4ksi saariston maisemista ja rauhasta nauttimiseen.<\\\/p>\\n\n\n<p><br \\\/>Huom! Minimivuokraus aika on 1 tunti ja vuokraukset<span>\\u00a0<\\\/span><strong>alkavat ja p\\u00e4\\u00e4ttyv\\u00e4t kahvila Jemman aukioloaikoina.<\\\/strong><\\\/p>\\n\n\n<h3>SOUTVENEEN VUOKRAUSTEN MAKSAMINEN JA OHJEISTUS<\\\/h3>\\n\n\n<div class=\\\"uk-grid tm-grid-expand uk-child-width-1-1\\\">\\n\n\n<ol>\\n\n\n<li>Valitse haluamasi m\\u00e4\\u00e4r\\u00e4 tuotteita<\\\/li>\\n\n\n<li>Valitse haluamasi p\\u00e4iv\\u00e4m\\u00e4\\u00e4r\\u00e4. (Saatavilla olevat p\\u00e4iv\\u00e4t ovat ilman v\\u00e4ri\\u00e4 ja valittup\\u00e4iv\\u00e4 muuttuu vihre\\u00e4ksi)<\\\/li>\\n\n\n<li>Paina \\u2018seuraava\\u2019<\\\/li>\\n\n\n<li>Tarkista tilauksen tiedot ja paina \\u2018Vahvistan\\u2019<\\\/li>\\n\n\n<li>Anna pyydetyt tiedot (Pakolliset merkattu *).\\u00a0<\\\/li>\\n\n\n<li>Hyv\\u00e4ksy varausehdot ja halutessasi markkinointilupa ja paina \\u2018Varaa\\u2019<\\\/li>\\n\n\n<li>Saat s\\u00e4hk\\u00f6postiisi vahvistuksen. Maksu suoritetaan saavuttaessa kahvila jemmaan. Saavuthan paikalle 15 minuuttia ennen varauksen alkua.<\\\/li>\\n\n\n<li><span>Soutuvene palautetaan puhdistettuna ja kuivattuna vuokrauksen p\\u00e4\\u00e4ttymisaikaan menness\\u00e4.<\\\/span><\\\/li>\\n<\\\/ol>\\n<\\\/div>\\n\n\n<h4>HUOM!<\\\/h4>\\n\n\n<p>Ongelmatilanteissa voit olla meihin yhteydess\\u00e4<span>\\u00a0<\\\/span><span>yhteydess\\u00e4 joko s\\u00e4hk\\u00f6postilla tapahtumat@elamyspoukama.fi tai 040 1649993.<\\\/span><\\\/p>\\n\n\n<p>Aivan kaikki kalustomme ei ole varattavissa verkkokaupasta joten jos et l\\u00f6yd\\u00e4 haluamaasi saatavuutta, niin ole my\\u00f6s silloin yhteydess\\u00e4 meihin.<\\\/p>\\n\n\n<h4>MAKSUTAVAT KAHVILA JEMMASSA<\\\/h4>\\n\n\n<p>Korttien ja k\\u00e4teisen lis\\u00e4ksi meille k\\u00e4y sek\\u00e4 Edenred ja Smartum liikuntaedut.<\\\/p>\\n\n\n<blockquote>\\n\n\n<p>HUOM ! LIIKUNTAEDULLA MAKSETTAESSA MAKSUTAPALIS\\u00c4 5 \\u20ac \\\/ TILAUS<\\\/p>\\n<\\\/blockquote>\\n\n\n<h4>MUKANA TULEVAT VARUSTEET<\\\/h4>\\n\n\n<p>Mukana tulee uimataitoiselle tarkoitettu melontaliivi, kuivaus-sieni sek\\u00e4 kartta l\\u00e4hialueesta.<\\\/p>\\n\n\n<p>Soutuveneen vuokraus on tarkoitettu perusasiat osaavalle ja itsen\\u00e4isesti toimivalle vuokraajalle.<\\\/p>\\n\n\n<p>Jos tarvitset alkuopastusta niin ole yhteydess\\u00e4 vuokraamoon ennen varausta s\\u00e4hk\\u00f6postilla tai puhelimitse.<\\\/p>\\n\n\n<p>Muista varata s\\u00e4\\u00e4nmukaista vaatetusta sek\\u00e4 juomista &amp; v\\u00e4lipalaa. Ev\\u00e4it\\u00e4 voit ostaa my\\u00f6s kahvila jemmasta.<\\\/p>\\n\n\n<p>Tehdess\\u00e4si tilauksen hyv\\u00e4ksyt vuokra- ja k\\u00e4ytt\\u00f6ehdot, tuotteiden hinnat sek\\u00e4 toimituskulut. Tutustu el\\u00e4myspoukaman vuokrauksen<a href=\\\"https:\\\/\\\/elamyspoukama.fi\\\/wp-content\\\/uploads\\\/2022\\\/05\\\/Yleiset-vuokraehdot-2022.pdf\\\"><span>\\u00a0<\\\/span>ehtoihin<\\\/a><span>\\u00a0<\\\/span>.<\\\/p>\\n\n\n<p>Tuotteiden hinnat sis\\u00e4lt\\u00e4v\\u00e4t arvonlis\\u00e4veron.<\\\/p>\\n\n\n<p>Poukama ja kahvila Jemma pid\\u00e4tt\\u00e4\\u00e4 oikeuden hintojen muutoksiin.<\\\/p>\\n<\\\/div>\\n<\\\/div>\\n<\\\/div>\",\"margin\":\"default\"}},{\"type\":\"html\",\"props\":{\"content\":\"<!-- Calendar tag -->\\n<\/p>\n<div id=\\\"actcldr243\\\"><\\\/div>\\n\\n<!-- Calendar loader. Insert in footer. -->\\n<script type=\\\"text\\\/javascript\\\" >\\n(function(w,d,t,u,f,k,a){w[f]=w[f]||function(){(w[f].a=w[f].a||[]).push(arguments)};\\nk=d.createElement(t),a=d.getElementsByTagName(t)[0],k.async=1,k.src=u,a.parentNode.insertBefore(k,a)})\\n(window, document, \\\"script\\\", \\\"https:\\\/\\\/kalenteri.webia.fi\\\/static\\\/minjs\\\/activity_tag.js\\\", \\\"bc\\\");\\nbc(243, {target: 'actcldr243',});\\n<\\\/script>\"}}]}]}]}],\"version\":\"4.5.15\"} --><\/p>\n","protected":false},"excerpt":{"rendered":"<p>Alla olevasta kalenterista voit varata soutuveneen Vuokraa soutuvene Alla olevasta kalenterista voit varata itsellesi laadukkaan soutuveneen. Soutuvene on maksimissaan 3 hengelle ja soveltuu kalastuksen lis\u00e4ksi saariston maisemista ja rauhasta nauttimiseen. [&hellip;]<\/p>\n","protected":false},"author":6,"featured_media":0,"parent":0,"menu_order":0,"comment_status":"closed","ping_status":"closed","template":"","meta":{"_price":"","_stock":"","_tribe_ticket_header":"","_tribe_default_ticket_provider":"","_tribe_ticket_capacity":"0","_ticket_start_date":"","_ticket_end_date":"","_tribe_ticket_show_description":"","_tribe_ticket_show_not_going":false,"_tribe_ticket_use_global_stock":"","_tribe_ticket_global_stock_level":"","_global_stock_mode":"","_global_stock_cap":"","_tribe_rsvp_for_event":"","_tribe_ticket_going_count":"","_tribe_ticket_not_going_count":"","_tribe_tickets_list":"[]","_tribe_ticket_has_attendee_info_fields":false,"footnotes":"","_tec_slr_enabled":"","_tec_slr_layout":""},"class_list":["post-37253","page","type-page","status-publish","hentry"],"yoast_head":"<!-- This site is optimized with the Yoast SEO Premium plugin v27.3 (Yoast SEO v27.3) - https:\/\/yoast.com\/product\/yoast-seo-premium-wordpress\/ -->\n<title>Vuokraa soutuvene Porvoossa - El\u00e4myspoukama<\/title>\n<meta name=\"robots\" content=\"index, follow, max-snippet:-1, max-image-preview:large, max-video-preview:-1\" \/>\n<link rel=\"canonical\" href=\"https:\/\/elamyspoukama.fi\/vuokraa-soutuvene-porvoossa\/\" \/>\n<meta property=\"og:locale\" content=\"en_US\" \/>\n<meta property=\"og:type\" content=\"article\" \/>\n<meta property=\"og:title\" content=\"Vuokraa soutuvene Porvoossa\" \/>\n<meta property=\"og:description\" content=\"Alla olevasta kalenterista voit varata soutuveneen Vuokraa soutuvene Alla olevasta kalenterista voit varata itsellesi laadukkaan soutuveneen. Soutuvene on maksimissaan 3 hengelle ja soveltuu kalastuksen lis\u00e4ksi saariston maisemista ja rauhasta nauttimiseen. [&hellip;]\" \/>\n<meta property=\"og:url\" content=\"https:\/\/elamyspoukama.fi\/vuokraa-soutuvene-porvoossa\/\" \/>\n<meta property=\"og:site_name\" content=\"El\u00e4myspoukama\" \/>\n<meta property=\"article:publisher\" content=\"https:\/\/www.facebook.com\/Kokouspoukama\/\" \/>\n<meta property=\"article:modified_time\" content=\"2025-05-21T13:01:53+00:00\" \/>\n<meta name=\"twitter:card\" content=\"summary_large_image\" \/>\n<meta name=\"twitter:label1\" content=\"Est. reading time\" \/>\n\t<meta name=\"twitter:data1\" content=\"3 minutes\" \/>\n<script type=\"application\/ld+json\" class=\"yoast-schema-graph\">{\"@context\":\"https:\\\/\\\/schema.org\",\"@graph\":[{\"@type\":\"WebPage\",\"@id\":\"https:\\\/\\\/elamyspoukama.fi\\\/vuokraa-soutuvene-porvoossa\\\/\",\"url\":\"https:\\\/\\\/elamyspoukama.fi\\\/vuokraa-soutuvene-porvoossa\\\/\",\"name\":\"Vuokraa soutuvene Porvoossa - El\u00e4myspoukama\",\"isPartOf\":{\"@id\":\"https:\\\/\\\/elamyspoukama.fi\\\/#website\"},\"datePublished\":\"2023-04-27T08:42:47+00:00\",\"dateModified\":\"2025-05-21T13:01:53+00:00\",\"breadcrumb\":{\"@id\":\"https:\\\/\\\/elamyspoukama.fi\\\/vuokraa-soutuvene-porvoossa\\\/#breadcrumb\"},\"inLanguage\":\"en-US\",\"potentialAction\":[{\"@type\":\"ReadAction\",\"target\":[\"https:\\\/\\\/elamyspoukama.fi\\\/vuokraa-soutuvene-porvoossa\\\/\"]}]},{\"@type\":\"BreadcrumbList\",\"@id\":\"https:\\\/\\\/elamyspoukama.fi\\\/vuokraa-soutuvene-porvoossa\\\/#breadcrumb\",\"itemListElement\":[{\"@type\":\"ListItem\",\"position\":1,\"name\":\"Home\",\"item\":\"https:\\\/\\\/elamyspoukama.fi\\\/en\\\/\"},{\"@type\":\"ListItem\",\"position\":2,\"name\":\"Vuokraa soutuvene Porvoossa\"}]},{\"@type\":\"WebSite\",\"@id\":\"https:\\\/\\\/elamyspoukama.fi\\\/#website\",\"url\":\"https:\\\/\\\/elamyspoukama.fi\\\/\",\"name\":\"El\u00e4myspoukama\",\"description\":\"Tekemist\u00e4 porvoossa\",\"publisher\":{\"@id\":\"https:\\\/\\\/elamyspoukama.fi\\\/#organization\"},\"potentialAction\":[{\"@type\":\"SearchAction\",\"target\":{\"@type\":\"EntryPoint\",\"urlTemplate\":\"https:\\\/\\\/elamyspoukama.fi\\\/?s={search_term_string}\"},\"query-input\":{\"@type\":\"PropertyValueSpecification\",\"valueRequired\":true,\"valueName\":\"search_term_string\"}}],\"inLanguage\":\"en-US\"},{\"@type\":\"Organization\",\"@id\":\"https:\\\/\\\/elamyspoukama.fi\\\/#organization\",\"name\":\"Kokouspoukama\",\"url\":\"https:\\\/\\\/elamyspoukama.fi\\\/\",\"logo\":{\"@type\":\"ImageObject\",\"inLanguage\":\"en-US\",\"@id\":\"https:\\\/\\\/elamyspoukama.fi\\\/#\\\/schema\\\/logo\\\/image\\\/\",\"url\":\"https:\\\/\\\/elamyspoukama.fi\\\/wp-content\\\/uploads\\\/2018\\\/06\\\/Poukama_logo_secondary_black-e1530794758505.png\",\"contentUrl\":\"https:\\\/\\\/elamyspoukama.fi\\\/wp-content\\\/uploads\\\/2018\\\/06\\\/Poukama_logo_secondary_black-e1530794758505.png\",\"width\":200,\"height\":200,\"caption\":\"Kokouspoukama\"},\"image\":{\"@id\":\"https:\\\/\\\/elamyspoukama.fi\\\/#\\\/schema\\\/logo\\\/image\\\/\"},\"sameAs\":[\"https:\\\/\\\/www.facebook.com\\\/Kokouspoukama\\\/\",\"https:\\\/\\\/www.instagram.com\\\/kokouspoukama\\\/\"]}]}<\/script>\n<!-- \/ Yoast SEO Premium plugin. -->","yoast_head_json":{"title":"Vuokraa soutuvene Porvoossa - El\u00e4myspoukama","robots":{"index":"index","follow":"follow","max-snippet":"max-snippet:-1","max-image-preview":"max-image-preview:large","max-video-preview":"max-video-preview:-1"},"canonical":"https:\/\/elamyspoukama.fi\/vuokraa-soutuvene-porvoossa\/","og_locale":"en_US","og_type":"article","og_title":"Vuokraa soutuvene Porvoossa","og_description":"Alla olevasta kalenterista voit varata soutuveneen Vuokraa soutuvene Alla olevasta kalenterista voit varata itsellesi laadukkaan soutuveneen. Soutuvene on maksimissaan 3 hengelle ja soveltuu kalastuksen lis\u00e4ksi saariston maisemista ja rauhasta nauttimiseen. [&hellip;]","og_url":"https:\/\/elamyspoukama.fi\/vuokraa-soutuvene-porvoossa\/","og_site_name":"El\u00e4myspoukama","article_publisher":"https:\/\/www.facebook.com\/Kokouspoukama\/","article_modified_time":"2025-05-21T13:01:53+00:00","twitter_card":"summary_large_image","twitter_misc":{"Est. reading time":"3 minutes"},"schema":{"@context":"https:\/\/schema.org","@graph":[{"@type":"WebPage","@id":"https:\/\/elamyspoukama.fi\/vuokraa-soutuvene-porvoossa\/","url":"https:\/\/elamyspoukama.fi\/vuokraa-soutuvene-porvoossa\/","name":"Vuokraa soutuvene Porvoossa - El\u00e4myspoukama","isPartOf":{"@id":"https:\/\/elamyspoukama.fi\/#website"},"datePublished":"2023-04-27T08:42:47+00:00","dateModified":"2025-05-21T13:01:53+00:00","breadcrumb":{"@id":"https:\/\/elamyspoukama.fi\/vuokraa-soutuvene-porvoossa\/#breadcrumb"},"inLanguage":"en-US","potentialAction":[{"@type":"ReadAction","target":["https:\/\/elamyspoukama.fi\/vuokraa-soutuvene-porvoossa\/"]}]},{"@type":"BreadcrumbList","@id":"https:\/\/elamyspoukama.fi\/vuokraa-soutuvene-porvoossa\/#breadcrumb","itemListElement":[{"@type":"ListItem","position":1,"name":"Home","item":"https:\/\/elamyspoukama.fi\/en\/"},{"@type":"ListItem","position":2,"name":"Vuokraa soutuvene Porvoossa"}]},{"@type":"WebSite","@id":"https:\/\/elamyspoukama.fi\/#website","url":"https:\/\/elamyspoukama.fi\/","name":"El\u00e4myspoukama","description":"Tekemist\u00e4 porvoossa","publisher":{"@id":"https:\/\/elamyspoukama.fi\/#organization"},"potentialAction":[{"@type":"SearchAction","target":{"@type":"EntryPoint","urlTemplate":"https:\/\/elamyspoukama.fi\/?s={search_term_string}"},"query-input":{"@type":"PropertyValueSpecification","valueRequired":true,"valueName":"search_term_string"}}],"inLanguage":"en-US"},{"@type":"Organization","@id":"https:\/\/elamyspoukama.fi\/#organization","name":"Kokouspoukama","url":"https:\/\/elamyspoukama.fi\/","logo":{"@type":"ImageObject","inLanguage":"en-US","@id":"https:\/\/elamyspoukama.fi\/#\/schema\/logo\/image\/","url":"https:\/\/elamyspoukama.fi\/wp-content\/uploads\/2018\/06\/Poukama_logo_secondary_black-e1530794758505.png","contentUrl":"https:\/\/elamyspoukama.fi\/wp-content\/uploads\/2018\/06\/Poukama_logo_secondary_black-e1530794758505.png","width":200,"height":200,"caption":"Kokouspoukama"},"image":{"@id":"https:\/\/elamyspoukama.fi\/#\/schema\/logo\/image\/"},"sameAs":["https:\/\/www.facebook.com\/Kokouspoukama\/","https:\/\/www.instagram.com\/kokouspoukama\/"]}]}},"ticketed":false,"_links":{"self":[{"href":"https:\/\/elamyspoukama.fi\/en\/wp-json\/wp\/v2\/pages\/37253","targetHints":{"allow":["GET"]}}],"collection":[{"href":"https:\/\/elamyspoukama.fi\/en\/wp-json\/wp\/v2\/pages"}],"about":[{"href":"https:\/\/elamyspoukama.fi\/en\/wp-json\/wp\/v2\/types\/page"}],"author":[{"embeddable":true,"href":"https:\/\/elamyspoukama.fi\/en\/wp-json\/wp\/v2\/users\/6"}],"replies":[{"embeddable":true,"href":"https:\/\/elamyspoukama.fi\/en\/wp-json\/wp\/v2\/comments?post=37253"}],"version-history":[{"count":0,"href":"https:\/\/elamyspoukama.fi\/en\/wp-json\/wp\/v2\/pages\/37253\/revisions"}],"wp:attachment":[{"href":"https:\/\/elamyspoukama.fi\/en\/wp-json\/wp\/v2\/media?parent=37253"}],"curies":[{"name":"wp","href":"https:\/\/api.w.org\/{rel}","templated":true}]}}