{"id":39,"date":"2018-04-04T07:01:45","date_gmt":"2018-04-04T07:01:45","guid":{"rendered":"http:\/\/davas.info\/demot\/seikkailulaakso?page_id=39"},"modified":"2023-02-07T08:36:36","modified_gmt":"2023-02-07T08:36:36","slug":"juhlatilat","status":"publish","type":"page","link":"https:\/\/elamyspoukama.fi\/en\/juhlapalvelut\/juhlatilat\/","title":{"rendered":"Juhlatilat"},"content":{"rendered":"<p><img decoding=\"async\" src=\"wp-content\/uploads\/2019\/12\/3-scaled.jpg\" alt=\"Verkkovajan kattaus\"><\/p>\n<div>Merimaisemia jylh\u00e4lt\u00e4 kalliolta ja rustiikkista romantiikkaa<\/div>\n<h1>\n<p class=\"p1\">Juhlatilat porvoo<\/p>\n<\/h1>\n<div>\n<p class=\"p1\">J\u00e4rjest\u00e4 upeat juhlat Porvoon saaristossa. Sijaitsemme vain noin 15 minuutin ajomatkan p\u00e4\u00e4ss\u00e4 kaupungin vilskeest\u00e4\u00a0ja alle tunnin p\u00e4\u00e4ss\u00e4 ovat Helsinki, Kouvola, Kotka ja Hyvink\u00e4\u00e4.<\/p>\n<p class=\"p1\">Poukasta l\u00f6yd\u00e4t kolme erilaista juhlatilaa. Juhlatiloistamme suurimpaan, Merisaliin, mahtuu jopa 200 henke\u00e4. Intiimimm\u00e4t ja persoonallisemmat juhlat j\u00e4rjest\u00e4t Verkkovajassa ja Kalastajan venevajassa.<\/p>\n<p><a class=\"el-content uk-button uk-button-primary\" href=\"http:\/\/elamyspoukama.fi\/yhteystiedot\/\">Pyyd\u00e4 tarjous >><\/a><\/p>\n<\/div>\n<div>\n<div>\n<ul class=\"uk-list uk-text-right uk-list-divider uk-margin-medium-top\">\n<li>\n<div class=\"uk-h4 uk-float-left\">Merisali<\/div>\n<p>200 hl\u00f6\u00e4<\/li>\n<li>\n<div class=\"uk-h4 uk-float-left\">Kalastajan venevaja<\/div>\n<p>60\/110 hl\u00f6\u00e4<\/li>\n<li>\n<div class=\"uk-h4 uk-float-left\">Verkkovaja<\/div>\n<p>15-60 hl\u00f6\u00e4<\/li>\n<\/ul>\n<\/div>\n<\/div>\n<ul>\n<li>\n<p>        <img decoding=\"async\" src=\"wp-content\/uploads\/2018\/05\/kattaus-merisalissa.jpg\" alt=\"\"><\/p>\n<h3>Merisali<\/h3>\n<p>max 200 henkil\u00f6\u00e4<\/p>\n<div>\n<p>Korkealla kallionjyrk\u00e4nteell\u00e4 sijaitseva Merisali on valoisa ja avara juhlatila, jonka suurista ikkunoista avautuvat hulppeat maisemat merelle. Salista p\u00e4\u00e4see suoraan ulos osittain katetulle terassille. Merisaliin mahtuu hyvin jopa 200 juhlijaa ja tilaa j\u00e4\u00e4 viel\u00e4 b\u00e4ndille ja tanssillekin!<\/p>\n<\/div>\n<\/li>\n<li>\n<p>        <img decoding=\"async\" src=\"wp-content\/uploads\/2018\/05\/venevaja4.jpg\" alt=\"\"><\/p>\n<h3>Kalastajan venevaja<\/h3>\n<p>max 60\/110 henkil\u00f6\u00e4<\/p>\n<div>\n<p>Upea uniikki Kalastajan Venevaja on entis\u00f6ity vanhaa henke\u00e4 kunnioittaen. Vehre\u00e4ll\u00e4 rantalehdolla sijaitsevassa vajassa on autenttinen ja romanttinen tunnelma. Ikkunoista n\u00e4kyv\u00e4t kimmelt\u00e4v\u00e4t maisemat merelle. Juhlasalin ovista p\u00e4\u00e4see suoraan puuterassille, joka on osittain katettu paviljongilla ja johon osuvat auringonlaskun viimeisen s\u00e4teet. Terassilla juhlat jatkuvat satoi tai paistoi.<\/p>\n<\/div>\n<\/li>\n<li>\n<p>        <img decoding=\"async\" src=\"wp-content\/uploads\/2019\/12\/1-scaled-e1576137738242.jpg\" alt=\"Verkkovaja\"><\/p>\n<h3>Verkkovaja<\/h3>\n<p>max 15 henkil\u00f6\u00e4<\/p>\n<div>\n<p>Idyllinen Verkkovajamme henkii menneiden aikojen tunnelmaa. Meren v\u00e4lit\u00f6n l\u00e4heisyys, luonnon rauha ja kivitakka antavat juhlille persoonalliset puitteet. Juhlista voitte nauttia my\u00f6s terassilla, jolta avautuvat komeat maisemat kohti merta. Toista moista ei Porvoosta l\u00f6ydy!<\/p>\n<\/div>\n<\/li>\n<\/ul>\n<p>\n    <a href=\"yhteystiedot\/\">Kysy lis\u00e4\u00e4 ja pyyd\u00e4 tarjous<\/a>\n<\/p>\n<p><!-- {\"name\":\"\",\"type\":\"layout\",\"children\":[{\"name\":\"Alku\",\"type\":\"section\",\"props\":{\"style\":\"default\",\"width\":\"\",\"vertical_align\":\"middle\",\"title_position\":\"top-left\",\"title_rotation\":\"left\",\"title_breakpoint\":\"xl\",\"image_position\":\"center-center\",\"height\":\"\",\"overlap\":true,\"padding_remove_top\":true,\"animation\":\"\",\"animation_delay\":false,\"padding_remove_bottom\":true,\"image_effect\":\"\"},\"children\":[{\"name\":\"\",\"type\":\"row\",\"props\":{\"fixed_width\":\"large\",\"breakpoint\":\"m\",\"layout\":\"1-1\",\"margin_remove_bottom\":false},\"children\":[{\"name\":\"\",\"type\":\"column\",\"props\":{\"image_position\":\"center-center\",\"media_overlay_gradient\":\"\"},\"children\":[{\"name\":\"\",\"type\":\"image\",\"props\":{\"margin\":\"default\",\"image\":\"wp-content\\\/uploads\\\/2019\\\/12\\\/3-scaled.jpg\",\"image_width\":\"2560\",\"image_height\":\"500\",\"image_svg_color\":\"emphasis\",\"link_target\":\"\",\"image_border\":\"\",\"image_box_shadow\":\"\",\"image_hover_box_shadow\":\"\",\"image_box_decoration\":\"\",\"position\":\"\",\"position_z_index\":\"\",\"maxwidth\":\"\",\"maxwidth_breakpoint\":\"\",\"block_align\":\"\",\"block_align_breakpoint\":\"\",\"block_align_fallback\":\"\",\"text_align\":\"\",\"text_align_breakpoint\":\"\",\"text_align_fallback\":\"\",\"animation\":\"\",\"visibility\":\"\",\"image_alt\":\"Verkkovajan kattaus\"}}]}]},{\"name\":\"\",\"type\":\"row\",\"props\":{\"fixed_width\":\"xlarge\",\"breakpoint\":\"l\",\"layout\":\"2-3,1-3\",\"margin\":\"remove-vertical\",\"margin_remove_bottom\":false,\"width\":\"default\",\"margin_remove_top\":false,\"column_gap\":\"\",\"row_gap\":\"\"},\"children\":[{\"name\":\"\",\"type\":\"column\",\"props\":{\"image_position\":\"top-left\",\"image\":\"\",\"image_width\":\"260\",\"image_height\":\"310\",\"css\":\"\",\"media_blend_mode\":\"\",\"image_effect\":\"parallax\",\"image_parallax_bgy_start\":-110,\"image_parallax_bgy_end\":-250,\"media_overlay\":null,\"style\":\"default\",\"media_overlay_gradient\":\"\"},\"children\":[{\"name\":\"\",\"type\":\"headline\",\"props\":{\"title_element\":\"div\",\"content\":\"Merimaisemia jylh\\u00e4lt\\u00e4 kalliolta ja rustiikkista romantiikkaa\",\"title_style\":\"h3\",\"title_color\":\"primary\",\"margin\":\"default\",\"margin_remove_bottom\":false,\"title_decoration\":\"\",\"text_align\":\"\",\"text_align_breakpoint\":\"\",\"text_align_fallback\":\"\",\"maxwidth\":\"\",\"maxwidth_breakpoint\":\"\",\"animation\":\"\",\"visibility\":\"\",\"block_align\":\"\"}},{\"name\":\"\",\"type\":\"headline\",\"props\":{\"title_element\":\"h1\",\"content\":\"\n\n<p class=\\\"p1\\\">Juhlatilat porvoo<\\\/p>\",\"margin_remove_top\":true,\"margin\":\"medium\",\"margin_remove_bottom\":false,\"title_style\":\"\",\"title_decoration\":\"\",\"title_color\":\"\",\"text_align\":\"\",\"text_align_breakpoint\":\"\",\"text_align_fallback\":\"\",\"maxwidth\":\"\",\"maxwidth_breakpoint\":\"\",\"animation\":\"\",\"visibility\":\"\",\"block_align\":\"\"}},{\"name\":\"\",\"type\":\"text\",\"props\":{\"margin\":\"default\",\"column_breakpoint\":\"l\",\"maxwidth\":\"xxlarge\",\"content\":\"\n\n<p class=\\\"p1\\\">J\\u00e4rjest\\u00e4 upeat juhlat Porvoon saaristossa. Sijaitsemme vain noin 15 minuutin ajomatkan p\\u00e4\\u00e4ss\\u00e4 kaupungin vilskeest\\u00e4\\u00a0ja alle tunnin p\\u00e4\\u00e4ss\\u00e4 ovat Helsinki, Kouvola, Kotka ja Hyvink\\u00e4\\u00e4.<\\\/p>\\n\n\n<p class=\\\"p1\\\">Poukasta l\\u00f6yd\\u00e4t kolme erilaista juhlatilaa. Juhlatiloistamme suurimpaan, Merisaliin, mahtuu jopa 200 henke\\u00e4. Intiimimm\\u00e4t ja persoonallisemmat juhlat j\\u00e4rjest\\u00e4t Verkkovajassa ja Kalastajan venevajassa.<\\\/p>\\n\\n\n\n<p><a class=\\\"el-content uk-button uk-button-primary\\\" href=\\\"http:\\\/\\\/elamyspoukama.fi\\\/yhteystiedot\\\/\\\">Pyyd\\u00e4 tarjous >><\\\/a><\\\/p>\",\"text_align\":\"\",\"text_align_breakpoint\":\"\",\"text_align_fallback\":\"left\",\"column\":\"\",\"column_divider\":false,\"text_style\":\"\",\"text_color\":\"\",\"text_size\":\"\",\"maxwidth_breakpoint\":\"\",\"animation\":\"\",\"visibility\":\"\",\"block_align\":\"\",\"position\":\"\",\"position_z_index\":\"\",\"block_align_breakpoint\":\"\",\"block_align_fallback\":\"\"}}]},{\"name\":\"\",\"type\":\"column\",\"props\":{\"image_position\":\"center-center\",\"style\":\"\",\"preserve_color\":false,\"padding\":\"\",\"media_overlay_gradient\":\"\"},\"children\":[{\"name\":\"\",\"type\":\"panel\",\"props\":{\"link_text\":\"Read more\",\"title_element\":\"h3\",\"meta_style\":\"meta\",\"meta_align\":\"below-title\",\"icon_ratio\":4,\"image_align\":\"top\",\"image_grid_width\":\"1-2\",\"link_style\":\"default\",\"margin\":\"remove-vertical\",\"content\":\"\n\n<ul class=\\\"uk-list uk-text-right uk-list-divider uk-margin-medium-top\\\">\\n\n\n<li>\\n\n\n<div class=\\\"uk-h4 uk-float-left\\\">Merisali<\\\/div>\\n200 hl\\u00f6\\u00e4<\\\/li>\\n\n\n<li>\\n\n\n<div class=\\\"uk-h4 uk-float-left\\\">Kalastajan venevaja<\\\/div>\\n60\\\/110 hl\\u00f6\\u00e4<\\\/li>\\n\n\n<li>\\n\n\n<div class=\\\"uk-h4 uk-float-left\\\">Verkkovaja<\\\/div>\\n15-60 hl\\u00f6\\u00e4<\\\/li>\\n<\\\/ul>\\n\",\"css\":\"\",\"panel_style\":\"card-secondary\",\"panel_size\":\"small\",\"animation\":\"parallax\",\"parallax_y_start\":-80,\"parallax_y_end\":110,\"parallax_breakpoint\":\"l\",\"parallax_viewport\":\"\",\"parallax_target\":true,\"parallax_zindex\":false,\"visibility\":\"s\",\"image_grid_breakpoint\":\"m\",\"title_hover_style\":\"reset\",\"title_align\":\"top\",\"title_grid_width\":\"1-2\",\"title_grid_breakpoint\":\"m\",\"image_svg_color\":\"emphasis\",\"panel_content_padding\":\"\",\"title_style\":\"\",\"title_decoration\":\"\",\"title_font_family\":\"\",\"title_color\":\"\",\"title_grid_column_gap\":\"\",\"title_grid_row_gap\":\"\",\"title_margin\":\"\",\"meta_color\":\"\",\"meta_margin\":\"\",\"content_style\":\"\",\"content_margin\":\"\",\"image_transition\":\"\",\"image_border\":\"\",\"image_box_shadow\":\"\",\"image_hover_box_shadow\":\"\",\"image_box_decoration\":\"\",\"icon_color\":\"\",\"image_grid_column_gap\":\"\",\"image_grid_row_gap\":\"\",\"image_margin\":\"\",\"link_type\":\"\",\"link_size\":\"\",\"link_margin\":\"\",\"position\":\"\",\"position_z_index\":\"\",\"maxwidth\":\"\",\"maxwidth_breakpoint\":\"\",\"block_align\":\"\",\"block_align_breakpoint\":\"\",\"block_align_fallback\":\"\",\"text_align\":\"\",\"text_align_breakpoint\":\"\",\"text_align_fallback\":\"\"}}]}]}]},{\"name\":\"kokoustilat\",\"type\":\"section\",\"props\":{\"style\":\"secondary\",\"width\":\"default\",\"vertical_align\":\"middle\",\"title_position\":\"top-left\",\"title_rotation\":\"left\",\"title_breakpoint\":\"xl\",\"image_position\":\"center-center\",\"padding_remove_top\":false,\"padding\":\"\",\"animation\":\"slide-left-medium\",\"animation_delay\":true,\"overlap\":true,\"image_effect\":\"\"},\"children\":[{\"name\":\"\",\"type\":\"row\",\"props\":{\"fixed_width\":\"large\",\"breakpoint\":\"m\",\"layout\":\"1-1\",\"margin\":\"large\"},\"children\":[{\"name\":\"\",\"type\":\"column\",\"props\":{\"image_position\":\"center-center\",\"media_overlay_gradient\":\"\"},\"children\":[{\"name\":\"\",\"type\":\"grid\",\"props\":{\"show_title\":true,\"show_meta\":true,\"show_content\":true,\"show_image\":true,\"show_link\":true,\"grid_default\":\"1\",\"grid_medium\":\"3\",\"filter_style\":\"tab\",\"filter_all\":true,\"filter_position\":\"top\",\"filter_align\":\"left\",\"filter_grid_width\":\"auto\",\"title_element\":\"h3\",\"meta_style\":\"meta\",\"meta_align\":\"below-title\",\"icon_ratio\":4,\"image_align\":\"top\",\"image_grid_width\":\"1-2\",\"link_text\":\"Read more\",\"link_style\":\"default\",\"margin\":\"default\",\"filter_grid_breakpoint\":\"m\",\"image_grid_breakpoint\":\"m\",\"title_hover_style\":\"reset\",\"title_align\":\"top\",\"title_grid_width\":\"1-2\",\"title_grid_breakpoint\":\"m\",\"image_svg_color\":\"emphasis\",\"item_animation\":\"\",\"grid_column_gap\":\"\",\"grid_row_gap\":\"\",\"grid_small\":\"\",\"grid_large\":\"\",\"grid_xlarge\":\"\",\"filter_margin\":\"\",\"filter_grid_column_gap\":\"\",\"filter_grid_row_gap\":\"\",\"title_display\":\"\",\"content_display\":\"\",\"panel_style\":\"\",\"panel_content_padding\":\"\",\"panel_size\":\"\",\"item_maxwidth\":\"\",\"title_style\":\"\",\"title_decoration\":\"\",\"title_font_family\":\"\",\"title_color\":\"\",\"title_grid_column_gap\":\"\",\"title_grid_row_gap\":\"\",\"title_margin\":\"\",\"meta_color\":\"\",\"meta_margin\":\"\",\"content_style\":\"\",\"content_margin\":\"\",\"image_transition\":\"\",\"image_border\":\"\",\"image_box_shadow\":\"\",\"image_hover_box_shadow\":\"\",\"image_box_decoration\":\"\",\"icon_color\":\"\",\"image_grid_column_gap\":\"\",\"image_grid_row_gap\":\"\",\"image_margin\":\"\",\"link_type\":\"\",\"link_size\":\"\",\"link_margin\":\"\",\"position\":\"\",\"position_z_index\":\"\",\"maxwidth\":\"\",\"maxwidth_breakpoint\":\"\",\"block_align\":\"\",\"block_align_breakpoint\":\"\",\"block_align_fallback\":\"\",\"text_align\":\"\",\"text_align_breakpoint\":\"\",\"text_align_fallback\":\"\",\"visibility\":\"\"},\"children\":[{\"name\":\"\",\"type\":\"grid_item\",\"props\":{\"title\":\"Merisali\",\"meta\":\"max 200 henkil\\u00f6\\u00e4\",\"content\":\"\n\n<p>Korkealla kallionjyrk\\u00e4nteell\\u00e4 sijaitseva Merisali on valoisa ja avara juhlatila, jonka suurista ikkunoista avautuvat hulppeat maisemat merelle. Salista p\\u00e4\\u00e4see suoraan ulos osittain katetulle terassille. Merisaliin mahtuu hyvin jopa 200 juhlijaa ja tilaa j\\u00e4\\u00e4 viel\\u00e4 b\\u00e4ndille ja tanssillekin!<\\\/p>\",\"image\":\"wp-content\\\/uploads\\\/2018\\\/05\\\/kattaus-merisalissa.jpg\"}},{\"name\":\"\",\"type\":\"grid_item\",\"props\":{\"title\":\"Kalastajan venevaja\",\"meta\":\"max 60\\\/110 henkil\\u00f6\\u00e4\",\"content\":\"\n\n<p>Upea uniikki Kalastajan Venevaja on entis\\u00f6ity vanhaa henke\\u00e4 kunnioittaen. Vehre\\u00e4ll\\u00e4 rantalehdolla sijaitsevassa vajassa on autenttinen ja romanttinen tunnelma. Ikkunoista n\\u00e4kyv\\u00e4t kimmelt\\u00e4v\\u00e4t maisemat merelle. Juhlasalin ovista p\\u00e4\\u00e4see suoraan puuterassille, joka on osittain katettu paviljongilla ja johon osuvat auringonlaskun viimeisen s\\u00e4teet. Terassilla juhlat jatkuvat satoi tai paistoi.<\\\/p>\",\"image\":\"wp-content\\\/uploads\\\/2018\\\/05\\\/venevaja4.jpg\"}},{\"name\":\"\",\"type\":\"grid_item\",\"props\":{\"title\":\"Verkkovaja\",\"meta\":\"max 15 henkil\\u00f6\\u00e4\",\"content\":\"\n\n<p>Idyllinen Verkkovajamme henkii menneiden aikojen tunnelmaa. Meren v\\u00e4lit\\u00f6n l\\u00e4heisyys, luonnon rauha ja kivitakka antavat juhlille persoonalliset puitteet. Juhlista voitte nauttia my\\u00f6s terassilla, jolta avautuvat komeat maisemat kohti merta. Toista moista ei Porvoosta l\\u00f6ydy!<\\\/p>\",\"image\":\"wp-content\\\/uploads\\\/2019\\\/12\\\/1-scaled-e1576137738242.jpg\",\"image_alt\":\"Verkkovaja\"}}]},{\"name\":\"\",\"type\":\"button\",\"props\":{\"margin\":\"default\",\"grid_column_gap\":\"small\",\"grid_row_gap\":\"small\"},\"children\":[{\"name\":\"\",\"type\":\"button_item\",\"props\":{\"button_style\":\"primary\",\"icon_align\":\"left\",\"content\":\"Kysy lis\\u00e4\\u00e4 ja pyyd\\u00e4 tarjous\",\"link\":\"yhteystiedot\\\/\"}}]}]}]}]}],\"props\":[],\"version\":\"1.22.6\"} --><\/p>\n","protected":false},"excerpt":{"rendered":"<p>Merimaisemia jylh\u00e4lt\u00e4 kalliolta ja rustiikkista romantiikkaa Juhlatilat porvoo J\u00e4rjest\u00e4 upeat juhlat Porvoon saaristossa. Sijaitsemme vain noin 15 minuutin ajomatkan p\u00e4\u00e4ss\u00e4 kaupungin vilskeest\u00e4\u00a0ja alle tunnin p\u00e4\u00e4ss\u00e4 ovat Helsinki, Kouvola, Kotka ja [&hellip;]<\/p>\n","protected":false},"author":3,"featured_media":520,"parent":33,"menu_order":3,"comment_status":"closed","ping_status":"closed","template":"","meta":{"_price":"","_stock":"","_tribe_ticket_header":"","_tribe_default_ticket_provider":"","_tribe_ticket_capacity":"0","_ticket_start_date":"","_ticket_end_date":"","_tribe_ticket_show_description":"","_tribe_ticket_show_not_going":false,"_tribe_ticket_use_global_stock":"","_tribe_ticket_global_stock_level":"","_global_stock_mode":"","_global_stock_cap":"","_tribe_rsvp_for_event":"","_tribe_ticket_going_count":"","_tribe_ticket_not_going_count":"","_tribe_tickets_list":"[]","_tribe_ticket_has_attendee_info_fields":false,"footnotes":"","_tec_slr_enabled":"","_tec_slr_layout":""},"class_list":["post-39","page","type-page","status-publish","has-post-thumbnail","hentry"],"yoast_head":"<!-- This site is optimized with the Yoast SEO Premium plugin v27.3 (Yoast SEO v27.3) - https:\/\/yoast.com\/product\/yoast-seo-premium-wordpress\/ -->\n<title>Juhlatilat upeimpiin juhliin - El\u00e4myspoukama - Porvoo<\/title>\n<meta name=\"description\" content=\"Tunnelmalliset juhlatilat ikimuistoisiin juhliin! Puokamassa on erikokoisia juhlatiloja niin pieniin kuin isoimpiinkin juhliin.\" \/>\n<meta name=\"robots\" content=\"index, follow, max-snippet:-1, max-image-preview:large, max-video-preview:-1\" \/>\n<link rel=\"canonical\" href=\"https:\/\/elamyspoukama.fi\/juhlapalvelut\/juhlatilat\/\" \/>\n<meta property=\"og:locale\" content=\"en_US\" \/>\n<meta property=\"og:type\" content=\"article\" \/>\n<meta property=\"og:title\" content=\"Juhlatilat\" \/>\n<meta property=\"og:description\" content=\"Tunnelmalliset juhlatilat ikimuistoisiin juhliin! Puokamassa on erikokoisia juhlatiloja niin pieniin kuin isoimpiinkin juhliin.\" \/>\n<meta property=\"og:url\" content=\"https:\/\/elamyspoukama.fi\/juhlapalvelut\/juhlatilat\/\" \/>\n<meta property=\"og:site_name\" content=\"El\u00e4myspoukama\" \/>\n<meta property=\"article:publisher\" content=\"https:\/\/www.facebook.com\/Kokouspoukama\/\" \/>\n<meta property=\"article:modified_time\" content=\"2023-02-07T08:36:36+00:00\" \/>\n<meta property=\"og:image\" content=\"https:\/\/elamyspoukama.fi\/wp-content\/uploads\/2018\/05\/venevaja4.jpg\" \/>\n\t<meta property=\"og:image:width\" content=\"1024\" \/>\n\t<meta property=\"og:image:height\" content=\"682\" \/>\n\t<meta property=\"og:image:type\" content=\"image\/jpeg\" \/>\n<meta name=\"twitter:card\" content=\"summary_large_image\" \/>\n<meta name=\"twitter:label1\" content=\"Est. reading time\" \/>\n\t<meta name=\"twitter:data1\" content=\"4 minutes\" \/>\n<script type=\"application\/ld+json\" class=\"yoast-schema-graph\">{\"@context\":\"https:\\\/\\\/schema.org\",\"@graph\":[{\"@type\":\"WebPage\",\"@id\":\"https:\\\/\\\/elamyspoukama.fi\\\/juhlapalvelut\\\/juhlatilat\\\/\",\"url\":\"https:\\\/\\\/elamyspoukama.fi\\\/juhlapalvelut\\\/juhlatilat\\\/\",\"name\":\"Juhlatilat upeimpiin juhliin - El\u00e4myspoukama - Porvoo\",\"isPartOf\":{\"@id\":\"https:\\\/\\\/elamyspoukama.fi\\\/#website\"},\"primaryImageOfPage\":{\"@id\":\"https:\\\/\\\/elamyspoukama.fi\\\/juhlapalvelut\\\/juhlatilat\\\/#primaryimage\"},\"image\":{\"@id\":\"https:\\\/\\\/elamyspoukama.fi\\\/juhlapalvelut\\\/juhlatilat\\\/#primaryimage\"},\"thumbnailUrl\":\"https:\\\/\\\/elamyspoukama.fi\\\/wp-content\\\/uploads\\\/2018\\\/05\\\/venevaja4.jpg\",\"datePublished\":\"2018-04-04T07:01:45+00:00\",\"dateModified\":\"2023-02-07T08:36:36+00:00\",\"description\":\"Tunnelmalliset juhlatilat ikimuistoisiin juhliin! Puokamassa on erikokoisia juhlatiloja niin pieniin kuin isoimpiinkin juhliin.\",\"breadcrumb\":{\"@id\":\"https:\\\/\\\/elamyspoukama.fi\\\/juhlapalvelut\\\/juhlatilat\\\/#breadcrumb\"},\"inLanguage\":\"en-US\",\"potentialAction\":[{\"@type\":\"ReadAction\",\"target\":[\"https:\\\/\\\/elamyspoukama.fi\\\/juhlapalvelut\\\/juhlatilat\\\/\"]}]},{\"@type\":\"ImageObject\",\"inLanguage\":\"en-US\",\"@id\":\"https:\\\/\\\/elamyspoukama.fi\\\/juhlapalvelut\\\/juhlatilat\\\/#primaryimage\",\"url\":\"https:\\\/\\\/elamyspoukama.fi\\\/wp-content\\\/uploads\\\/2018\\\/05\\\/venevaja4.jpg\",\"contentUrl\":\"https:\\\/\\\/elamyspoukama.fi\\\/wp-content\\\/uploads\\\/2018\\\/05\\\/venevaja4.jpg\",\"width\":1024,\"height\":682},{\"@type\":\"BreadcrumbList\",\"@id\":\"https:\\\/\\\/elamyspoukama.fi\\\/juhlapalvelut\\\/juhlatilat\\\/#breadcrumb\",\"itemListElement\":[{\"@type\":\"ListItem\",\"position\":1,\"name\":\"Home\",\"item\":\"https:\\\/\\\/elamyspoukama.fi\\\/en\\\/\"},{\"@type\":\"ListItem\",\"position\":2,\"name\":\"Juhlapalvelu\",\"item\":\"https:\\\/\\\/elamyspoukama.fi\\\/juhlapalvelut\\\/\"},{\"@type\":\"ListItem\",\"position\":3,\"name\":\"Juhlatilat\"}]},{\"@type\":\"WebSite\",\"@id\":\"https:\\\/\\\/elamyspoukama.fi\\\/#website\",\"url\":\"https:\\\/\\\/elamyspoukama.fi\\\/\",\"name\":\"El\u00e4myspoukama\",\"description\":\"Tekemist\u00e4 porvoossa\",\"publisher\":{\"@id\":\"https:\\\/\\\/elamyspoukama.fi\\\/#organization\"},\"potentialAction\":[{\"@type\":\"SearchAction\",\"target\":{\"@type\":\"EntryPoint\",\"urlTemplate\":\"https:\\\/\\\/elamyspoukama.fi\\\/?s={search_term_string}\"},\"query-input\":{\"@type\":\"PropertyValueSpecification\",\"valueRequired\":true,\"valueName\":\"search_term_string\"}}],\"inLanguage\":\"en-US\"},{\"@type\":\"Organization\",\"@id\":\"https:\\\/\\\/elamyspoukama.fi\\\/#organization\",\"name\":\"Kokouspoukama\",\"url\":\"https:\\\/\\\/elamyspoukama.fi\\\/\",\"logo\":{\"@type\":\"ImageObject\",\"inLanguage\":\"en-US\",\"@id\":\"https:\\\/\\\/elamyspoukama.fi\\\/#\\\/schema\\\/logo\\\/image\\\/\",\"url\":\"https:\\\/\\\/elamyspoukama.fi\\\/wp-content\\\/uploads\\\/2018\\\/06\\\/Poukama_logo_secondary_black-e1530794758505.png\",\"contentUrl\":\"https:\\\/\\\/elamyspoukama.fi\\\/wp-content\\\/uploads\\\/2018\\\/06\\\/Poukama_logo_secondary_black-e1530794758505.png\",\"width\":200,\"height\":200,\"caption\":\"Kokouspoukama\"},\"image\":{\"@id\":\"https:\\\/\\\/elamyspoukama.fi\\\/#\\\/schema\\\/logo\\\/image\\\/\"},\"sameAs\":[\"https:\\\/\\\/www.facebook.com\\\/Kokouspoukama\\\/\",\"https:\\\/\\\/www.instagram.com\\\/kokouspoukama\\\/\"]}]}<\/script>\n<!-- \/ Yoast SEO Premium plugin. -->","yoast_head_json":{"title":"Juhlatilat upeimpiin juhliin - El\u00e4myspoukama - Porvoo","description":"Tunnelmalliset juhlatilat ikimuistoisiin juhliin! Puokamassa on erikokoisia juhlatiloja niin pieniin kuin isoimpiinkin juhliin.","robots":{"index":"index","follow":"follow","max-snippet":"max-snippet:-1","max-image-preview":"max-image-preview:large","max-video-preview":"max-video-preview:-1"},"canonical":"https:\/\/elamyspoukama.fi\/juhlapalvelut\/juhlatilat\/","og_locale":"en_US","og_type":"article","og_title":"Juhlatilat","og_description":"Tunnelmalliset juhlatilat ikimuistoisiin juhliin! Puokamassa on erikokoisia juhlatiloja niin pieniin kuin isoimpiinkin juhliin.","og_url":"https:\/\/elamyspoukama.fi\/juhlapalvelut\/juhlatilat\/","og_site_name":"El\u00e4myspoukama","article_publisher":"https:\/\/www.facebook.com\/Kokouspoukama\/","article_modified_time":"2023-02-07T08:36:36+00:00","og_image":[{"width":1024,"height":682,"url":"https:\/\/elamyspoukama.fi\/wp-content\/uploads\/2018\/05\/venevaja4.jpg","type":"image\/jpeg"}],"twitter_card":"summary_large_image","twitter_misc":{"Est. reading time":"4 minutes"},"schema":{"@context":"https:\/\/schema.org","@graph":[{"@type":"WebPage","@id":"https:\/\/elamyspoukama.fi\/juhlapalvelut\/juhlatilat\/","url":"https:\/\/elamyspoukama.fi\/juhlapalvelut\/juhlatilat\/","name":"Juhlatilat upeimpiin juhliin - El\u00e4myspoukama - Porvoo","isPartOf":{"@id":"https:\/\/elamyspoukama.fi\/#website"},"primaryImageOfPage":{"@id":"https:\/\/elamyspoukama.fi\/juhlapalvelut\/juhlatilat\/#primaryimage"},"image":{"@id":"https:\/\/elamyspoukama.fi\/juhlapalvelut\/juhlatilat\/#primaryimage"},"thumbnailUrl":"https:\/\/elamyspoukama.fi\/wp-content\/uploads\/2018\/05\/venevaja4.jpg","datePublished":"2018-04-04T07:01:45+00:00","dateModified":"2023-02-07T08:36:36+00:00","description":"Tunnelmalliset juhlatilat ikimuistoisiin juhliin! Puokamassa on erikokoisia juhlatiloja niin pieniin kuin isoimpiinkin juhliin.","breadcrumb":{"@id":"https:\/\/elamyspoukama.fi\/juhlapalvelut\/juhlatilat\/#breadcrumb"},"inLanguage":"en-US","potentialAction":[{"@type":"ReadAction","target":["https:\/\/elamyspoukama.fi\/juhlapalvelut\/juhlatilat\/"]}]},{"@type":"ImageObject","inLanguage":"en-US","@id":"https:\/\/elamyspoukama.fi\/juhlapalvelut\/juhlatilat\/#primaryimage","url":"https:\/\/elamyspoukama.fi\/wp-content\/uploads\/2018\/05\/venevaja4.jpg","contentUrl":"https:\/\/elamyspoukama.fi\/wp-content\/uploads\/2018\/05\/venevaja4.jpg","width":1024,"height":682},{"@type":"BreadcrumbList","@id":"https:\/\/elamyspoukama.fi\/juhlapalvelut\/juhlatilat\/#breadcrumb","itemListElement":[{"@type":"ListItem","position":1,"name":"Home","item":"https:\/\/elamyspoukama.fi\/en\/"},{"@type":"ListItem","position":2,"name":"Juhlapalvelu","item":"https:\/\/elamyspoukama.fi\/juhlapalvelut\/"},{"@type":"ListItem","position":3,"name":"Juhlatilat"}]},{"@type":"WebSite","@id":"https:\/\/elamyspoukama.fi\/#website","url":"https:\/\/elamyspoukama.fi\/","name":"El\u00e4myspoukama","description":"Tekemist\u00e4 porvoossa","publisher":{"@id":"https:\/\/elamyspoukama.fi\/#organization"},"potentialAction":[{"@type":"SearchAction","target":{"@type":"EntryPoint","urlTemplate":"https:\/\/elamyspoukama.fi\/?s={search_term_string}"},"query-input":{"@type":"PropertyValueSpecification","valueRequired":true,"valueName":"search_term_string"}}],"inLanguage":"en-US"},{"@type":"Organization","@id":"https:\/\/elamyspoukama.fi\/#organization","name":"Kokouspoukama","url":"https:\/\/elamyspoukama.fi\/","logo":{"@type":"ImageObject","inLanguage":"en-US","@id":"https:\/\/elamyspoukama.fi\/#\/schema\/logo\/image\/","url":"https:\/\/elamyspoukama.fi\/wp-content\/uploads\/2018\/06\/Poukama_logo_secondary_black-e1530794758505.png","contentUrl":"https:\/\/elamyspoukama.fi\/wp-content\/uploads\/2018\/06\/Poukama_logo_secondary_black-e1530794758505.png","width":200,"height":200,"caption":"Kokouspoukama"},"image":{"@id":"https:\/\/elamyspoukama.fi\/#\/schema\/logo\/image\/"},"sameAs":["https:\/\/www.facebook.com\/Kokouspoukama\/","https:\/\/www.instagram.com\/kokouspoukama\/"]}]}},"ticketed":false,"_links":{"self":[{"href":"https:\/\/elamyspoukama.fi\/en\/wp-json\/wp\/v2\/pages\/39","targetHints":{"allow":["GET"]}}],"collection":[{"href":"https:\/\/elamyspoukama.fi\/en\/wp-json\/wp\/v2\/pages"}],"about":[{"href":"https:\/\/elamyspoukama.fi\/en\/wp-json\/wp\/v2\/types\/page"}],"author":[{"embeddable":true,"href":"https:\/\/elamyspoukama.fi\/en\/wp-json\/wp\/v2\/users\/3"}],"replies":[{"embeddable":true,"href":"https:\/\/elamyspoukama.fi\/en\/wp-json\/wp\/v2\/comments?post=39"}],"version-history":[{"count":0,"href":"https:\/\/elamyspoukama.fi\/en\/wp-json\/wp\/v2\/pages\/39\/revisions"}],"up":[{"embeddable":true,"href":"https:\/\/elamyspoukama.fi\/en\/wp-json\/wp\/v2\/pages\/33"}],"wp:featuredmedia":[{"embeddable":true,"href":"https:\/\/elamyspoukama.fi\/en\/wp-json\/wp\/v2\/media\/520"}],"wp:attachment":[{"href":"https:\/\/elamyspoukama.fi\/en\/wp-json\/wp\/v2\/media?parent=39"}],"curies":[{"name":"wp","href":"https:\/\/api.w.org\/{rel}","templated":true}]}}