{"id":39281,"date":"2021-03-31T08:24:53","date_gmt":"2021-03-31T08:24:53","guid":{"rendered":"https:\/\/elamyspoukama.fi\/aktiviteetit-2\/"},"modified":"2023-10-30T08:43:52","modified_gmt":"2023-10-30T08:43:52","slug":"activities","status":"publish","type":"page","link":"https:\/\/elamyspoukama.fi\/en\/activities\/","title":{"rendered":"Activities"},"content":{"rendered":"<h2>\n<h1><span>Experiential Activities in Porvoo<\/span> <\/p>\n<\/h1>\n<\/h2>\n<div>\n<p>Welcome to enjoy the Porvoo archipelago and experiential activities. At El\u00e4myspoukama, you can find options for solo travelers or small groups looking for activities.<\/p>\n<h2>Activities Guided or with Rental Equipment<\/h2>\n<p>You can book various activities guided to safely experience the archipelago&#8217;s nature under the guidance of an instructor, or you can explore independently with rental equipment.<\/p>\n<p>Marine activity options include kayaking trips, boat safaris, and fishing excursions. You can explore the nearby area by nature trail or cycling. In the fall, there&#8217;s a bounty of berries and mushrooms in the nearby forests.<\/p>\n<p>After the activities, you can relax in the El\u00e4myspoukama sauna and enjoy the warmth of the hot tub to soothe your tired muscles.<\/p>\n<p>Would you like to combine a meeting with the activities?<\/p>\n<p>You can explore meeting services on the Kokouspoukama website and reserve a meeting room for your group in connection with the activities.<\/p>\n<\/div>\n<h2>\n<h2>Find out more about activities<\/h2>\n<\/h2>\n<div>\n<p>        <img decoding=\"async\" src=\"\/wp-content\/uploads\/2018\/04\/seikkailulaakso-veneet.jpg\" alt=\"Venesafarit Porvoo\"><\/p>\n<h3>Boat trip<\/h3>\n<div>\n<p><span>Boat safaris and boat rentals are a fantastic way to experience the wider Porvoo archipelago<\/span><\/p>\n<\/p>\n<\/div>\n<p><a href=\"https:\/\/elamyspoukama.fi\/aktiviteetit\/veneretket\/?customize_changeset_uuid=98920fdd-4e5c-4c0f-ad61-24708642b8f4&#038;customize_autosaved=on&#038;customize_messenger_channel=preview-387\">Tutustu veneretkiin &#038; vuokraukseen<\/a><\/p>\n<\/div>\n<div>\n<p>        <img decoding=\"async\" src=\"\/wp-content\/uploads\/2020\/12\/kajakit-Kunuholmassa.jpg\" alt=\"Venesafarit ja venevuokraus Porvoossa\"><\/p>\n<h3>Kayaking<\/h3>\n<div>\n<p><span>You can either join a guided kayaking tour to the Porvoo archipelago or rent a kayak for a self-guided adventure.<\/span><\/p>\n<\/div>\n<p><a href=\"\/aktiviteetit\/melonta\/\">Tutustu melontaretkiin &#038; vuokraukseen <\/a><\/p>\n<\/div>\n<div>\n<p>        <img decoding=\"async\" src=\"\/wp-content\/uploads\/home-activities-03.jpg\" alt=\"Hotelli Poukaman kahden hengen huone \"><\/p>\n<h3>Polkupy\u00f6r\u00e4ilem\u00e4\u00e4n<\/h3>\n<div>\n<p><span>Cycling through the picturesque landscapes of Porvoo offers a scenic and refreshing way to explore the area&#8217;s beauty and charm<\/span><\/p>\n<\/div>\n<p><a href=\"\/pyoraily-2\/\">Tutustu py\u00f6r\u00e4retkiin &#038; vuokraukseen <\/a><\/p>\n<\/div>\n<p><!--more--><br \/>\n<!-- {\"type\":\"layout\",\"children\":[{\"name\":\"El\\u00e4myspoukaman sivun yl\\u00e4osa\",\"type\":\"section\",\"props\":{\"header_transparent_noplaceholder\":true,\"height\":\"percent\",\"image\":\"wp-content\\\/uploads\\\/2018\\\/04\\\/soutajat.jpg\",\"image_position\":\"center-center\",\"image_size\":\"cover\",\"overlap\":true,\"padding_remove_top\":false,\"style\":\"secondary\",\"title_breakpoint\":\"xl\",\"title_position\":\"top-left\",\"title_rotation\":\"left\",\"vertical_align\":\"middle\",\"width\":\"xlarge\"},\"children\":[{\"type\":\"row\",\"children\":[{\"type\":\"column\",\"props\":{\"image_position\":\"center-center\",\"position_sticky_breakpoint\":\"m\"}}]}],\"modified\":\"2021-03-30T05:58:24.059Z\"},{\"type\":\"section\",\"props\":{\"image_position\":\"center-center\",\"style\":\"default\",\"title_breakpoint\":\"xl\",\"title_position\":\"top-left\",\"title_rotation\":\"left\",\"vertical_align\":\"middle\",\"width\":\"xlarge\"},\"children\":[{\"type\":\"row\",\"children\":[{\"type\":\"column\",\"props\":{\"image_position\":\"center-center\",\"position_sticky_breakpoint\":\"m\"},\"children\":[{\"type\":\"breadcrumbs\",\"props\":{\"show_current\":true,\"show_home\":true}},{\"type\":\"headline\",\"props\":{\"content\":\"\n\n<h1><span>Experiential Activities in Porvoo<\\\/span> <br \\\/><br \\\/><\\\/h1>\",\"title_element\":\"h2\"}},{\"type\":\"text\",\"props\":{\"column_breakpoint\":\"m\",\"content\":\"\n\n<p>Welcome to enjoy the Porvoo archipelago and experiential activities. At El\\u00e4myspoukama, you can find options for solo travelers or small groups looking for activities.<\\\/p>\\n\n\n<h2>Activities Guided or with Rental Equipment<\\\/h2>\\n\n\n<p>You can book various activities guided to safely experience the archipelago's nature under the guidance of an instructor, or you can explore independently with rental equipment.<\\\/p>\\n\n\n<p>Marine activity options include kayaking trips, boat safaris, and fishing excursions. You can explore the nearby area by nature trail or cycling. In the fall, there's a bounty of berries and mushrooms in the nearby forests.<\\\/p>\\n\n\n<p>After the activities, you can relax in the El\\u00e4myspoukama sauna and enjoy the warmth of the hot tub to soothe your tired muscles.<\\\/p>\\n\n\n<p>Would you like to combine a meeting with the activities?<\\\/p>\\n\n\n<p>You can explore meeting services on the Kokouspoukama website and reserve a meeting room for your group in connection with the activities.<\\\/p>\",\"margin\":\"default\"}}]}]}]},{\"type\":\"section\",\"props\":{\"image_position\":\"center-center\",\"padding_remove_horizontal\":false,\"style\":\"default\",\"title_breakpoint\":\"xl\",\"title_position\":\"top-left\",\"title_rotation\":\"left\",\"vertical_align\":\"middle\",\"width\":\"xlarge\"},\"children\":[{\"type\":\"row\",\"children\":[{\"type\":\"column\",\"props\":{\"image_position\":\"center-center\",\"position_sticky_breakpoint\":\"m\"},\"children\":[{\"type\":\"headline\",\"props\":{\"content\":\"\n\n<h2>Find out more about activities<\\\/h2>\",\"title_element\":\"h2\"}}]}]},{\"type\":\"row\",\"children\":[{\"type\":\"column\",\"props\":{\"image_position\":\"center-center\",\"position_sticky_breakpoint\":\"m\",\"width_medium\":\"1-3\"},\"children\":[{\"name\":\"Paneli 1\",\"type\":\"panel\",\"props\":{\"content\":\"\n\n<p><span>Boat safaris and boat rentals are a fantastic way to experience the wider Porvoo archipelago<\\\/span><\\\/p>\\n\n\n<p><\\\/p>\",\"content_column_breakpoint\":\"m\",\"icon_width\":80,\"image\":\"wp-content\\\/uploads\\\/2018\\\/04\\\/seikkailulaakso-veneet.jpg\",\"image_align\":\"top\",\"image_alt\":\"Venesafarit Porvoo\",\"image_grid_breakpoint\":\"m\",\"image_grid_width\":\"1-2\",\"image_height\":\"320\",\"image_svg_color\":\"emphasis\",\"image_width\":\"500\",\"link\":\"https:\\\/\\\/elamyspoukama.fi\\\/aktiviteetit\\\/veneretket\\\/?customize_changeset_uuid=98920fdd-4e5c-4c0f-ad61-24708642b8f4&customize_autosaved=on&customize_messenger_channel=preview-387\",\"link_style\":\"text\",\"link_text\":\"Tutustu veneretkiin & vuokraukseen\",\"margin\":\"default\",\"meta\":\"\",\"meta_align\":\"below-title\",\"meta_element\":\"div\",\"meta_style\":\"text-meta\",\"panel_image_no_padding\":true,\"panel_padding\":\"small\",\"panel_style\":\"card-default\",\"title\":\"Boat trip\",\"title_align\":\"top\",\"title_element\":\"h3\",\"title_grid_breakpoint\":\"m\",\"title_grid_width\":\"1-2\",\"title_hover_style\":\"reset\",\"title_style\":\"h2\"},\"modified\":\"2021-03-31T08:33:13.259Z\"}]},{\"type\":\"column\",\"props\":{\"image_position\":\"center-center\",\"position_sticky_breakpoint\":\"m\",\"width_medium\":\"1-3\"},\"children\":[{\"name\":\"panel 2\",\"type\":\"panel\",\"props\":{\"content\":\"\n\n<p><span>You can either join a guided kayaking tour to the Porvoo archipelago or rent a kayak for a self-guided adventure.<\\\/span><\\\/p>\",\"content_column_breakpoint\":\"m\",\"icon_width\":80,\"image\":\"wp-content\\\/uploads\\\/2020\\\/12\\\/kajakit-Kunuholmassa.jpg\",\"image_align\":\"bottom\",\"image_alt\":\"Venesafarit ja venevuokraus Porvoossa\",\"image_grid_breakpoint\":\"m\",\"image_grid_width\":\"1-2\",\"image_height\":\"320\",\"image_svg_color\":\"emphasis\",\"image_width\":\"500\",\"link\":\"aktiviteetit\\\/melonta\\\/\",\"link_style\":\"text\",\"link_text\":\"Tutustu melontaretkiin & vuokraukseen \",\"margin\":\"default\",\"meta_align\":\"below-title\",\"meta_element\":\"div\",\"meta_style\":\"text-meta\",\"panel_image_no_padding\":true,\"panel_padding\":\"small\",\"panel_style\":\"card-default\",\"title\":\"Kayaking\",\"title_align\":\"top\",\"title_element\":\"h3\",\"title_grid_breakpoint\":\"m\",\"title_grid_width\":\"1-2\",\"title_hover_style\":\"reset\",\"title_style\":\"h2\"},\"modified\":\"2021-03-31T08:33:22.757Z\"}]},{\"type\":\"column\",\"props\":{\"image_position\":\"center-center\",\"position_sticky_breakpoint\":\"m\",\"width_medium\":\"1-3\"},\"children\":[{\"name\":\"panel 3\",\"type\":\"panel\",\"props\":{\"content\":\"\n\n<p><span>Cycling through the picturesque landscapes of Porvoo offers a scenic and refreshing way to explore the area's beauty and charm<\\\/span><\\\/p>\",\"content_column_breakpoint\":\"m\",\"icon_width\":80,\"image\":\"wp-content\\\/uploads\\\/home-activities-03.jpg\",\"image_align\":\"top\",\"image_alt\":\"Hotelli Poukaman kahden hengen huone \",\"image_grid_breakpoint\":\"m\",\"image_grid_width\":\"1-2\",\"image_height\":\"320\",\"image_svg_color\":\"emphasis\",\"image_width\":\"500\",\"link\":\"pyoraily-2\\\/\",\"link_style\":\"text\",\"link_text\":\"Tutustu py\\u00f6r\\u00e4retkiin & vuokraukseen \",\"margin\":\"default\",\"meta_align\":\"below-title\",\"meta_element\":\"div\",\"meta_style\":\"text-meta\",\"panel_image_no_padding\":true,\"panel_padding\":\"small\",\"panel_style\":\"card-default\",\"title\":\"Polkupy\\u00f6r\\u00e4ilem\\u00e4\\u00e4n\",\"title_align\":\"top\",\"title_element\":\"h3\",\"title_grid_breakpoint\":\"m\",\"title_grid_width\":\"1-2\",\"title_hover_style\":\"reset\",\"title_style\":\"h2\"},\"modified\":\"2021-03-31T08:33:30.297Z\"}]}],\"props\":{\"column_gap\":\"small\",\"divider\":false,\"height\":\"percent\",\"layout\":\"1-3,1-3,1-3\",\"match\":true,\"width\":\"xlarge\"}}]},{\"type\":\"section\",\"props\":{\"image_position\":\"center-center\",\"padding_remove_horizontal\":false,\"padding_remove_top\":false,\"style\":\"default\",\"title_breakpoint\":\"xl\",\"title_position\":\"top-left\",\"title_rotation\":\"left\",\"vertical_align\":\"middle\",\"width\":\"xlarge\"},\"children\":[{\"type\":\"row\",\"children\":[{\"type\":\"column\",\"props\":{\"image_position\":\"center-center\",\"position_sticky_breakpoint\":\"m\"}}]}]}],\"version\":\"4.1.5\"} --><\/p>\n","protected":false},"excerpt":{"rendered":"<p>Experiential Activities in Porvoo Welcome to enjoy the Porvoo archipelago and experiential activities. At El\u00e4myspoukama, you can find options for solo travelers or small groups looking for activities. Activities Guided [&hellip;]<\/p>\n","protected":false},"author":6,"featured_media":0,"parent":0,"menu_order":0,"comment_status":"closed","ping_status":"closed","template":"","meta":{"footnotes":""},"class_list":["post-39281","page","type-page","status-publish","hentry"],"yoast_head":"<!-- This site is optimized with the Yoast SEO Premium plugin v27.4 (Yoast SEO v27.4) - https:\/\/yoast.com\/product\/yoast-seo-premium-wordpress\/ -->\n<title>Activities in archipelago - El\u00e4myspoukama - Porvoo<\/title>\n<meta name=\"description\" content=\"Activities in the beautiful archipelago of Porvoo year-round. Canoeing, cycling, boating, and manu others in the stunning archipelago.\" \/>\n<meta name=\"robots\" content=\"index, follow, max-snippet:-1, max-image-preview:large, max-video-preview:-1\" \/>\n<link rel=\"canonical\" href=\"https:\/\/elamyspoukama.fi\/en\/activities\/\" \/>\n<meta property=\"og:locale\" content=\"en_US\" \/>\n<meta property=\"og:type\" content=\"article\" \/>\n<meta property=\"og:title\" content=\"Activities\" \/>\n<meta property=\"og:description\" content=\"Activities in the beautiful archipelago of Porvoo year-round. Canoeing, cycling, boating, and manu others in the stunning archipelago.\" \/>\n<meta property=\"og:url\" content=\"https:\/\/elamyspoukama.fi\/en\/activities\/\" \/>\n<meta property=\"og:site_name\" content=\"El\u00e4myspoukama\" \/>\n<meta property=\"article:publisher\" content=\"https:\/\/www.facebook.com\/Kokouspoukama\/\" \/>\n<meta property=\"article:modified_time\" content=\"2023-10-30T08:43:52+00:00\" \/>\n<meta name=\"twitter:card\" content=\"summary_large_image\" \/>\n<meta name=\"twitter:label1\" content=\"Est. reading time\" \/>\n\t<meta name=\"twitter:data1\" content=\"2 minutes\" \/>\n<script type=\"application\/ld+json\" class=\"yoast-schema-graph\">{\"@context\":\"https:\\\/\\\/schema.org\",\"@graph\":[{\"@type\":\"WebPage\",\"@id\":\"https:\\\/\\\/elamyspoukama.fi\\\/en\\\/activities\\\/\",\"url\":\"https:\\\/\\\/elamyspoukama.fi\\\/en\\\/activities\\\/\",\"name\":\"Activities in archipelago - El\u00e4myspoukama - Porvoo\",\"isPartOf\":{\"@id\":\"https:\\\/\\\/elamyspoukama.fi\\\/en\\\/#website\"},\"datePublished\":\"2021-03-31T08:24:53+00:00\",\"dateModified\":\"2023-10-30T08:43:52+00:00\",\"description\":\"Activities in the beautiful archipelago of Porvoo year-round. Canoeing, cycling, boating, and manu others in the stunning archipelago.\",\"breadcrumb\":{\"@id\":\"https:\\\/\\\/elamyspoukama.fi\\\/en\\\/activities\\\/#breadcrumb\"},\"inLanguage\":\"en-US\",\"potentialAction\":[{\"@type\":\"ReadAction\",\"target\":[\"https:\\\/\\\/elamyspoukama.fi\\\/en\\\/activities\\\/\"]}]},{\"@type\":\"BreadcrumbList\",\"@id\":\"https:\\\/\\\/elamyspoukama.fi\\\/en\\\/activities\\\/#breadcrumb\",\"itemListElement\":[{\"@type\":\"ListItem\",\"position\":1,\"name\":\"Home\",\"item\":\"https:\\\/\\\/elamyspoukama.fi\\\/en\\\/\"},{\"@type\":\"ListItem\",\"position\":2,\"name\":\"Activities\"}]},{\"@type\":\"WebSite\",\"@id\":\"https:\\\/\\\/elamyspoukama.fi\\\/en\\\/#website\",\"url\":\"https:\\\/\\\/elamyspoukama.fi\\\/en\\\/\",\"name\":\"El\u00e4myspoukama\",\"description\":\"Tekemist\u00e4 porvoossa\",\"publisher\":{\"@id\":\"https:\\\/\\\/elamyspoukama.fi\\\/en\\\/#organization\"},\"potentialAction\":[{\"@type\":\"SearchAction\",\"target\":{\"@type\":\"EntryPoint\",\"urlTemplate\":\"https:\\\/\\\/elamyspoukama.fi\\\/en\\\/?s={search_term_string}\"},\"query-input\":{\"@type\":\"PropertyValueSpecification\",\"valueRequired\":true,\"valueName\":\"search_term_string\"}}],\"inLanguage\":\"en-US\"},{\"@type\":\"Organization\",\"@id\":\"https:\\\/\\\/elamyspoukama.fi\\\/en\\\/#organization\",\"name\":\"Kokouspoukama\",\"url\":\"https:\\\/\\\/elamyspoukama.fi\\\/en\\\/\",\"logo\":{\"@type\":\"ImageObject\",\"inLanguage\":\"en-US\",\"@id\":\"https:\\\/\\\/elamyspoukama.fi\\\/en\\\/#\\\/schema\\\/logo\\\/image\\\/\",\"url\":\"https:\\\/\\\/elamyspoukama.fi\\\/wp-content\\\/uploads\\\/2018\\\/06\\\/Poukama_logo_secondary_black-e1530794758505.png\",\"contentUrl\":\"https:\\\/\\\/elamyspoukama.fi\\\/wp-content\\\/uploads\\\/2018\\\/06\\\/Poukama_logo_secondary_black-e1530794758505.png\",\"width\":200,\"height\":200,\"caption\":\"Kokouspoukama\"},\"image\":{\"@id\":\"https:\\\/\\\/elamyspoukama.fi\\\/en\\\/#\\\/schema\\\/logo\\\/image\\\/\"},\"sameAs\":[\"https:\\\/\\\/www.facebook.com\\\/Kokouspoukama\\\/\",\"https:\\\/\\\/www.instagram.com\\\/kokouspoukama\\\/\"]}]}<\/script>\n<!-- \/ Yoast SEO Premium plugin. -->","yoast_head_json":{"title":"Activities in archipelago - El\u00e4myspoukama - Porvoo","description":"Activities in the beautiful archipelago of Porvoo year-round. Canoeing, cycling, boating, and manu others in the stunning archipelago.","robots":{"index":"index","follow":"follow","max-snippet":"max-snippet:-1","max-image-preview":"max-image-preview:large","max-video-preview":"max-video-preview:-1"},"canonical":"https:\/\/elamyspoukama.fi\/en\/activities\/","og_locale":"en_US","og_type":"article","og_title":"Activities","og_description":"Activities in the beautiful archipelago of Porvoo year-round. Canoeing, cycling, boating, and manu others in the stunning archipelago.","og_url":"https:\/\/elamyspoukama.fi\/en\/activities\/","og_site_name":"El\u00e4myspoukama","article_publisher":"https:\/\/www.facebook.com\/Kokouspoukama\/","article_modified_time":"2023-10-30T08:43:52+00:00","twitter_card":"summary_large_image","twitter_misc":{"Est. reading time":"2 minutes"},"schema":{"@context":"https:\/\/schema.org","@graph":[{"@type":"WebPage","@id":"https:\/\/elamyspoukama.fi\/en\/activities\/","url":"https:\/\/elamyspoukama.fi\/en\/activities\/","name":"Activities in archipelago - El\u00e4myspoukama - Porvoo","isPartOf":{"@id":"https:\/\/elamyspoukama.fi\/en\/#website"},"datePublished":"2021-03-31T08:24:53+00:00","dateModified":"2023-10-30T08:43:52+00:00","description":"Activities in the beautiful archipelago of Porvoo year-round. Canoeing, cycling, boating, and manu others in the stunning archipelago.","breadcrumb":{"@id":"https:\/\/elamyspoukama.fi\/en\/activities\/#breadcrumb"},"inLanguage":"en-US","potentialAction":[{"@type":"ReadAction","target":["https:\/\/elamyspoukama.fi\/en\/activities\/"]}]},{"@type":"BreadcrumbList","@id":"https:\/\/elamyspoukama.fi\/en\/activities\/#breadcrumb","itemListElement":[{"@type":"ListItem","position":1,"name":"Home","item":"https:\/\/elamyspoukama.fi\/en\/"},{"@type":"ListItem","position":2,"name":"Activities"}]},{"@type":"WebSite","@id":"https:\/\/elamyspoukama.fi\/en\/#website","url":"https:\/\/elamyspoukama.fi\/en\/","name":"El\u00e4myspoukama","description":"Tekemist\u00e4 porvoossa","publisher":{"@id":"https:\/\/elamyspoukama.fi\/en\/#organization"},"potentialAction":[{"@type":"SearchAction","target":{"@type":"EntryPoint","urlTemplate":"https:\/\/elamyspoukama.fi\/en\/?s={search_term_string}"},"query-input":{"@type":"PropertyValueSpecification","valueRequired":true,"valueName":"search_term_string"}}],"inLanguage":"en-US"},{"@type":"Organization","@id":"https:\/\/elamyspoukama.fi\/en\/#organization","name":"Kokouspoukama","url":"https:\/\/elamyspoukama.fi\/en\/","logo":{"@type":"ImageObject","inLanguage":"en-US","@id":"https:\/\/elamyspoukama.fi\/en\/#\/schema\/logo\/image\/","url":"https:\/\/elamyspoukama.fi\/wp-content\/uploads\/2018\/06\/Poukama_logo_secondary_black-e1530794758505.png","contentUrl":"https:\/\/elamyspoukama.fi\/wp-content\/uploads\/2018\/06\/Poukama_logo_secondary_black-e1530794758505.png","width":200,"height":200,"caption":"Kokouspoukama"},"image":{"@id":"https:\/\/elamyspoukama.fi\/en\/#\/schema\/logo\/image\/"},"sameAs":["https:\/\/www.facebook.com\/Kokouspoukama\/","https:\/\/www.instagram.com\/kokouspoukama\/"]}]}},"_links":{"self":[{"href":"https:\/\/elamyspoukama.fi\/en\/wp-json\/wp\/v2\/pages\/39281","targetHints":{"allow":["GET"]}}],"collection":[{"href":"https:\/\/elamyspoukama.fi\/en\/wp-json\/wp\/v2\/pages"}],"about":[{"href":"https:\/\/elamyspoukama.fi\/en\/wp-json\/wp\/v2\/types\/page"}],"author":[{"embeddable":true,"href":"https:\/\/elamyspoukama.fi\/en\/wp-json\/wp\/v2\/users\/6"}],"replies":[{"embeddable":true,"href":"https:\/\/elamyspoukama.fi\/en\/wp-json\/wp\/v2\/comments?post=39281"}],"version-history":[{"count":0,"href":"https:\/\/elamyspoukama.fi\/en\/wp-json\/wp\/v2\/pages\/39281\/revisions"}],"wp:attachment":[{"href":"https:\/\/elamyspoukama.fi\/en\/wp-json\/wp\/v2\/media?parent=39281"}],"curies":[{"name":"wp","href":"https:\/\/api.w.org\/{rel}","templated":true}]}}