{"id":39301,"date":"2021-07-06T10:27:07","date_gmt":"2021-07-06T10:27:07","guid":{"rendered":"https:\/\/elamyspoukama.fi\/vuokraa-soutuvene\/"},"modified":"2023-10-30T09:00:55","modified_gmt":"2023-10-30T09:00:55","slug":"rent-rowing-boat","status":"publish","type":"page","link":"https:\/\/elamyspoukama.fi\/en\/rent-rowing-boat\/","title":{"rendered":"Rent rowing boat Porvoo"},"content":{"rendered":"<p><img decoding=\"async\" src=\"\/wp-content\/uploads\/2023\/04\/soutuveneet-scaled.jpg\" alt=\"Vuokraa s\u00e4hk\u00f6py\u00f6r\u00e4 Porvoosa\"><\/p>\n<h1>Rowing boat rental In Porvoo<\/h1>\n<div>\n<p>Rowboat rentals in Porvoo can be found at El\u00e4myspoukama.<\/p>\n<p>Rent a rowboat from El\u00e4myspoukama and experience the archipelago&#8217;s ambiance while leisurely rowing. El\u00e4myspoukama offers high-quality Seaking rowboats that can be rowed with two oars, leaving space for one more in the helmsman&#8217;s seat. These rowboats provide an enjoyable way to embark on family or friend adventures.<\/p>\n<p>You can reserve rowboats from the calendar below.<\/p>\n<p>Rental rates are priced on an hourly basis, but if you wish to rent a rowboat for a longer duration, please contact our sales service at <a href=\"mailto:tapahtuma@kokouspoukama.fi\" target=\"_new\">tapahtuma@kokouspoukama.fi<\/a>.<\/p>\n<p>Also, explore Porvoo&#8217;s tourism website for many attractions and stunning spots for those who love being on the water.<\/p>\n<p>Welcome to row in Porvoo!<\/p>\n<\/div>\n<h2>Rowboat Rental<\/h2>\n<div>\n<p>Depending on availability, rowboats can also be rented from Caf\u00e9 Jemma&#8217;s counter.<\/p>\n<h3>PAYMENT METHODS IN THE ONLINE STORE<\/h3>\n<p>Payments in the online store are processed through Wisma Pay.<\/p>\n<p>We also accept Edenred and Smartum exercise benefits.<\/p>\n<p>If you want to pay with an exercise benefit method not accepted by the online store, please contact us by email at <a href=\"mailto:tapahtumat@elamyspoukama.fi\" target=\"_new\">tapahtumat@elamyspoukama.fi<\/a> to make your reservation.<\/p>\n<p>NOTE! Not all of our equipment is available for reservation in the online store, so if you can&#8217;t find the availability you want, please contact us either by email at <a href=\"mailto:tapahtumat@elamyspoukama.fi\" target=\"_new\">tapahtumat@elamyspoukama.fi<\/a> or at 040 1649993, and we will help you find the best solution.<\/p>\n<\/div>\n<div>\n<p>    <!-- Calendar tag --><\/p>\n<div id=\"actcldr243\"><\/div>\n<p><!-- Calendar loader. Insert in footer. --><br \/>\n<script type=\"text\/javascript\" >\n(function(w,d,t,u,f,k,a){w[f]=w[f]||function(){(w[f].a=w[f].a||[]).push(arguments)};\nk=d.createElement(t),a=d.getElementsByTagName(t)[0],k.async=1,k.src=u,a.parentNode.insertBefore(k,a)})\n(window, document, \"script\", \"https:\/\/kalenteri.webia.fi\/static\/minjs\/activity_tag.js\", \"bc\");\nbc(243, {target: 'actcldr243',});\n<\/script>\n<\/div>\n<p><img decoding=\"async\" src=\"\/wp-content\/uploads\/2023\/06\/Edenred_logo_CMYK_red.webp\" alt=\"\"><br \/>\n<img decoding=\"async\" src=\"\/wp-content\/uploads\/2023\/06\/SMARTUM_LOGO_RGB_BLACK.png\" alt=\"\"><\/p>\n<div>\n<p>    <img decoding=\"async\" src=\"https:\/\/static.vismapay.com\/pay_banners\/column.png\">\n<\/div>\n<p>\n    <a href=\"\/verkkokauppa\/\">You can explore the entire rental shop&#8217;s selection by clicking here<\/a>\n<\/p>\n<p>\n    <a href=\"http:\/\/elamyspoukama.fi\/yhteystiedot\/\">Contacts ><\/a>\n<\/p>\n<p><!--more--><br \/>\n<!-- {\"type\":\"layout\",\"children\":[{\"name\":\"Alku\",\"type\":\"section\",\"props\":{\"animation_delay\":false,\"image_position\":\"center-center\",\"overlap\":true,\"padding_remove_bottom\":true,\"padding_remove_top\":true,\"style\":\"default\",\"title_breakpoint\":\"xl\",\"title_position\":\"top-left\",\"title_rotation\":\"left\",\"vertical_align\":\"middle\",\"width\":\"\"},\"children\":[{\"type\":\"row\",\"props\":{\"margin_remove_bottom\":false},\"children\":[{\"type\":\"column\",\"props\":{\"image_position\":\"center-center\",\"position_sticky_breakpoint\":\"m\",\"width_medium\":\"1-1\"},\"children\":[{\"type\":\"image\",\"props\":{\"image\":\"wp-content\\\/uploads\\\/2023\\\/04\\\/soutuveneet-scaled.jpg\",\"image_alt\":\"Vuokraa s\\u00e4hk\\u00f6py\\u00f6r\\u00e4 Porvoosa\",\"image_height\":\"650\",\"image_svg_color\":\"emphasis\",\"image_width\":\"2560\",\"margin\":\"default\",\"margin_remove_bottom\":false,\"position\":\"relative\",\"position_bottom\":\"10\",\"position_left\":\"10\"}}]}]},{\"type\":\"row\",\"props\":{\"margin\":\"remove-vertical\",\"margin_remove_bottom\":false,\"margin_remove_top\":false,\"width\":\"xlarge\"},\"children\":[{\"type\":\"column\",\"props\":{\"image_effect\":\"parallax\",\"image_height\":\"310\",\"image_parallax_bgy\":\"-110,-250\",\"image_parallax_easing\":\"1\",\"image_position\":\"top-left\",\"image_width\":\"260\",\"position_sticky_breakpoint\":\"m\",\"style\":\"tile-default\"},\"children\":[{\"type\":\"headline\",\"props\":{\"content\":\"Rowing boat rental In Porvoo\",\"margin\":\"medium\",\"margin_remove_bottom\":true,\"margin_remove_top\":false,\"title_element\":\"h1\"}},{\"type\":\"text\",\"props\":{\"column_breakpoint\":\"l\",\"column_divider\":false,\"content\":\"\n\n<p>Rowboat rentals in Porvoo can be found at El\\u00e4myspoukama.<\\\/p>\\n\n\n<p>Rent a rowboat from El\\u00e4myspoukama and experience the archipelago's ambiance while leisurely rowing. El\\u00e4myspoukama offers high-quality Seaking rowboats that can be rowed with two oars, leaving space for one more in the helmsman's seat. These rowboats provide an enjoyable way to embark on family or friend adventures.<\\\/p>\\n\n\n<p>You can reserve rowboats from the calendar below.<\\\/p>\\n\n\n<p>Rental rates are priced on an hourly basis, but if you wish to rent a rowboat for a longer duration, please contact our sales service at <a href=\\\"mailto:tapahtuma@kokouspoukama.fi\\\" target=\\\"_new\\\">tapahtuma@kokouspoukama.fi<\\\/a>.<\\\/p>\\n\n\n<p>Also, explore Porvoo's tourism website for many attractions and stunning spots for those who love being on the water.<\\\/p>\\n\n\n<p>Welcome to row in Porvoo!<\\\/p>\",\"margin\":\"default\",\"maxwidth\":\"2xlarge\",\"text_align_fallback\":\"left\"}},{\"type\":\"headline\",\"props\":{\"content\":\"Rowboat Rental\",\"title_element\":\"h2\"}},{\"type\":\"text\",\"props\":{\"column_breakpoint\":\"m\",\"content\":\"\n\n<p>Depending on availability, rowboats can also be rented from Caf\\u00e9 Jemma's counter.<\\\/p>\\n\n\n<h3>PAYMENT METHODS IN THE ONLINE STORE<\\\/h3>\\n\n\n<p>Payments in the online store are processed through Wisma Pay.<\\\/p>\\n\n\n<p>We also accept Edenred and Smartum exercise benefits.<\\\/p>\\n\n\n<p>If you want to pay with an exercise benefit method not accepted by the online store, please contact us by email at <a href=\\\"mailto:tapahtumat@elamyspoukama.fi\\\" target=\\\"_new\\\">tapahtumat@elamyspoukama.fi<\\\/a> to make your reservation.<\\\/p>\\n\n\n<p>NOTE! Not all of our equipment is available for reservation in the online store, so if you can't find the availability you want, please contact us either by email at <a href=\\\"mailto:tapahtumat@elamyspoukama.fi\\\" target=\\\"_new\\\">tapahtumat@elamyspoukama.fi<\\\/a> or at 040 1649993, and we will help you find the best solution.<\\\/p>\",\"margin\":\"default\"}},{\"type\":\"html\",\"props\":{\"content\":\"<!-- Calendar tag -->\\n<\/p>\n<div id=\\\"actcldr243\\\"><\\\/div>\\n\\n<!-- Calendar loader. Insert in footer. -->\\n<script type=\\\"text\\\/javascript\\\" >\\n(function(w,d,t,u,f,k,a){w[f]=w[f]||function(){(w[f].a=w[f].a||[]).push(arguments)};\\nk=d.createElement(t),a=d.getElementsByTagName(t)[0],k.async=1,k.src=u,a.parentNode.insertBefore(k,a)})\\n(window, document, \\\"script\\\", \\\"https:\\\/\\\/kalenteri.webia.fi\\\/static\\\/minjs\\\/activity_tag.js\\\", \\\"bc\\\");\\nbc(243, {target: 'actcldr243',});\\n<\\\/script>\"}},{\"type\":\"fragment\",\"children\":[{\"type\":\"row\",\"props\":{\"layout\":\"1-3,1-3,1-3\"},\"children\":[{\"type\":\"column\",\"props\":{\"image_position\":\"center-center\",\"position_sticky_breakpoint\":\"m\",\"width_medium\":\"1-3\"},\"children\":[{\"type\":\"image\",\"props\":{\"image\":\"wp-content\\\/uploads\\\/2023\\\/06\\\/Edenred_logo_CMYK_red.webp\",\"image_svg_color\":\"emphasis\",\"margin\":\"default\"},\"name\":\"edenred logo\"}]},{\"type\":\"column\",\"props\":{\"image_position\":\"center-center\",\"position_sticky_breakpoint\":\"m\",\"width_medium\":\"1-3\"},\"children\":[{\"type\":\"image\",\"props\":{\"image\":\"wp-content\\\/uploads\\\/2023\\\/06\\\/SMARTUM_LOGO_RGB_BLACK.png\",\"image_svg_color\":\"emphasis\",\"margin\":\"default\"},\"name\":\"smartum logo\"}]},{\"type\":\"column\",\"props\":{\"image_position\":\"center-center\",\"position_sticky_breakpoint\":\"m\",\"width_medium\":\"1-3\"},\"children\":[{\"type\":\"html\",\"props\":{\"content\":\"<img src=\\\"https:\\\/\\\/static.vismapay.com\\\/pay_banners\\\/column.png\\\">\"},\"name\":\"Wisma logot\"}]}]}],\"props\":{\"margin\":\"default\"}},{\"type\":\"button\",\"props\":{\"fullwidth\":true,\"grid_column_gap\":\"small\",\"grid_row_gap\":\"small\",\"margin\":\"default\"},\"children\":[{\"type\":\"button_item\",\"props\":{\"button_style\":\"secondary\",\"content\":\"You can explore the entire rental shop's selection by clicking here\",\"icon\":\"sign-in\",\"icon_align\":\"left\",\"link\":\"verkkokauppa\\\/\",\"link_target\":\"blank\",\"link_title\":\"Verkkokauppaan\"}}],\"name\":\"Verkkokauppaan nappula\"},{\"type\":\"button\",\"props\":{\"grid_column_gap\":\"small\",\"grid_row_gap\":\"small\",\"margin\":\"default\"},\"children\":[{\"type\":\"button_item\",\"props\":{\"button_style\":\"primary\",\"content\":\"Contacts >\",\"icon_align\":\"left\",\"link\":\"http:\\\/\\\/elamyspoukama.fi\\\/yhteystiedot\\\/\"}}]}]}]}]},{\"name\":\"sauna\",\"type\":\"section\",\"props\":{\"image_position\":\"center-center\",\"overlap\":true,\"style\":\"primary\",\"title_breakpoint\":\"xl\",\"title_position\":\"top-left\",\"title_rotation\":\"left\",\"vertical_align\":\"middle\",\"width\":\"large\"},\"children\":[{\"type\":\"row\",\"children\":[{\"type\":\"column\",\"props\":{\"image_position\":\"center-center\",\"position_sticky_breakpoint\":\"m\",\"width_medium\":\"1-1\"},\"children\":[{\"type\":\"text\",\"props\":{\"column_breakpoint\":\"m\",\"margin\":\"default\"},\"source\":{\"query\":{\"name\":\"pages.customPage\",\"arguments\":{\"users\":[],\"users_operator\":\"IN\",\"offset\":0,\"order\":\"date\",\"order_direction\":\"DESC\",\"id\":37155}},\"props\":{\"content\":{\"filters\":{\"search\":\"\"},\"arguments\":{\"show_intro_text\":true},\"name\":\"content\"}}}}]}]}]}],\"version\":\"4.1.5\"} --><\/p>\n","protected":false},"excerpt":{"rendered":"<p>Rowing boat rental In Porvoo Rowboat rentals in Porvoo can be found at El\u00e4myspoukama. Rent a rowboat from El\u00e4myspoukama and experience the archipelago&#8217;s ambiance while leisurely rowing. El\u00e4myspoukama offers high-quality [&hellip;]<\/p>\n","protected":false},"author":6,"featured_media":0,"parent":0,"menu_order":1,"comment_status":"closed","ping_status":"closed","template":"","meta":{"footnotes":""},"class_list":["post-39301","page","type-page","status-publish","hentry"],"yoast_head":"<!-- This site is optimized with the Yoast SEO Premium plugin v27.4 (Yoast SEO v27.4) - https:\/\/yoast.com\/product\/yoast-seo-premium-wordpress\/ -->\n<title>Rent rowing boat Porvoo - El\u00e4myspoukama<\/title>\n<meta name=\"description\" content=\"Rent rowing boat from El\u00e4myspoukama and enjoy archipelago with family and friends. These boats are excellent for fishing trips.\" \/>\n<meta name=\"robots\" content=\"index, follow, max-snippet:-1, max-image-preview:large, max-video-preview:-1\" \/>\n<link rel=\"canonical\" href=\"https:\/\/elamyspoukama.fi\/en\/rent-rowing-boat\/\" \/>\n<meta property=\"og:locale\" content=\"en_US\" \/>\n<meta property=\"og:type\" content=\"article\" \/>\n<meta property=\"og:title\" content=\"Rent rowing boat Porvoo\" \/>\n<meta property=\"og:description\" content=\"Rent rowing boat from El\u00e4myspoukama and enjoy archipelago with family and friends. These boats are excellent for fishing trips.\" \/>\n<meta property=\"og:url\" content=\"https:\/\/elamyspoukama.fi\/en\/rent-rowing-boat\/\" \/>\n<meta property=\"og:site_name\" content=\"El\u00e4myspoukama\" \/>\n<meta property=\"article:publisher\" content=\"https:\/\/www.facebook.com\/Kokouspoukama\/\" \/>\n<meta property=\"article:modified_time\" content=\"2023-10-30T09:00:55+00:00\" \/>\n<meta property=\"og:image\" content=\"https:\/\/static.vismapay.com\/pay_banners\/column.png\" \/>\n<meta name=\"twitter:card\" content=\"summary_large_image\" \/>\n<meta name=\"twitter:label1\" content=\"Est. reading time\" \/>\n\t<meta name=\"twitter:data1\" content=\"1 minute\" \/>\n<script type=\"application\/ld+json\" class=\"yoast-schema-graph\">{\"@context\":\"https:\\\/\\\/schema.org\",\"@graph\":[{\"@type\":\"WebPage\",\"@id\":\"https:\\\/\\\/elamyspoukama.fi\\\/en\\\/rent-rowing-boat\\\/\",\"url\":\"https:\\\/\\\/elamyspoukama.fi\\\/en\\\/rent-rowing-boat\\\/\",\"name\":\"Rent rowing boat Porvoo - El\u00e4myspoukama\",\"isPartOf\":{\"@id\":\"https:\\\/\\\/elamyspoukama.fi\\\/en\\\/#website\"},\"primaryImageOfPage\":{\"@id\":\"https:\\\/\\\/elamyspoukama.fi\\\/en\\\/rent-rowing-boat\\\/#primaryimage\"},\"image\":{\"@id\":\"https:\\\/\\\/elamyspoukama.fi\\\/en\\\/rent-rowing-boat\\\/#primaryimage\"},\"thumbnailUrl\":\"https:\\\/\\\/static.vismapay.com\\\/pay_banners\\\/column.png\",\"datePublished\":\"2021-07-06T10:27:07+00:00\",\"dateModified\":\"2023-10-30T09:00:55+00:00\",\"description\":\"Rent rowing boat from El\u00e4myspoukama and enjoy archipelago with family and friends. These boats are excellent for fishing trips.\",\"breadcrumb\":{\"@id\":\"https:\\\/\\\/elamyspoukama.fi\\\/en\\\/rent-rowing-boat\\\/#breadcrumb\"},\"inLanguage\":\"en-US\",\"potentialAction\":[{\"@type\":\"ReadAction\",\"target\":[\"https:\\\/\\\/elamyspoukama.fi\\\/en\\\/rent-rowing-boat\\\/\"]}]},{\"@type\":\"ImageObject\",\"inLanguage\":\"en-US\",\"@id\":\"https:\\\/\\\/elamyspoukama.fi\\\/en\\\/rent-rowing-boat\\\/#primaryimage\",\"url\":\"https:\\\/\\\/static.vismapay.com\\\/pay_banners\\\/column.png\",\"contentUrl\":\"https:\\\/\\\/static.vismapay.com\\\/pay_banners\\\/column.png\"},{\"@type\":\"BreadcrumbList\",\"@id\":\"https:\\\/\\\/elamyspoukama.fi\\\/en\\\/rent-rowing-boat\\\/#breadcrumb\",\"itemListElement\":[{\"@type\":\"ListItem\",\"position\":1,\"name\":\"Home\",\"item\":\"https:\\\/\\\/elamyspoukama.fi\\\/en\\\/\"},{\"@type\":\"ListItem\",\"position\":2,\"name\":\"Rent rowing boat Porvoo\"}]},{\"@type\":\"WebSite\",\"@id\":\"https:\\\/\\\/elamyspoukama.fi\\\/en\\\/#website\",\"url\":\"https:\\\/\\\/elamyspoukama.fi\\\/en\\\/\",\"name\":\"El\u00e4myspoukama\",\"description\":\"Tekemist\u00e4 porvoossa\",\"publisher\":{\"@id\":\"https:\\\/\\\/elamyspoukama.fi\\\/en\\\/#organization\"},\"potentialAction\":[{\"@type\":\"SearchAction\",\"target\":{\"@type\":\"EntryPoint\",\"urlTemplate\":\"https:\\\/\\\/elamyspoukama.fi\\\/en\\\/?s={search_term_string}\"},\"query-input\":{\"@type\":\"PropertyValueSpecification\",\"valueRequired\":true,\"valueName\":\"search_term_string\"}}],\"inLanguage\":\"en-US\"},{\"@type\":\"Organization\",\"@id\":\"https:\\\/\\\/elamyspoukama.fi\\\/en\\\/#organization\",\"name\":\"Kokouspoukama\",\"url\":\"https:\\\/\\\/elamyspoukama.fi\\\/en\\\/\",\"logo\":{\"@type\":\"ImageObject\",\"inLanguage\":\"en-US\",\"@id\":\"https:\\\/\\\/elamyspoukama.fi\\\/en\\\/#\\\/schema\\\/logo\\\/image\\\/\",\"url\":\"https:\\\/\\\/elamyspoukama.fi\\\/wp-content\\\/uploads\\\/2018\\\/06\\\/Poukama_logo_secondary_black-e1530794758505.png\",\"contentUrl\":\"https:\\\/\\\/elamyspoukama.fi\\\/wp-content\\\/uploads\\\/2018\\\/06\\\/Poukama_logo_secondary_black-e1530794758505.png\",\"width\":200,\"height\":200,\"caption\":\"Kokouspoukama\"},\"image\":{\"@id\":\"https:\\\/\\\/elamyspoukama.fi\\\/en\\\/#\\\/schema\\\/logo\\\/image\\\/\"},\"sameAs\":[\"https:\\\/\\\/www.facebook.com\\\/Kokouspoukama\\\/\",\"https:\\\/\\\/www.instagram.com\\\/kokouspoukama\\\/\"]}]}<\/script>\n<!-- \/ Yoast SEO Premium plugin. -->","yoast_head_json":{"title":"Rent rowing boat Porvoo - El\u00e4myspoukama","description":"Rent rowing boat from El\u00e4myspoukama and enjoy archipelago with family and friends. These boats are excellent for fishing trips.","robots":{"index":"index","follow":"follow","max-snippet":"max-snippet:-1","max-image-preview":"max-image-preview:large","max-video-preview":"max-video-preview:-1"},"canonical":"https:\/\/elamyspoukama.fi\/en\/rent-rowing-boat\/","og_locale":"en_US","og_type":"article","og_title":"Rent rowing boat Porvoo","og_description":"Rent rowing boat from El\u00e4myspoukama and enjoy archipelago with family and friends. These boats are excellent for fishing trips.","og_url":"https:\/\/elamyspoukama.fi\/en\/rent-rowing-boat\/","og_site_name":"El\u00e4myspoukama","article_publisher":"https:\/\/www.facebook.com\/Kokouspoukama\/","article_modified_time":"2023-10-30T09:00:55+00:00","og_image":[{"url":"https:\/\/static.vismapay.com\/pay_banners\/column.png","type":"","width":"","height":""}],"twitter_card":"summary_large_image","twitter_misc":{"Est. reading time":"1 minute"},"schema":{"@context":"https:\/\/schema.org","@graph":[{"@type":"WebPage","@id":"https:\/\/elamyspoukama.fi\/en\/rent-rowing-boat\/","url":"https:\/\/elamyspoukama.fi\/en\/rent-rowing-boat\/","name":"Rent rowing boat Porvoo - El\u00e4myspoukama","isPartOf":{"@id":"https:\/\/elamyspoukama.fi\/en\/#website"},"primaryImageOfPage":{"@id":"https:\/\/elamyspoukama.fi\/en\/rent-rowing-boat\/#primaryimage"},"image":{"@id":"https:\/\/elamyspoukama.fi\/en\/rent-rowing-boat\/#primaryimage"},"thumbnailUrl":"https:\/\/static.vismapay.com\/pay_banners\/column.png","datePublished":"2021-07-06T10:27:07+00:00","dateModified":"2023-10-30T09:00:55+00:00","description":"Rent rowing boat from El\u00e4myspoukama and enjoy archipelago with family and friends. These boats are excellent for fishing trips.","breadcrumb":{"@id":"https:\/\/elamyspoukama.fi\/en\/rent-rowing-boat\/#breadcrumb"},"inLanguage":"en-US","potentialAction":[{"@type":"ReadAction","target":["https:\/\/elamyspoukama.fi\/en\/rent-rowing-boat\/"]}]},{"@type":"ImageObject","inLanguage":"en-US","@id":"https:\/\/elamyspoukama.fi\/en\/rent-rowing-boat\/#primaryimage","url":"https:\/\/static.vismapay.com\/pay_banners\/column.png","contentUrl":"https:\/\/static.vismapay.com\/pay_banners\/column.png"},{"@type":"BreadcrumbList","@id":"https:\/\/elamyspoukama.fi\/en\/rent-rowing-boat\/#breadcrumb","itemListElement":[{"@type":"ListItem","position":1,"name":"Home","item":"https:\/\/elamyspoukama.fi\/en\/"},{"@type":"ListItem","position":2,"name":"Rent rowing boat Porvoo"}]},{"@type":"WebSite","@id":"https:\/\/elamyspoukama.fi\/en\/#website","url":"https:\/\/elamyspoukama.fi\/en\/","name":"El\u00e4myspoukama","description":"Tekemist\u00e4 porvoossa","publisher":{"@id":"https:\/\/elamyspoukama.fi\/en\/#organization"},"potentialAction":[{"@type":"SearchAction","target":{"@type":"EntryPoint","urlTemplate":"https:\/\/elamyspoukama.fi\/en\/?s={search_term_string}"},"query-input":{"@type":"PropertyValueSpecification","valueRequired":true,"valueName":"search_term_string"}}],"inLanguage":"en-US"},{"@type":"Organization","@id":"https:\/\/elamyspoukama.fi\/en\/#organization","name":"Kokouspoukama","url":"https:\/\/elamyspoukama.fi\/en\/","logo":{"@type":"ImageObject","inLanguage":"en-US","@id":"https:\/\/elamyspoukama.fi\/en\/#\/schema\/logo\/image\/","url":"https:\/\/elamyspoukama.fi\/wp-content\/uploads\/2018\/06\/Poukama_logo_secondary_black-e1530794758505.png","contentUrl":"https:\/\/elamyspoukama.fi\/wp-content\/uploads\/2018\/06\/Poukama_logo_secondary_black-e1530794758505.png","width":200,"height":200,"caption":"Kokouspoukama"},"image":{"@id":"https:\/\/elamyspoukama.fi\/en\/#\/schema\/logo\/image\/"},"sameAs":["https:\/\/www.facebook.com\/Kokouspoukama\/","https:\/\/www.instagram.com\/kokouspoukama\/"]}]}},"_links":{"self":[{"href":"https:\/\/elamyspoukama.fi\/en\/wp-json\/wp\/v2\/pages\/39301","targetHints":{"allow":["GET"]}}],"collection":[{"href":"https:\/\/elamyspoukama.fi\/en\/wp-json\/wp\/v2\/pages"}],"about":[{"href":"https:\/\/elamyspoukama.fi\/en\/wp-json\/wp\/v2\/types\/page"}],"author":[{"embeddable":true,"href":"https:\/\/elamyspoukama.fi\/en\/wp-json\/wp\/v2\/users\/6"}],"replies":[{"embeddable":true,"href":"https:\/\/elamyspoukama.fi\/en\/wp-json\/wp\/v2\/comments?post=39301"}],"version-history":[{"count":0,"href":"https:\/\/elamyspoukama.fi\/en\/wp-json\/wp\/v2\/pages\/39301\/revisions"}],"wp:attachment":[{"href":"https:\/\/elamyspoukama.fi\/en\/wp-json\/wp\/v2\/media?parent=39301"}],"curies":[{"name":"wp","href":"https:\/\/api.w.org\/{rel}","templated":true}]}}