{"id":42533,"date":"2018-04-04T07:03:27","date_gmt":"2018-04-04T07:03:27","guid":{"rendered":"https:\/\/elamyspoukama.fi\/kahvila-jemma\/"},"modified":"2025-04-17T12:50:48","modified_gmt":"2025-04-17T09:50:48","slug":"cafe-jemma","status":"publish","type":"page","link":"https:\/\/elamyspoukama.fi\/en\/cafe-jemma\/","title":{"rendered":"Caf\u00e9 Jemma in the Porvoo Archipelago"},"content":{"rendered":"<h1>Cafe Jemma summer 2025<\/h1>\n<h2>A caf\u00e9 in the beautiful archipelago of Porvoo offers a relaxed atmosphere and the flavours of the archipelago.<\/h2>\n<div>\n<p>The summer beach caf\u00e9 Jemma offers an experiential stopover with delicious dishes, prepared in our own kitchen, in the beautiful archipelago landscape of Porvoo.<\/p>\n<p>Caf\u00e9 Jemma is located in El\u00e4myspoukama on the shores of Byviken Bay on Porvoo&#8217;s Em\u00e4salo Island.<\/p>\n<p>A peaceful and cosy environment for the whole family<\/p>\n<p>Caf\u00e9 Jemma is a nice and peaceful place to visit for the whole family.<\/p>\n<p>While the adults enjoy their own specialities, the caf\u00e9 always has something for the kids.<br \/>Don&#8217;t forget to try Em\u00e4salo&#8217;s own beer and drinks from the local Kr\u00e5k\u00f6 brewery with savoury or sweet offerings.<\/p>\n<p>Rental shop<\/p>\n<p>Caf\u00e9 Jemma has a rental shop in El\u00e4myspoukama where you can rent a kayak, SUP board or kayak in the summer.<\/p>\n<p>THE WHOLE FAMILY ON THE SAME SUP BOARD !<\/p>\n<p>We also have an Xl sized SUP board that can fit the whole family.<br \/>We also have rowing boats and fishing equipment for rent.<br \/>There are nice places to go in the surrounding area that are suitable for the whole family.<\/p>\n<p>In winter, our rental shop also has snowshoes and ice fishing equipment.<\/p>\n<p>Want to spend a weekend or a longer holiday in the Porvoo archipelago?<\/p>\n<p>Andenture hotel Poukama can accommodate guests for a longer stay. Also check out our experiential glass igloo accommodation.<\/p>\n<p>Welcome to the archipelago !<\/p>\n<\/div>\n<div>\n<p>        <img decoding=\"async\" src=\"\/wp-content\/uploads\/2021\/05\/Kahvila-Jemma-Musta-Logo-Ei-Taustaa.png\" alt=\"Kahvila Jemma Em\u00e4salossa\"><\/p>\n<div>\n<p>CAF\u00c9 JEMMA WILL OPEN ON 31.5.2025.<\/p>\n<p>OPENING HOURS YOU CAN FIND IN THE EVENTS CALENDAR.<\/p>\n<p>Caf\u00e9 Jemman&#8217;s Trubaduur Tuesdays will start 24.6.2025.<br \/>These and all other events can be found in the events calendar.<\/p>\n<p>More information will be published on our social media channels<\/p>\n<p>@kahvilajemma @porvoonpoukama<\/p>\n<\/p>\n<\/div>\n<\/div>\n<div>\n<p>        <img decoding=\"async\" src=\"\/wp-content\/uploads\/2025\/04\/kesatori.jpg\" alt=\"Kahvila Jemma Em\u00e4salossa\"><\/p>\n<div>\n<p>THE SUMMER MARKET IN EM\u00c4SALO<\/p>\n<p>Come and enjoy the unique market atmosphere in the archipelago and do some summer shopping.<\/p>\n<p>Food and handicrafts from local producers.<\/p>\n<p>Market coffee will be served at caf\u00e9 Jemma.<\/p>\n<p>There is also a shuttle service from Porvoo city centre to the summer markets. For more information on transport and other summer market info, please visit @emsalo.sommartorg<\/p>\n<\/div>\n<\/div>\n<p><img decoding=\"async\" src=\"\/wp-content\/uploads\/2024\/11\/Sustainable_Finland_Label_RGB_tm-1.png\" alt=\"Kokouspoukama on SFT kohde\"><\/p>\n<div>\n<p>        <img decoding=\"async\" src=\"\/wp-content\/uploads\/2021\/06\/welcome_cyclist_logo_2020.jpg\" alt=\"El\u00e4myspoukama on welcome cyclist kohde\"><\/p>\n<div>\n<p>El\u00e4myspoukama and caf\u00e9 Jemma are proud holders of the Welcome Cyclist label.<\/p>\n<p>The label is designed to make life easier for cyclists when they are looking for services that suit them: places and services where they know they will always be welcome, and which offer a slightly better service to the cyclist in the saddle.<\/p>\n<\/p>\n<\/div>\n<p><a href=\"https:\/\/pyorailyvuosi.fi\/tervetuloa-pyorailija-tunnus\/\">Lue lis\u00e4\u00e4 merkist\u00e4<\/a><\/p>\n<\/div>\n<ul>\n<li>\n<p>        <img decoding=\"async\" src=\"\/wp-content\/uploads\/2024\/05\/Kahvila-jemman-leikkipaikkalla-scaled.jpg\" alt=\"lasten leikkipaikka kahvila Porvoo\"><\/p>\n<\/li>\n<li>\n<p>        <img decoding=\"async\" src=\"\/wp-content\/uploads\/2023\/12\/Iltapaivakahvi-buffet-scaled.jpg\" alt=\"Pullat kahvila Jemmassa\"><\/p>\n<p>kokoustilat, virkistysp\u00e4iv\u00e4t ja yritystapahtumat saaristossa<\/p>\n<\/li>\n<li>\n<p>        <img decoding=\"async\" src=\"\/wp-content\/uploads\/2023\/10\/WhatsApp-Image-2023-10-13-at-10.47.17-1.jpeg\" alt=\"El\u00e4myksellinen iglumajoitus Porvoossa\"><\/p>\n<\/li>\n<li>\n<p>        <img decoding=\"async\" src=\"\/wp-content\/uploads\/2024\/05\/artikkeli-kajakit.jpg\" alt=\"Kajakit vuokralle Porvoossa\"><\/p>\n<\/li>\n<li>\n<p>        <img decoding=\"async\" src=\"\/wp-content\/uploads\/2024\/05\/sup-lauta.jpg\" alt=\"Sup laudat porvoossa\"><\/p>\n<\/li>\n<\/ul>\n<p><!--more--><br \/>\n<!-- {\"type\":\"layout\",\"children\":[{\"name\":\"Hero\",\"type\":\"section\",\"props\":{\"header_transparent_noplaceholder\":true,\"height\":\"section\",\"height_offset_top\":true,\"image\":\"wp-content\\\/uploads\\\/2024\\\/05\\\/Jemma-kesakuva-scaled.jpg\",\"image_height\":0,\"image_position\":\"center-center\",\"image_size\":\"cover\",\"image_width\":\"0\",\"media_blend_mode\":\"lighten\",\"media_focal_point\":\"bottom-center\",\"overlap\":false,\"padding_remove_top\":false,\"style\":\"muted\",\"title_breakpoint\":\"xl\",\"title_position\":\"top-left\",\"title_rotation\":\"left\",\"vertical_align\":\"middle\",\"width\":\"expand\"},\"children\":[{\"type\":\"row\",\"children\":[{\"type\":\"column\",\"props\":{\"image_position\":\"center-center\",\"position_sticky_breakpoint\":\"m\"}}],\"props\":{\"height\":\"viewport\",\"height_viewport\":80,\"width\":\"expand\"}}]},{\"name\":\"Ingressi\",\"type\":\"section\",\"props\":{\"image_position\":\"center-center\",\"overlap\":true,\"padding\":\"small\",\"padding_remove_bottom\":false,\"style\":\"muted\",\"title_breakpoint\":\"xl\",\"title_position\":\"top-left\",\"title_rotation\":\"left\",\"vertical_align\":\"\",\"width\":\"large\"},\"children\":[{\"type\":\"row\",\"props\":{\"layout\":\"3-4,1-4\",\"width\":\"xlarge\"},\"children\":[{\"type\":\"column\",\"props\":{\"image_position\":\"center-center\",\"position_sticky_breakpoint\":\"m\",\"width_medium\":\"3-4\"},\"children\":[{\"type\":\"breadcrumbs\",\"props\":{\"show_current\":true,\"show_home\":true}},{\"type\":\"headline\",\"props\":{\"content\":\"Cafe Jemma summer 2025\",\"text_align\":\"center\",\"title_element\":\"h1\",\"title_style\":\"h1\"}},{\"type\":\"headline\",\"props\":{\"content\":\"A caf\\u00e9 in the beautiful archipelago of Porvoo offers a relaxed atmosphere and the flavours of the archipelago.\",\"title_element\":\"h2\"}},{\"type\":\"text\",\"props\":{\"column_breakpoint\":\"m\",\"content\":\"\n\n<p>The summer beach caf\\u00e9 Jemma offers an experiential stopover with delicious dishes, prepared in our own kitchen, in the beautiful archipelago landscape of Porvoo.<\\\/p>\\n\n\n<p>Caf\\u00e9 Jemma is located in El\\u00e4myspoukama on the shores of Byviken Bay on Porvoo's Em\\u00e4salo Island.<\\\/p>\\n\n\n<p>A peaceful and cosy environment for the whole family<\\\/p>\\n\n\n<p>Caf\\u00e9 Jemma is a nice and peaceful place to visit for the whole family.<\\\/p>\\n\n\n<p>While the adults enjoy their own specialities, the caf\\u00e9 always has something for the kids.<br \\\/>Don't forget to try Em\\u00e4salo's own beer and drinks from the local Kr\\u00e5k\\u00f6 brewery with savoury or sweet offerings.<\\\/p>\\n\n\n<p>Rental shop<\\\/p>\\n\n\n<p>Caf\\u00e9 Jemma has a rental shop in El\\u00e4myspoukama where you can rent a kayak, SUP board or kayak in the summer.<\\\/p>\\n\n\n<p>THE WHOLE FAMILY ON THE SAME SUP BOARD !<\\\/p>\\n\n\n<p>We also have an Xl sized SUP board that can fit the whole family.<br \\\/>We also have rowing boats and fishing equipment for rent.<br \\\/>There are nice places to go in the surrounding area that are suitable for the whole family.<\\\/p>\\n\n\n<p>In winter, our rental shop also has snowshoes and ice fishing equipment.<\\\/p>\\n\n\n<p>Want to spend a weekend or a longer holiday in the Porvoo archipelago?<\\\/p>\\n\n\n<p>Andenture hotel Poukama can accommodate guests for a longer stay. Also check out our experiential glass igloo accommodation.<\\\/p>\\n\n\n<p>Welcome to the archipelago !<\\\/p>\",\"margin\":\"medium\"}}]},{\"type\":\"column\",\"props\":{\"image_position\":\"center-center\",\"position_sticky_breakpoint\":\"m\",\"width_medium\":\"1-4\"},\"children\":[{\"type\":\"panel\",\"props\":{\"content\":\"\n\n<p>CAF\\u00c9 JEMMA WILL OPEN ON 31.5.2025.<\\\/p>\\n\n\n<p>OPENING HOURS YOU CAN FIND IN THE EVENTS CALENDAR.<\\\/p>\\n\n\n<p>Caf\\u00e9 Jemman's Trubaduur Tuesdays will start 24.6.2025.<br \\\/>These and all other events can be found in the events calendar.<\\\/p>\\n\n\n<p>More information will be published on our social media channels<\\\/p>\\n\n\n<p>@kahvilajemma @porvoonpoukama<\\\/p>\\n\n\n<p><\\\/p>\",\"content_column_breakpoint\":\"m\",\"icon_width\":80,\"image\":\"wp-content\\\/uploads\\\/2021\\\/05\\\/Kahvila-Jemma-Musta-Logo-Ei-Taustaa.png\",\"image_align\":\"top\",\"image_alt\":\"Kahvila Jemma Em\\u00e4salossa\",\"image_grid_breakpoint\":\"m\",\"image_grid_width\":\"1-2\",\"image_svg_color\":\"emphasis\",\"link_style\":\"default\",\"link_text\":\"Read more\",\"margin\":\"default\",\"meta_align\":\"below-title\",\"meta_element\":\"div\",\"meta_style\":\"text-meta\",\"panel_image_no_padding\":true,\"panel_padding\":\"small\",\"panel_style\":\"card-secondary\",\"text_align\":\"center\",\"title_align\":\"top\",\"title_element\":\"h3\",\"title_grid_breakpoint\":\"m\",\"title_grid_width\":\"1-2\",\"title_hover_style\":\"reset\"}},{\"type\":\"panel\",\"props\":{\"content\":\"\n\n<p>THE SUMMER MARKET IN EM\\u00c4SALO<\\\/p>\\n\n\n<p>Come and enjoy the unique market atmosphere in the archipelago and do some summer shopping.<\\\/p>\\n\n\n<p>Food and handicrafts from local producers.<\\\/p>\\n\n\n<p>Market coffee will be served at caf\\u00e9 Jemma.<\\\/p>\\n\n\n<p>There is also a shuttle service from Porvoo city centre to the summer markets. For more information on transport and other summer market info, please visit @emsalo.sommartorg<\\\/p>\",\"content_column_breakpoint\":\"m\",\"icon_width\":80,\"image\":\"wp-content\\\/uploads\\\/2025\\\/04\\\/kesatori.jpg\",\"image_align\":\"top\",\"image_alt\":\"Kahvila Jemma Em\\u00e4salossa\",\"image_grid_breakpoint\":\"m\",\"image_grid_width\":\"1-2\",\"image_svg_color\":\"emphasis\",\"link_style\":\"default\",\"link_text\":\"Read more\",\"margin\":\"default\",\"meta_align\":\"below-title\",\"meta_element\":\"div\",\"meta_style\":\"text-meta\",\"panel_image_no_padding\":true,\"panel_padding\":\"small\",\"panel_style\":\"card-secondary\",\"text_align\":\"center\",\"title_align\":\"top\",\"title_element\":\"h3\",\"title_grid_breakpoint\":\"m\",\"title_grid_width\":\"1-2\",\"title_hover_style\":\"reset\"}}]}]}]},{\"type\":\"section\",\"props\":{\"image_position\":\"center-center\",\"style\":\"default\",\"title_breakpoint\":\"xl\",\"title_position\":\"top-left\",\"title_rotation\":\"left\",\"vertical_align\":\"middle\",\"width\":\"default\"},\"children\":[{\"type\":\"row\",\"children\":[{\"type\":\"column\",\"props\":{\"image_position\":\"center-center\",\"position_sticky_breakpoint\":\"m\"},\"children\":[{\"type\":\"module\",\"props\":{\"menu_image_align\":\"center\",\"menu_image_margin\":true,\"menu_style\":\"default\",\"menu_type\":\"nav\",\"type\":\"tribe-widget-events-list\",\"widget\":\"tribe-widget-events-list-3\"}}]}]}]},{\"type\":\"section\",\"props\":{\"image_position\":\"center-center\",\"style\":\"default\",\"title_breakpoint\":\"xl\",\"title_position\":\"top-left\",\"title_rotation\":\"left\",\"vertical_align\":\"middle\",\"width\":\"default\"},\"children\":[{\"type\":\"row\",\"children\":[{\"type\":\"column\",\"props\":{\"image_position\":\"center-center\",\"position_sticky_breakpoint\":\"m\",\"width_medium\":\"1-2\"},\"children\":[{\"type\":\"image\",\"props\":{\"image\":\"wp-content\\\/uploads\\\/2024\\\/11\\\/Sustainable_Finland_Label_RGB_tm-1.png\",\"image_alt\":\"Kokouspoukama on SFT kohde\",\"image_svg_color\":\"emphasis\",\"margin\":\"default\"}}]},{\"type\":\"column\",\"props\":{\"image_position\":\"center-center\",\"position_sticky_breakpoint\":\"m\",\"width_medium\":\"1-2\"},\"children\":[{\"type\":\"panel\",\"props\":{\"content\":\"\n\n<p>El\\u00e4myspoukama and caf\\u00e9 Jemma are proud holders of the Welcome Cyclist label.<\\\/p>\\n\n\n<p>The label is designed to make life easier for cyclists when they are looking for services that suit them: places and services where they know they will always be welcome, and which offer a slightly better service to the cyclist in the saddle.<\\\/p>\\n\n\n<p><\\\/p>\\n\n\n<p><\\\/p>\",\"content_column_breakpoint\":\"m\",\"icon_width\":80,\"image\":\"wp-content\\\/uploads\\\/2021\\\/06\\\/welcome_cyclist_logo_2020.jpg\",\"image_align\":\"top\",\"image_alt\":\"El\\u00e4myspoukama on welcome cyclist kohde\",\"image_grid_breakpoint\":\"m\",\"image_grid_width\":\"1-2\",\"image_svg_color\":\"emphasis\",\"link\":\"https:\\\/\\\/pyorailyvuosi.fi\\\/tervetuloa-pyorailija-tunnus\\\/\",\"link_style\":\"default\",\"link_text\":\"Lue lis\\u00e4\\u00e4 merkist\\u00e4\",\"margin\":\"large\",\"meta_align\":\"below-title\",\"meta_element\":\"div\",\"meta_style\":\"text-meta\",\"title_align\":\"top\",\"title_element\":\"h3\",\"title_grid_breakpoint\":\"m\",\"title_grid_width\":\"1-2\",\"title_hover_style\":\"reset\"}}]}],\"props\":{\"layout\":\"1-2,1-2\"}}]},{\"type\":\"section\",\"props\":{\"image_position\":\"center-center\",\"style\":\"default\",\"title_breakpoint\":\"xl\",\"title_position\":\"top-left\",\"title_rotation\":\"left\",\"vertical_align\":\"middle\",\"width\":\"default\"},\"children\":[{\"type\":\"row\",\"children\":[{\"type\":\"column\",\"props\":{\"image_position\":\"center-center\",\"position_sticky_breakpoint\":\"m\"},\"children\":[{\"name\":\"Slide etusivu\",\"type\":\"slideshow\",\"props\":{\"block_align\":\"center\",\"link_size\":\"small\",\"link_style\":\"default\",\"link_text\":\"Lue lis\\u00e4\\u00e4\",\"margin\":\"small\",\"margin_remove_bottom\":false,\"margin_remove_top\":true,\"meta_align\":\"below-title\",\"meta_element\":\"div\",\"meta_style\":\"text-meta\",\"nav\":\"thumbnav\",\"nav_align\":\"center\",\"nav_below\":true,\"nav_breakpoint\":\"s\",\"nav_position\":\"bottom-center\",\"nav_position_margin\":\"medium\",\"nav_vertical\":true,\"overlay_animation\":\"parallax\",\"overlay_position\":\"center\",\"overlay_width\":\"xlarge\",\"show_content\":false,\"show_link\":false,\"show_meta\":false,\"show_thumbnail\":true,\"show_title\":false,\"slidenav\":\"outside\",\"slidenav_breakpoint\":\"s\",\"slidenav_hover\":false,\"slidenav_large\":true,\"slidenav_margin\":\"\",\"slidenav_outside_breakpoint\":\"xl\",\"slideshow_autoplay\":true,\"slideshow_autoplay_pause\":true,\"slideshow_max_height\":\"700\",\"slideshow_min_height\":\"450\",\"slideshow_velocity\":\"0.8\",\"text_align\":\"center\",\"text_color\":\"light\",\"thumbnav_height\":\"50\",\"thumbnav_svg_color\":\"emphasis\",\"thumbnav_width\":\"75\",\"title_element\":\"h3\",\"title_hover_style\":\"reset\",\"title_style\":\"heading-large\"},\"children\":[{\"type\":\"slideshow_item\",\"props\":{\"image\":\"wp-content\\\/uploads\\\/2024\\\/05\\\/Kahvila-jemman-leikkipaikkalla-scaled.jpg\",\"image_alt\":\"lasten leikkipaikka kahvila Porvoo\",\"image_focal_point\":\"bottom-center\",\"title\":\"\"}},{\"type\":\"slideshow_item\",\"props\":{\"content\":\"\",\"image\":\"wp-content\\\/uploads\\\/2023\\\/12\\\/Iltapaivakahvi-buffet-scaled.jpg\",\"image_alt\":\"Pullat kahvila Jemmassa\",\"meta\":\"kokoustilat, virkistysp\\u00e4iv\\u00e4t ja yritystapahtumat saaristossa\",\"title\":\"\"}},{\"type\":\"slideshow_item\",\"props\":{\"image\":\"wp-content\\\/uploads\\\/2023\\\/10\\\/WhatsApp-Image-2023-10-13-at-10.47.17-1.jpeg\",\"image_alt\":\"El\\u00e4myksellinen iglumajoitus Porvoossa\"}},{\"type\":\"slideshow_item\",\"props\":{\"image\":\"wp-content\\\/uploads\\\/2024\\\/05\\\/artikkeli-kajakit.jpg\",\"image_alt\":\"Kajakit vuokralle Porvoossa\"}},{\"type\":\"slideshow_item\",\"props\":{\"image\":\"wp-content\\\/uploads\\\/2024\\\/05\\\/sup-lauta.jpg\",\"image_alt\":\"Sup laudat porvoossa\"}}],\"modified\":\"2020-11-23T10:28:05.358Z\"}]}]}]}],\"version\":\"4.5.13\"} --><\/p>\n","protected":false},"excerpt":{"rendered":"<p>Cafe Jemma summer 2025 A caf\u00e9 in the beautiful archipelago of Porvoo offers a relaxed atmosphere and the flavours of the archipelago. The summer beach caf\u00e9 Jemma offers an experiential [&hellip;]<\/p>\n","protected":false},"author":3,"featured_media":33754,"parent":0,"menu_order":1,"comment_status":"closed","ping_status":"closed","template":"","meta":{"footnotes":""},"class_list":["post-42533","page","type-page","status-publish","has-post-thumbnail","hentry"],"yoast_head":"<!-- This site is optimized with the Yoast SEO Premium plugin v27.4 (Yoast SEO v27.4) - https:\/\/yoast.com\/product\/yoast-seo-premium-wordpress\/ -->\n<title>Caf\u00e9 Jemma in the Porvoo Archipelago upeassa saaristossa - El\u00e4myspoukama - Porvoo<\/title>\n<meta name=\"description\" content=\"Kahvila Jemma Porvoossa tarjoilee l\u00e4hialueen tuoreista raaka-aineista valmistetut saariston maut upeassa saaristossa.\" \/>\n<meta name=\"robots\" content=\"index, follow, max-snippet:-1, max-image-preview:large, max-video-preview:-1\" \/>\n<link rel=\"canonical\" href=\"https:\/\/elamyspoukama.fi\/en\/cafe-jemma\/\" \/>\n<meta property=\"og:locale\" content=\"en_US\" \/>\n<meta property=\"og:type\" content=\"article\" \/>\n<meta property=\"og:title\" content=\"Caf\u00e9 Jemma in the Porvoo Archipelago\" \/>\n<meta property=\"og:description\" content=\"Kahvila Jemma Porvoossa tarjoilee l\u00e4hialueen tuoreista raaka-aineista valmistetut saariston maut upeassa saaristossa.\" \/>\n<meta property=\"og:url\" content=\"https:\/\/elamyspoukama.fi\/en\/cafe-jemma\/\" \/>\n<meta property=\"og:site_name\" content=\"El\u00e4myspoukama\" \/>\n<meta property=\"article:publisher\" content=\"https:\/\/www.facebook.com\/Kokouspoukama\/\" \/>\n<meta property=\"article:modified_time\" content=\"2025-04-17T09:50:48+00:00\" \/>\n<meta property=\"og:image\" content=\"https:\/\/elamyspoukama.fi\/wp-content\/uploads\/2021\/05\/Kahvila-Jemma-Musta-Logo-Ei-Taustaa_1500x577-e1686376224938.png\" \/>\n\t<meta property=\"og:image:width\" content=\"1500\" \/>\n\t<meta property=\"og:image:height\" content=\"577\" \/>\n\t<meta property=\"og:image:type\" content=\"image\/png\" \/>\n<meta name=\"twitter:card\" content=\"summary_large_image\" \/>\n<meta name=\"twitter:label1\" content=\"Est. reading time\" \/>\n\t<meta name=\"twitter:data1\" content=\"4 minutes\" \/>\n<script type=\"application\/ld+json\" class=\"yoast-schema-graph\">{\"@context\":\"https:\\\/\\\/schema.org\",\"@graph\":[{\"@type\":\"WebPage\",\"@id\":\"https:\\\/\\\/elamyspoukama.fi\\\/en\\\/cafe-jemma\\\/\",\"url\":\"https:\\\/\\\/elamyspoukama.fi\\\/en\\\/cafe-jemma\\\/\",\"name\":\"Caf\u00e9 Jemma in the Porvoo Archipelago upeassa saaristossa - El\u00e4myspoukama - Porvoo\",\"isPartOf\":{\"@id\":\"https:\\\/\\\/elamyspoukama.fi\\\/en\\\/#website\"},\"primaryImageOfPage\":{\"@id\":\"https:\\\/\\\/elamyspoukama.fi\\\/en\\\/cafe-jemma\\\/#primaryimage\"},\"image\":{\"@id\":\"https:\\\/\\\/elamyspoukama.fi\\\/en\\\/cafe-jemma\\\/#primaryimage\"},\"thumbnailUrl\":\"https:\\\/\\\/elamyspoukama.fi\\\/wp-content\\\/uploads\\\/2021\\\/05\\\/Kahvila-Jemma-Musta-Logo-Ei-Taustaa_1500x577-e1686376224938.png\",\"datePublished\":\"2018-04-04T07:03:27+00:00\",\"dateModified\":\"2025-04-17T09:50:48+00:00\",\"description\":\"Kahvila Jemma Porvoossa tarjoilee l\u00e4hialueen tuoreista raaka-aineista valmistetut saariston maut upeassa saaristossa.\",\"breadcrumb\":{\"@id\":\"https:\\\/\\\/elamyspoukama.fi\\\/en\\\/cafe-jemma\\\/#breadcrumb\"},\"inLanguage\":\"en-US\",\"potentialAction\":[{\"@type\":\"ReadAction\",\"target\":[\"https:\\\/\\\/elamyspoukama.fi\\\/en\\\/cafe-jemma\\\/\"]}]},{\"@type\":\"ImageObject\",\"inLanguage\":\"en-US\",\"@id\":\"https:\\\/\\\/elamyspoukama.fi\\\/en\\\/cafe-jemma\\\/#primaryimage\",\"url\":\"https:\\\/\\\/elamyspoukama.fi\\\/wp-content\\\/uploads\\\/2021\\\/05\\\/Kahvila-Jemma-Musta-Logo-Ei-Taustaa_1500x577-e1686376224938.png\",\"contentUrl\":\"https:\\\/\\\/elamyspoukama.fi\\\/wp-content\\\/uploads\\\/2021\\\/05\\\/Kahvila-Jemma-Musta-Logo-Ei-Taustaa_1500x577-e1686376224938.png\",\"width\":1500,\"height\":577},{\"@type\":\"BreadcrumbList\",\"@id\":\"https:\\\/\\\/elamyspoukama.fi\\\/en\\\/cafe-jemma\\\/#breadcrumb\",\"itemListElement\":[{\"@type\":\"ListItem\",\"position\":1,\"name\":\"Home\",\"item\":\"https:\\\/\\\/elamyspoukama.fi\\\/en\\\/\"},{\"@type\":\"ListItem\",\"position\":2,\"name\":\"Caf\u00e9 Jemma in the Porvoo Archipelago\"}]},{\"@type\":\"WebSite\",\"@id\":\"https:\\\/\\\/elamyspoukama.fi\\\/en\\\/#website\",\"url\":\"https:\\\/\\\/elamyspoukama.fi\\\/en\\\/\",\"name\":\"El\u00e4myspoukama\",\"description\":\"Tekemist\u00e4 porvoossa\",\"publisher\":{\"@id\":\"https:\\\/\\\/elamyspoukama.fi\\\/en\\\/#organization\"},\"potentialAction\":[{\"@type\":\"SearchAction\",\"target\":{\"@type\":\"EntryPoint\",\"urlTemplate\":\"https:\\\/\\\/elamyspoukama.fi\\\/en\\\/?s={search_term_string}\"},\"query-input\":{\"@type\":\"PropertyValueSpecification\",\"valueRequired\":true,\"valueName\":\"search_term_string\"}}],\"inLanguage\":\"en-US\"},{\"@type\":\"Organization\",\"@id\":\"https:\\\/\\\/elamyspoukama.fi\\\/en\\\/#organization\",\"name\":\"Kokouspoukama\",\"url\":\"https:\\\/\\\/elamyspoukama.fi\\\/en\\\/\",\"logo\":{\"@type\":\"ImageObject\",\"inLanguage\":\"en-US\",\"@id\":\"https:\\\/\\\/elamyspoukama.fi\\\/en\\\/#\\\/schema\\\/logo\\\/image\\\/\",\"url\":\"https:\\\/\\\/elamyspoukama.fi\\\/wp-content\\\/uploads\\\/2018\\\/06\\\/Poukama_logo_secondary_black-e1530794758505.png\",\"contentUrl\":\"https:\\\/\\\/elamyspoukama.fi\\\/wp-content\\\/uploads\\\/2018\\\/06\\\/Poukama_logo_secondary_black-e1530794758505.png\",\"width\":200,\"height\":200,\"caption\":\"Kokouspoukama\"},\"image\":{\"@id\":\"https:\\\/\\\/elamyspoukama.fi\\\/en\\\/#\\\/schema\\\/logo\\\/image\\\/\"},\"sameAs\":[\"https:\\\/\\\/www.facebook.com\\\/Kokouspoukama\\\/\",\"https:\\\/\\\/www.instagram.com\\\/kokouspoukama\\\/\"]}]}<\/script>\n<!-- \/ Yoast SEO Premium plugin. -->","yoast_head_json":{"title":"Caf\u00e9 Jemma in the Porvoo Archipelago upeassa saaristossa - El\u00e4myspoukama - Porvoo","description":"Kahvila Jemma Porvoossa tarjoilee l\u00e4hialueen tuoreista raaka-aineista valmistetut saariston maut upeassa saaristossa.","robots":{"index":"index","follow":"follow","max-snippet":"max-snippet:-1","max-image-preview":"max-image-preview:large","max-video-preview":"max-video-preview:-1"},"canonical":"https:\/\/elamyspoukama.fi\/en\/cafe-jemma\/","og_locale":"en_US","og_type":"article","og_title":"Caf\u00e9 Jemma in the Porvoo Archipelago","og_description":"Kahvila Jemma Porvoossa tarjoilee l\u00e4hialueen tuoreista raaka-aineista valmistetut saariston maut upeassa saaristossa.","og_url":"https:\/\/elamyspoukama.fi\/en\/cafe-jemma\/","og_site_name":"El\u00e4myspoukama","article_publisher":"https:\/\/www.facebook.com\/Kokouspoukama\/","article_modified_time":"2025-04-17T09:50:48+00:00","og_image":[{"width":1500,"height":577,"url":"https:\/\/elamyspoukama.fi\/wp-content\/uploads\/2021\/05\/Kahvila-Jemma-Musta-Logo-Ei-Taustaa_1500x577-e1686376224938.png","type":"image\/png"}],"twitter_card":"summary_large_image","twitter_misc":{"Est. reading time":"4 minutes"},"schema":{"@context":"https:\/\/schema.org","@graph":[{"@type":"WebPage","@id":"https:\/\/elamyspoukama.fi\/en\/cafe-jemma\/","url":"https:\/\/elamyspoukama.fi\/en\/cafe-jemma\/","name":"Caf\u00e9 Jemma in the Porvoo Archipelago upeassa saaristossa - El\u00e4myspoukama - Porvoo","isPartOf":{"@id":"https:\/\/elamyspoukama.fi\/en\/#website"},"primaryImageOfPage":{"@id":"https:\/\/elamyspoukama.fi\/en\/cafe-jemma\/#primaryimage"},"image":{"@id":"https:\/\/elamyspoukama.fi\/en\/cafe-jemma\/#primaryimage"},"thumbnailUrl":"https:\/\/elamyspoukama.fi\/wp-content\/uploads\/2021\/05\/Kahvila-Jemma-Musta-Logo-Ei-Taustaa_1500x577-e1686376224938.png","datePublished":"2018-04-04T07:03:27+00:00","dateModified":"2025-04-17T09:50:48+00:00","description":"Kahvila Jemma Porvoossa tarjoilee l\u00e4hialueen tuoreista raaka-aineista valmistetut saariston maut upeassa saaristossa.","breadcrumb":{"@id":"https:\/\/elamyspoukama.fi\/en\/cafe-jemma\/#breadcrumb"},"inLanguage":"en-US","potentialAction":[{"@type":"ReadAction","target":["https:\/\/elamyspoukama.fi\/en\/cafe-jemma\/"]}]},{"@type":"ImageObject","inLanguage":"en-US","@id":"https:\/\/elamyspoukama.fi\/en\/cafe-jemma\/#primaryimage","url":"https:\/\/elamyspoukama.fi\/wp-content\/uploads\/2021\/05\/Kahvila-Jemma-Musta-Logo-Ei-Taustaa_1500x577-e1686376224938.png","contentUrl":"https:\/\/elamyspoukama.fi\/wp-content\/uploads\/2021\/05\/Kahvila-Jemma-Musta-Logo-Ei-Taustaa_1500x577-e1686376224938.png","width":1500,"height":577},{"@type":"BreadcrumbList","@id":"https:\/\/elamyspoukama.fi\/en\/cafe-jemma\/#breadcrumb","itemListElement":[{"@type":"ListItem","position":1,"name":"Home","item":"https:\/\/elamyspoukama.fi\/en\/"},{"@type":"ListItem","position":2,"name":"Caf\u00e9 Jemma in the Porvoo Archipelago"}]},{"@type":"WebSite","@id":"https:\/\/elamyspoukama.fi\/en\/#website","url":"https:\/\/elamyspoukama.fi\/en\/","name":"El\u00e4myspoukama","description":"Tekemist\u00e4 porvoossa","publisher":{"@id":"https:\/\/elamyspoukama.fi\/en\/#organization"},"potentialAction":[{"@type":"SearchAction","target":{"@type":"EntryPoint","urlTemplate":"https:\/\/elamyspoukama.fi\/en\/?s={search_term_string}"},"query-input":{"@type":"PropertyValueSpecification","valueRequired":true,"valueName":"search_term_string"}}],"inLanguage":"en-US"},{"@type":"Organization","@id":"https:\/\/elamyspoukama.fi\/en\/#organization","name":"Kokouspoukama","url":"https:\/\/elamyspoukama.fi\/en\/","logo":{"@type":"ImageObject","inLanguage":"en-US","@id":"https:\/\/elamyspoukama.fi\/en\/#\/schema\/logo\/image\/","url":"https:\/\/elamyspoukama.fi\/wp-content\/uploads\/2018\/06\/Poukama_logo_secondary_black-e1530794758505.png","contentUrl":"https:\/\/elamyspoukama.fi\/wp-content\/uploads\/2018\/06\/Poukama_logo_secondary_black-e1530794758505.png","width":200,"height":200,"caption":"Kokouspoukama"},"image":{"@id":"https:\/\/elamyspoukama.fi\/en\/#\/schema\/logo\/image\/"},"sameAs":["https:\/\/www.facebook.com\/Kokouspoukama\/","https:\/\/www.instagram.com\/kokouspoukama\/"]}]}},"_links":{"self":[{"href":"https:\/\/elamyspoukama.fi\/en\/wp-json\/wp\/v2\/pages\/42533","targetHints":{"allow":["GET"]}}],"collection":[{"href":"https:\/\/elamyspoukama.fi\/en\/wp-json\/wp\/v2\/pages"}],"about":[{"href":"https:\/\/elamyspoukama.fi\/en\/wp-json\/wp\/v2\/types\/page"}],"author":[{"embeddable":true,"href":"https:\/\/elamyspoukama.fi\/en\/wp-json\/wp\/v2\/users\/3"}],"replies":[{"embeddable":true,"href":"https:\/\/elamyspoukama.fi\/en\/wp-json\/wp\/v2\/comments?post=42533"}],"version-history":[{"count":0,"href":"https:\/\/elamyspoukama.fi\/en\/wp-json\/wp\/v2\/pages\/42533\/revisions"}],"wp:featuredmedia":[{"embeddable":true,"href":"https:\/\/elamyspoukama.fi\/en\/wp-json\/wp\/v2\/media\/33754"}],"wp:attachment":[{"href":"https:\/\/elamyspoukama.fi\/en\/wp-json\/wp\/v2\/media?parent=42533"}],"curies":[{"name":"wp","href":"https:\/\/api.w.org\/{rel}","templated":true}]}}