{"id":43982,"date":"2025-05-19T13:23:40","date_gmt":"2025-05-19T10:23:40","guid":{"rendered":"https:\/\/elamyspoukama.fi\/saaristoristeilyt-porvoossa\/"},"modified":"2026-03-12T12:27:12","modified_gmt":"2026-03-12T10:27:12","slug":"archipelago-cruises-in-porvoo","status":"publish","type":"page","link":"https:\/\/elamyspoukama.fi\/en\/archipelago-cruises-in-porvoo\/","title":{"rendered":"Archipelago cruises in Porvoo"},"content":{"rendered":"<h1><span class=\"_fadeIn_m1hgl_8\">Archipelago <\/span><span class=\"_fadeIn_m1hgl_8\">Cruises <\/span><span class=\"_fadeIn_m1hgl_8\">in <\/span><span class=\"_fadeIn_m1hgl_8\">Porvoo\u00a0<\/span><\/h1>\n<h2><span class=\"_fadeIn_m1hgl_8\">Experience <\/span><span class=\"_fadeIn_m1hgl_8\">the <\/span><span class=\"_fadeIn_m1hgl_8\">Stunning <\/span><span class=\"_fadeIn_m1hgl_8\">Archipelago <\/span><span class=\"_fadeIn_m1hgl_8\">Aboard <\/span><span class=\"_fadeIn_m1hgl_8\">m\/<\/span><span class=\"_fadeIn_m1hgl_8\">s <\/span><span class=\"_fadeIn_m1hgl_8\">Amanda<\/span><\/h2>\n<div>\n<p>Set off on an unforgettable archipelago cruise in the Porvoo archipelago!<\/p>\n<p>The 34-passenger vessel m\/s Amanda offers memorable cruises during the summer season, perfect for tourists, locals, families with children, and groups of friends alike.<\/p>\n<p>Our regular cruise destinations for summer 2026 will include the stunning <strong>\u00c4ggsk\u00e4r island group<\/strong> and the history-rich <strong>Pirttisaari<\/strong>. Other destinations include <strong>Norrholmen<\/strong>, <strong>Kaunissaari<\/strong> (Sipoo), and <strong>Glosholmen<\/strong>, to which we will organize individual departures throughout the summer.<\/p>\n<h3>Do you have an idea for a themed cruise?<\/h3>\n<p>If you have a theme in mind that you believe people would enjoy and join, let us know!<\/p>\n<h2>Poukama\u2019s Vessels<\/h2>\n<h3>m\/s Amanda (max. 34 passengers)<\/h3>\n<p>m\/s Amanda is a comfortable and safe vessel that will take you effortlessly into the unique nature of the Porvoo archipelago. m\/s Amanda cruises to all island destinations.<\/p>\n<h3>Fiskari Laxen (max. 12 passengers)<\/h3>\n<p>This traditional wooden fishing boat, rich in maritime heritage, is sailing again in its home waters after many years. Laxen is ideal for cruises in the nearby area with smaller groups.<\/p>\n<h2>Find Cruises in the Event Calendar<\/h2>\n<p>All regular departures as well as various themed and special cruises can be found in our <a href=\"https:\/\/elamyspoukama.fi\/en\/events\/\">event calendar.<\/a><\/p>\n<p>Book your seat and experience the best of the Porvoo archipelago from the sea!<\/p>\n<\/div>\n<ul>\n<li>\n<p>        <img decoding=\"async\" src=\"\/wp-content\/uploads\/2025\/05\/2904_Amanda_2099_netti-e1746444017314.jpg\" alt=\"Saaristoristeilyt Porvoossa\"><\/p>\n<\/li>\n<li>\n<p>        <img decoding=\"async\" src=\"\/wp-content\/uploads\/2025\/05\/Amandan-takakannella-scaled-e1747395868620.jpg\" alt=\"Saaristoristeilyll\u00e4 \u00c4ggsk\u00e4riin\"><\/p>\n<\/li>\n<li>\n<p>        <img decoding=\"async\" src=\"\/wp-content\/uploads\/2025\/05\/Amandassa-sisalla-1-scaled.jpg\" alt=\"Saaritsoristeliyn tunnelmaa Porvoossa\"><\/p>\n<\/li>\n<\/ul>\n<div><span class=\"_fadeIn_m1hgl_8\">Charter <\/span><span class=\"_fadeIn_m1hgl_8\">m\/<\/span><span class=\"_fadeIn_m1hgl_8\">s a<\/span><span class=\"_fadeIn_m1hgl_8\">manda <\/span><span class=\"_fadeIn_m1hgl_8\">for y<\/span><span class=\"_fadeIn_m1hgl_8\">our p<\/span><span class=\"_fadeIn_m1hgl_8\">rivate u<\/span><span class=\"_fadeIn_m1hgl_8\">se !<\/span><\/div>\n<h2><strong data-start=\"159\" data-end=\"178\"><span class=\"_fadeIn_m1hgl_8\">PRIVATE <\/span><span class=\"_fadeIn_m1hgl_8\">CRUISES<\/span><\/strong><\/h2>\n<div>\n<p data-start=\"159\" data-end=\"268\"><span class=\"_fadeIn_m1hgl_8\">You <\/span><span class=\"_fadeIn_m1hgl_8\">can <\/span><span class=\"_fadeIn_m1hgl_8\">also <\/span><span class=\"_fadeIn_m1hgl_8\">book <\/span><span class=\"_fadeIn_m1hgl_8\">a <\/span><span class=\"_fadeIn_m1hgl_8\">private <\/span><span class=\"_fadeIn_m1hgl_8\">charter <\/span><span class=\"_fadeIn_m1hgl_8\">cruise <\/span><span class=\"_fadeIn_m1hgl_8\">and <\/span><span class=\"_fadeIn_m1hgl_8\">enjoy <\/span><span class=\"_fadeIn_m1hgl_8\">the <\/span><span class=\"_fadeIn_m1hgl_8\">archipelago <\/span><span class=\"_fadeIn_m1hgl_8\">in <\/span><span class=\"_fadeIn_m1hgl_8\">your <\/span><span class=\"_fadeIn_m1hgl_8\">own <\/span><span class=\"_fadeIn_m1hgl_8\">way.<\/span><\/p>\n<p data-start=\"270\" data-end=\"346\"><span class=\"_fadeIn_m1hgl_8\">For <\/span><span class=\"_fadeIn_m1hgl_8\">more <\/span><span class=\"_fadeIn_m1hgl_8\">information <\/span><span class=\"_fadeIn_m1hgl_8\">and <\/span><span class=\"_fadeIn_m1hgl_8\">bookings, <\/span><span class=\"_fadeIn_m1hgl_8\">please <\/span><span class=\"_fadeIn_m1hgl_8\">visit <\/span><span class=\"_fadeIn_m1hgl_8\">the <\/span><em data-start=\"322\" data-end=\"337\"><span class=\"_fadeIn_m1hgl_8\">Kokouspoukama<\/span><\/em><span class=\"_fadeIn_m1hgl_8\"> <\/span><span class=\"_fadeIn_m1hgl_8\">website.<\/span><\/p>\n<\/p>\n<\/div>\n<p><!--more--><br \/>\n<!-- {\"type\":\"layout\",\"children\":[{\"name\":\"Hero\",\"type\":\"section\",\"props\":{\"header_transparent\":true,\"header_transparent_text_color\":\"light\",\"height\":\"viewport\",\"height_viewport\":0,\"image\":\"wp-content\\\/uploads\\\/2025\\\/05\\\/Amandan-kannella-scaled.jpg\",\"image_height\":0,\"image_loading\":true,\"image_position\":\"center-center\",\"image_size\":\"cover\",\"image_width\":\"2560\",\"media_overlay\":\"rgba(45, 39, 39, 0.23)\",\"overlap\":true,\"padding\":\"xlarge\",\"style\":\"secondary\",\"title_breakpoint\":\"xl\",\"title_position\":\"top-left\",\"title_rotation\":\"left\",\"vertical_align\":\"\",\"width\":\"large\"},\"children\":[{\"type\":\"row\",\"children\":[{\"type\":\"column\",\"props\":{\"image_position\":\"center-center\",\"position_sticky_breakpoint\":\"m\",\"width_medium\":\"1-1\"},\"children\":[{\"type\":\"headline\",\"props\":{\"animation\":\"parallax\",\"content\":\"<span class=\\\"_fadeIn_m1hgl_8\\\">Archipelago <\\\/span><span class=\\\"_fadeIn_m1hgl_8\\\">Cruises <\\\/span><span class=\\\"_fadeIn_m1hgl_8\\\">in <\\\/span><span class=\\\"_fadeIn_m1hgl_8\\\">Porvoo\\u00a0<\\\/span>\",\"margin\":\"remove-vertical\",\"maxwidth\":\"xlarge\",\"parallax_breakpoint\":\"m\",\"parallax_easing\":\"0.8\",\"parallax_end\":\"5vh + 5%\",\"parallax_opacity\":\"1,0\",\"parallax_y\":\"0,40\",\"title_element\":\"h1\",\"title_style\":\"heading-large\"}}]}],\"props\":{\"height_offset_top\":true}}]},{\"name\":\"Events\",\"type\":\"section\",\"props\":{\"animation\":\"fade\",\"image_position\":\"center-center\",\"overlap\":false,\"padding\":\"xlarge\",\"padding_remove_bottom\":true,\"style\":\"default\",\"title_breakpoint\":\"xl\",\"title_position\":\"top-left\",\"title_rotation\":\"left\",\"vertical_align\":\"\",\"width\":\"large\"},\"children\":[{\"type\":\"row\",\"props\":{\"column_gap\":\"large\",\"id\":\"weddings\",\"row_gap\":\"large\"},\"children\":[{\"type\":\"column\",\"props\":{\"image_position\":\"center-center\",\"position_sticky_breakpoint\":\"m\"},\"children\":[{\"type\":\"headline\",\"props\":{\"content\":\"<span class=\\\"_fadeIn_m1hgl_8\\\">Experience <\\\/span><span class=\\\"_fadeIn_m1hgl_8\\\">the <\\\/span><span class=\\\"_fadeIn_m1hgl_8\\\">Stunning <\\\/span><span class=\\\"_fadeIn_m1hgl_8\\\">Archipelago <\\\/span><span class=\\\"_fadeIn_m1hgl_8\\\">Aboard <\\\/span><span class=\\\"_fadeIn_m1hgl_8\\\">m\\\/<\\\/span><span class=\\\"_fadeIn_m1hgl_8\\\">s <\\\/span><span class=\\\"_fadeIn_m1hgl_8\\\">Amanda<\\\/span>\",\"margin\":\"medium\",\"margin_remove_top\":true,\"title_element\":\"h2\",\"title_style\":\"heading-medium\"}},{\"type\":\"text\",\"props\":{\"column_breakpoint\":\"m\",\"content\":\"\n\n<p>Set off on an unforgettable archipelago cruise in the Porvoo archipelago!<\\\/p>\\n\n\n<p>The 34-passenger vessel m\\\/s Amanda offers memorable cruises during the summer season, perfect for tourists, locals, families with children, and groups of friends alike.<\\\/p>\\n\n\n<p>Our regular cruise destinations for summer 2026 will include the stunning <strong>\\u00c4ggsk\\u00e4r island group<\\\/strong> and the history-rich <strong>Pirttisaari<\\\/strong>. Other destinations include <strong>Norrholmen<\\\/strong>, <strong>Kaunissaari<\\\/strong> (Sipoo), and <strong>Glosholmen<\\\/strong>, to which we will organize individual departures throughout the summer.<\\\/p>\\n\n\n<h3>Do you have an idea for a themed cruise?<\\\/h3>\\n\n\n<p>If you have a theme in mind that you believe people would enjoy and join, let us know!<\\\/p>\\n\n\n<h2>Poukama\\u2019s Vessels<\\\/h2>\\n\n\n<h3>m\\\/s Amanda (max. 34 passengers)<\\\/h3>\\n\n\n<p><br \\\/>m\\\/s Amanda is a comfortable and safe vessel that will take you effortlessly into the unique nature of the Porvoo archipelago. m\\\/s Amanda cruises to all island destinations.<\\\/p>\\n\n\n<h3>Fiskari Laxen (max. 12 passengers)<\\\/h3>\\n\n\n<p><br \\\/>This traditional wooden fishing boat, rich in maritime heritage, is sailing again in its home waters after many years. Laxen is ideal for cruises in the nearby area with smaller groups.<\\\/p>\\n\n\n<h2>Find Cruises in the Event Calendar<\\\/h2>\\n\n\n<p>All regular departures as well as various themed and special cruises can be found in our <a href=\\\"https:\\\/\\\/elamyspoukama.fi\\\/en\\\/events\\\/\\\">event calendar.<\\\/a><\\\/p>\\n\n\n<p>Book your seat and experience the best of the Porvoo archipelago from the sea!<\\\/p>\",\"margin\":\"default\"}},{\"type\":\"slideshow\",\"props\":{\"image_loading\":true,\"image_width\":\"920\",\"link_style\":\"default\",\"link_text\":\"Read more\",\"margin\":\"default\",\"meta_align\":\"below-title\",\"meta_element\":\"div\",\"meta_style\":\"text-meta\",\"nav\":\"thumbnav\",\"nav_align\":\"left\",\"nav_below\":true,\"nav_breakpoint\":\"s\",\"nav_position\":\"bottom-center\",\"nav_position_margin\":\"medium\",\"nav_vertical\":false,\"overlay_animation\":\"parallax\",\"overlay_position\":\"center-left\",\"show_content\":true,\"show_link\":true,\"show_meta\":true,\"show_thumbnail\":true,\"show_title\":true,\"slidenav\":\"\",\"slidenav_breakpoint\":\"s\",\"slidenav_margin\":\"medium\",\"slidenav_outside_breakpoint\":\"xl\",\"slideshow_animation\":\"fade\",\"slideshow_autoplay_pause\":true,\"slideshow_min_height\":300,\"slideshow_ratio\":\"910:589\",\"thumbnav_height\":\"90\",\"thumbnav_svg_color\":\"emphasis\",\"thumbnav_width\":\"140\",\"title_element\":\"h3\",\"title_hover_style\":\"reset\"},\"children\":[{\"type\":\"slideshow_item\",\"props\":{\"image\":\"wp-content\\\/uploads\\\/2025\\\/05\\\/2904_Amanda_2099_netti-e1746444017314.jpg\",\"image_alt\":\"Saaristoristeilyt Porvoossa\",\"thumbnail\":\"\"}},{\"type\":\"slideshow_item\",\"props\":{\"image\":\"wp-content\\\/uploads\\\/2025\\\/05\\\/Amandan-takakannella-scaled-e1747395868620.jpg\",\"image_alt\":\"Saaristoristeilyll\\u00e4 \\u00c4ggsk\\u00e4riin\",\"thumbnail\":\"\"}},{\"type\":\"slideshow_item\",\"props\":{\"image\":\"wp-content\\\/uploads\\\/2025\\\/05\\\/Amandassa-sisalla-1-scaled.jpg\",\"image_alt\":\"Saaritsoristeliyn tunnelmaa Porvoossa\",\"thumbnail\":\"\"}}]}]}]},{\"type\":\"row\",\"props\":{\"column_gap\":\"large\",\"id\":\"conferences\",\"margin\":\"xlarge\",\"row_gap\":\"large\"},\"children\":[{\"type\":\"column\",\"props\":{\"image_position\":\"center-center\",\"position_sticky_breakpoint\":\"m\"},\"children\":[{\"type\":\"headline\",\"props\":{\"content\":\"<span class=\\\"_fadeIn_m1hgl_8\\\">Charter <\\\/span><span class=\\\"_fadeIn_m1hgl_8\\\">m\\\/<\\\/span><span class=\\\"_fadeIn_m1hgl_8\\\">s a<\\\/span><span class=\\\"_fadeIn_m1hgl_8\\\">manda <\\\/span><span class=\\\"_fadeIn_m1hgl_8\\\">for y<\\\/span><span class=\\\"_fadeIn_m1hgl_8\\\">our p<\\\/span><span class=\\\"_fadeIn_m1hgl_8\\\">rivate u<\\\/span><span class=\\\"_fadeIn_m1hgl_8\\\">se !<\\\/span>\",\"margin\":\"remove-vertical\",\"title_color\":\"primary\",\"title_element\":\"div\",\"title_style\":\"h3\"}},{\"type\":\"headline\",\"props\":{\"content\":\"<strong data-start=\\\"159\\\" data-end=\\\"178\\\"><span class=\\\"_fadeIn_m1hgl_8\\\">PRIVATE <\\\/span><span class=\\\"_fadeIn_m1hgl_8\\\">CRUISES<\\\/span><\\\/strong>\",\"margin\":\"medium\",\"margin_remove_top\":true,\"title_element\":\"h2\",\"title_style\":\"heading-medium\"}},{\"type\":\"text\",\"props\":{\"column_breakpoint\":\"m\",\"content\":\"\n\n<p data-start=\\\"159\\\" data-end=\\\"268\\\"><span class=\\\"_fadeIn_m1hgl_8\\\">You <\\\/span><span class=\\\"_fadeIn_m1hgl_8\\\">can <\\\/span><span class=\\\"_fadeIn_m1hgl_8\\\">also <\\\/span><span class=\\\"_fadeIn_m1hgl_8\\\">book <\\\/span><span class=\\\"_fadeIn_m1hgl_8\\\">a <\\\/span><span class=\\\"_fadeIn_m1hgl_8\\\">private <\\\/span><span class=\\\"_fadeIn_m1hgl_8\\\">charter <\\\/span><span class=\\\"_fadeIn_m1hgl_8\\\">cruise <\\\/span><span class=\\\"_fadeIn_m1hgl_8\\\">and <\\\/span><span class=\\\"_fadeIn_m1hgl_8\\\">enjoy <\\\/span><span class=\\\"_fadeIn_m1hgl_8\\\">the <\\\/span><span class=\\\"_fadeIn_m1hgl_8\\\">archipelago <\\\/span><span class=\\\"_fadeIn_m1hgl_8\\\">in <\\\/span><span class=\\\"_fadeIn_m1hgl_8\\\">your <\\\/span><span class=\\\"_fadeIn_m1hgl_8\\\">own <\\\/span><span class=\\\"_fadeIn_m1hgl_8\\\">way.<\\\/span><\\\/p>\\n\n\n<p data-start=\\\"270\\\" data-end=\\\"346\\\"><span class=\\\"_fadeIn_m1hgl_8\\\">For <\\\/span><span class=\\\"_fadeIn_m1hgl_8\\\">more <\\\/span><span class=\\\"_fadeIn_m1hgl_8\\\">information <\\\/span><span class=\\\"_fadeIn_m1hgl_8\\\">and <\\\/span><span class=\\\"_fadeIn_m1hgl_8\\\">bookings, <\\\/span><span class=\\\"_fadeIn_m1hgl_8\\\">please <\\\/span><span class=\\\"_fadeIn_m1hgl_8\\\">visit <\\\/span><span class=\\\"_fadeIn_m1hgl_8\\\">the <\\\/span><em data-start=\\\"322\\\" data-end=\\\"337\\\"><span class=\\\"_fadeIn_m1hgl_8\\\">Kokouspoukama<\\\/span><\\\/em><span class=\\\"_fadeIn_m1hgl_8\\\"> <\\\/span><span class=\\\"_fadeIn_m1hgl_8\\\">website.<\\\/span><\\\/p>\\n\n\n<p><\\\/p>\",\"margin\":\"default\"}}]}]}]},{\"type\":\"section\",\"props\":{\"image_position\":\"center-center\",\"style\":\"default\",\"title_breakpoint\":\"xl\",\"title_position\":\"top-left\",\"title_rotation\":\"left\",\"vertical_align\":\"middle\",\"width\":\"default\"},\"children\":[{\"type\":\"row\",\"children\":[{\"type\":\"column\",\"props\":{\"image_position\":\"center-center\",\"position_sticky_breakpoint\":\"m\"}}]}]}],\"version\":\"4.5.32\"} --><\/p>\n","protected":false},"excerpt":{"rendered":"<p>Archipelago Cruises in Porvoo\u00a0 Experience the Stunning Archipelago Aboard m\/s Amanda Set off on an unforgettable archipelago cruise in the Porvoo archipelago! The 34-passenger vessel m\/s Amanda offers memorable cruises [&hellip;]<\/p>\n","protected":false},"author":6,"featured_media":43955,"parent":0,"menu_order":0,"comment_status":"closed","ping_status":"closed","template":"","meta":{"_price":"","_stock":"","_tribe_ticket_header":"","_tribe_default_ticket_provider":"TEC\\Tickets\\Commerce\\Module","_tribe_ticket_capacity":"0","_ticket_start_date":"","_ticket_end_date":"","_tribe_ticket_show_description":"","_tribe_ticket_show_not_going":false,"_tribe_ticket_use_global_stock":"","_tribe_ticket_global_stock_level":"","_global_stock_mode":"","_global_stock_cap":"","_tribe_rsvp_for_event":"","_tribe_ticket_going_count":"","_tribe_ticket_not_going_count":"","_tribe_tickets_list":"[]","_tribe_ticket_has_attendee_info_fields":false,"footnotes":"","_tec_slr_enabled":"","_tec_slr_layout":""},"class_list":["post-43982","page","type-page","status-publish","has-post-thumbnail","hentry"],"yoast_head":"<!-- This site is optimized with the Yoast SEO Premium plugin v27.3 (Yoast SEO v27.3) - https:\/\/yoast.com\/product\/yoast-seo-premium-wordpress\/ -->\n<title>Archipelago cruises in Porvoo - El\u00e4myspoukama<\/title>\n<meta name=\"description\" content=\"Archipelago Cruises in Porvoo. Discover the stunning archipelago aboard m\/s Amanda! Cruises to M\u00e4ntysaari, \u00c4ggsk\u00e4r, and Glosholmen \u2013 a perfect summer experience for families, friends, and travelers.\" \/>\n<meta name=\"robots\" content=\"index, follow, max-snippet:-1, max-image-preview:large, max-video-preview:-1\" \/>\n<link rel=\"canonical\" href=\"https:\/\/elamyspoukama.fi\/en\/archipelago-cruises-in-porvoo\/\" \/>\n<meta property=\"og:locale\" content=\"en_US\" \/>\n<meta property=\"og:type\" content=\"article\" \/>\n<meta property=\"og:title\" content=\"Archipelago cruises in Porvoo\" \/>\n<meta property=\"og:description\" content=\"Archipelago Cruises in Porvoo. Discover the stunning archipelago aboard m\/s Amanda! Cruises to M\u00e4ntysaari, \u00c4ggsk\u00e4r, and Glosholmen \u2013 a perfect summer experience for families, friends, and travelers.\" \/>\n<meta property=\"og:url\" content=\"https:\/\/elamyspoukama.fi\/en\/archipelago-cruises-in-porvoo\/\" \/>\n<meta property=\"og:site_name\" content=\"El\u00e4myspoukama\" \/>\n<meta property=\"article:publisher\" content=\"https:\/\/www.facebook.com\/Kokouspoukama\/\" \/>\n<meta property=\"article:modified_time\" content=\"2026-03-12T10:27:12+00:00\" \/>\n<meta property=\"og:image\" content=\"https:\/\/elamyspoukama.fi\/wp-content\/uploads\/2025\/05\/Amandan-kannella-scaled.jpg\" \/>\n\t<meta property=\"og:image:width\" content=\"2560\" \/>\n\t<meta property=\"og:image:height\" content=\"1708\" \/>\n\t<meta property=\"og:image:type\" content=\"image\/jpeg\" \/>\n<meta name=\"twitter:card\" content=\"summary_large_image\" \/>\n<meta name=\"twitter:label1\" content=\"Est. reading time\" \/>\n\t<meta name=\"twitter:data1\" content=\"3 minutes\" \/>\n<script type=\"application\/ld+json\" class=\"yoast-schema-graph\">{\"@context\":\"https:\\\/\\\/schema.org\",\"@graph\":[{\"@type\":\"WebPage\",\"@id\":\"https:\\\/\\\/elamyspoukama.fi\\\/en\\\/archipelago-cruises-in-porvoo\\\/\",\"url\":\"https:\\\/\\\/elamyspoukama.fi\\\/en\\\/archipelago-cruises-in-porvoo\\\/\",\"name\":\"Archipelago cruises in Porvoo - El\u00e4myspoukama\",\"isPartOf\":{\"@id\":\"https:\\\/\\\/elamyspoukama.fi\\\/#website\"},\"primaryImageOfPage\":{\"@id\":\"https:\\\/\\\/elamyspoukama.fi\\\/en\\\/archipelago-cruises-in-porvoo\\\/#primaryimage\"},\"image\":{\"@id\":\"https:\\\/\\\/elamyspoukama.fi\\\/en\\\/archipelago-cruises-in-porvoo\\\/#primaryimage\"},\"thumbnailUrl\":\"https:\\\/\\\/elamyspoukama.fi\\\/wp-content\\\/uploads\\\/2025\\\/05\\\/Amandan-kannella-scaled.jpg\",\"datePublished\":\"2025-05-19T10:23:40+00:00\",\"dateModified\":\"2026-03-12T10:27:12+00:00\",\"description\":\"Archipelago Cruises in Porvoo. Discover the stunning archipelago aboard m\\\/s Amanda! Cruises to M\u00e4ntysaari, \u00c4ggsk\u00e4r, and Glosholmen \u2013 a perfect summer experience for families, friends, and travelers.\",\"breadcrumb\":{\"@id\":\"https:\\\/\\\/elamyspoukama.fi\\\/en\\\/archipelago-cruises-in-porvoo\\\/#breadcrumb\"},\"inLanguage\":\"en-US\",\"potentialAction\":[{\"@type\":\"ReadAction\",\"target\":[\"https:\\\/\\\/elamyspoukama.fi\\\/en\\\/archipelago-cruises-in-porvoo\\\/\"]}]},{\"@type\":\"ImageObject\",\"inLanguage\":\"en-US\",\"@id\":\"https:\\\/\\\/elamyspoukama.fi\\\/en\\\/archipelago-cruises-in-porvoo\\\/#primaryimage\",\"url\":\"https:\\\/\\\/elamyspoukama.fi\\\/wp-content\\\/uploads\\\/2025\\\/05\\\/Amandan-kannella-scaled.jpg\",\"contentUrl\":\"https:\\\/\\\/elamyspoukama.fi\\\/wp-content\\\/uploads\\\/2025\\\/05\\\/Amandan-kannella-scaled.jpg\",\"width\":2560,\"height\":1708},{\"@type\":\"BreadcrumbList\",\"@id\":\"https:\\\/\\\/elamyspoukama.fi\\\/en\\\/archipelago-cruises-in-porvoo\\\/#breadcrumb\",\"itemListElement\":[{\"@type\":\"ListItem\",\"position\":1,\"name\":\"Home\",\"item\":\"https:\\\/\\\/elamyspoukama.fi\\\/en\\\/\"},{\"@type\":\"ListItem\",\"position\":2,\"name\":\"Archipelago cruises in Porvoo\"}]},{\"@type\":\"WebSite\",\"@id\":\"https:\\\/\\\/elamyspoukama.fi\\\/#website\",\"url\":\"https:\\\/\\\/elamyspoukama.fi\\\/\",\"name\":\"El\u00e4myspoukama\",\"description\":\"Tekemist\u00e4 porvoossa\",\"publisher\":{\"@id\":\"https:\\\/\\\/elamyspoukama.fi\\\/#organization\"},\"potentialAction\":[{\"@type\":\"SearchAction\",\"target\":{\"@type\":\"EntryPoint\",\"urlTemplate\":\"https:\\\/\\\/elamyspoukama.fi\\\/?s={search_term_string}\"},\"query-input\":{\"@type\":\"PropertyValueSpecification\",\"valueRequired\":true,\"valueName\":\"search_term_string\"}}],\"inLanguage\":\"en-US\"},{\"@type\":\"Organization\",\"@id\":\"https:\\\/\\\/elamyspoukama.fi\\\/#organization\",\"name\":\"Kokouspoukama\",\"url\":\"https:\\\/\\\/elamyspoukama.fi\\\/\",\"logo\":{\"@type\":\"ImageObject\",\"inLanguage\":\"en-US\",\"@id\":\"https:\\\/\\\/elamyspoukama.fi\\\/#\\\/schema\\\/logo\\\/image\\\/\",\"url\":\"https:\\\/\\\/elamyspoukama.fi\\\/wp-content\\\/uploads\\\/2018\\\/06\\\/Poukama_logo_secondary_black-e1530794758505.png\",\"contentUrl\":\"https:\\\/\\\/elamyspoukama.fi\\\/wp-content\\\/uploads\\\/2018\\\/06\\\/Poukama_logo_secondary_black-e1530794758505.png\",\"width\":200,\"height\":200,\"caption\":\"Kokouspoukama\"},\"image\":{\"@id\":\"https:\\\/\\\/elamyspoukama.fi\\\/#\\\/schema\\\/logo\\\/image\\\/\"},\"sameAs\":[\"https:\\\/\\\/www.facebook.com\\\/Kokouspoukama\\\/\",\"https:\\\/\\\/www.instagram.com\\\/kokouspoukama\\\/\"]}]}<\/script>\n<!-- \/ Yoast SEO Premium plugin. -->","yoast_head_json":{"title":"Archipelago cruises in Porvoo - El\u00e4myspoukama","description":"Archipelago Cruises in Porvoo. Discover the stunning archipelago aboard m\/s Amanda! Cruises to M\u00e4ntysaari, \u00c4ggsk\u00e4r, and Glosholmen \u2013 a perfect summer experience for families, friends, and travelers.","robots":{"index":"index","follow":"follow","max-snippet":"max-snippet:-1","max-image-preview":"max-image-preview:large","max-video-preview":"max-video-preview:-1"},"canonical":"https:\/\/elamyspoukama.fi\/en\/archipelago-cruises-in-porvoo\/","og_locale":"en_US","og_type":"article","og_title":"Archipelago cruises in Porvoo","og_description":"Archipelago Cruises in Porvoo. Discover the stunning archipelago aboard m\/s Amanda! Cruises to M\u00e4ntysaari, \u00c4ggsk\u00e4r, and Glosholmen \u2013 a perfect summer experience for families, friends, and travelers.","og_url":"https:\/\/elamyspoukama.fi\/en\/archipelago-cruises-in-porvoo\/","og_site_name":"El\u00e4myspoukama","article_publisher":"https:\/\/www.facebook.com\/Kokouspoukama\/","article_modified_time":"2026-03-12T10:27:12+00:00","og_image":[{"width":2560,"height":1708,"url":"https:\/\/elamyspoukama.fi\/wp-content\/uploads\/2025\/05\/Amandan-kannella-scaled.jpg","type":"image\/jpeg"}],"twitter_card":"summary_large_image","twitter_misc":{"Est. reading time":"3 minutes"},"schema":{"@context":"https:\/\/schema.org","@graph":[{"@type":"WebPage","@id":"https:\/\/elamyspoukama.fi\/en\/archipelago-cruises-in-porvoo\/","url":"https:\/\/elamyspoukama.fi\/en\/archipelago-cruises-in-porvoo\/","name":"Archipelago cruises in Porvoo - El\u00e4myspoukama","isPartOf":{"@id":"https:\/\/elamyspoukama.fi\/#website"},"primaryImageOfPage":{"@id":"https:\/\/elamyspoukama.fi\/en\/archipelago-cruises-in-porvoo\/#primaryimage"},"image":{"@id":"https:\/\/elamyspoukama.fi\/en\/archipelago-cruises-in-porvoo\/#primaryimage"},"thumbnailUrl":"https:\/\/elamyspoukama.fi\/wp-content\/uploads\/2025\/05\/Amandan-kannella-scaled.jpg","datePublished":"2025-05-19T10:23:40+00:00","dateModified":"2026-03-12T10:27:12+00:00","description":"Archipelago Cruises in Porvoo. Discover the stunning archipelago aboard m\/s Amanda! Cruises to M\u00e4ntysaari, \u00c4ggsk\u00e4r, and Glosholmen \u2013 a perfect summer experience for families, friends, and travelers.","breadcrumb":{"@id":"https:\/\/elamyspoukama.fi\/en\/archipelago-cruises-in-porvoo\/#breadcrumb"},"inLanguage":"en-US","potentialAction":[{"@type":"ReadAction","target":["https:\/\/elamyspoukama.fi\/en\/archipelago-cruises-in-porvoo\/"]}]},{"@type":"ImageObject","inLanguage":"en-US","@id":"https:\/\/elamyspoukama.fi\/en\/archipelago-cruises-in-porvoo\/#primaryimage","url":"https:\/\/elamyspoukama.fi\/wp-content\/uploads\/2025\/05\/Amandan-kannella-scaled.jpg","contentUrl":"https:\/\/elamyspoukama.fi\/wp-content\/uploads\/2025\/05\/Amandan-kannella-scaled.jpg","width":2560,"height":1708},{"@type":"BreadcrumbList","@id":"https:\/\/elamyspoukama.fi\/en\/archipelago-cruises-in-porvoo\/#breadcrumb","itemListElement":[{"@type":"ListItem","position":1,"name":"Home","item":"https:\/\/elamyspoukama.fi\/en\/"},{"@type":"ListItem","position":2,"name":"Archipelago cruises in Porvoo"}]},{"@type":"WebSite","@id":"https:\/\/elamyspoukama.fi\/#website","url":"https:\/\/elamyspoukama.fi\/","name":"El\u00e4myspoukama","description":"Tekemist\u00e4 porvoossa","publisher":{"@id":"https:\/\/elamyspoukama.fi\/#organization"},"potentialAction":[{"@type":"SearchAction","target":{"@type":"EntryPoint","urlTemplate":"https:\/\/elamyspoukama.fi\/?s={search_term_string}"},"query-input":{"@type":"PropertyValueSpecification","valueRequired":true,"valueName":"search_term_string"}}],"inLanguage":"en-US"},{"@type":"Organization","@id":"https:\/\/elamyspoukama.fi\/#organization","name":"Kokouspoukama","url":"https:\/\/elamyspoukama.fi\/","logo":{"@type":"ImageObject","inLanguage":"en-US","@id":"https:\/\/elamyspoukama.fi\/#\/schema\/logo\/image\/","url":"https:\/\/elamyspoukama.fi\/wp-content\/uploads\/2018\/06\/Poukama_logo_secondary_black-e1530794758505.png","contentUrl":"https:\/\/elamyspoukama.fi\/wp-content\/uploads\/2018\/06\/Poukama_logo_secondary_black-e1530794758505.png","width":200,"height":200,"caption":"Kokouspoukama"},"image":{"@id":"https:\/\/elamyspoukama.fi\/#\/schema\/logo\/image\/"},"sameAs":["https:\/\/www.facebook.com\/Kokouspoukama\/","https:\/\/www.instagram.com\/kokouspoukama\/"]}]}},"ticketed":false,"_links":{"self":[{"href":"https:\/\/elamyspoukama.fi\/en\/wp-json\/wp\/v2\/pages\/43982","targetHints":{"allow":["GET"]}}],"collection":[{"href":"https:\/\/elamyspoukama.fi\/en\/wp-json\/wp\/v2\/pages"}],"about":[{"href":"https:\/\/elamyspoukama.fi\/en\/wp-json\/wp\/v2\/types\/page"}],"author":[{"embeddable":true,"href":"https:\/\/elamyspoukama.fi\/en\/wp-json\/wp\/v2\/users\/6"}],"replies":[{"embeddable":true,"href":"https:\/\/elamyspoukama.fi\/en\/wp-json\/wp\/v2\/comments?post=43982"}],"version-history":[{"count":0,"href":"https:\/\/elamyspoukama.fi\/en\/wp-json\/wp\/v2\/pages\/43982\/revisions"}],"wp:featuredmedia":[{"embeddable":true,"href":"https:\/\/elamyspoukama.fi\/en\/wp-json\/wp\/v2\/media\/43955"}],"wp:attachment":[{"href":"https:\/\/elamyspoukama.fi\/en\/wp-json\/wp\/v2\/media?parent=43982"}],"curies":[{"name":"wp","href":"https:\/\/api.w.org\/{rel}","templated":true}]}}