{"id":749,"date":"2018-06-28T10:08:24","date_gmt":"2018-06-28T10:08:24","guid":{"rendered":"http:\/\/kokouspoukama.fi\/?page_id=749"},"modified":"2025-12-16T09:21:58","modified_gmt":"2025-12-16T07:21:58","slug":"hotelli-poukama","status":"publish","type":"page","link":"https:\/\/elamyspoukama.fi\/en\/hotelli-poukama\/","title":{"rendered":"El\u00e4myshotelli"},"content":{"rendered":"<p><img decoding=\"async\" src=\"\/wp-content\/uploads\/2021\/04\/Elamyshuone.jpg\" alt=\"El\u00e4myshuone\"><\/p>\n<div>El\u00e4myksellist\u00e4 majoitusta Porvoossa<\/div>\n<h1>\n<h1>El\u00e4myshotelli Poukama\u00a0\u00a0<\/h1>\n<\/h1>\n<div>\n<div data-id=\"page#19\">\n<p>Hotelli Poukama on ainutlaatuinen hotelli Porvoossa. Tarjoamme sikeit\u00e4 unia keskell\u00e4 saaristoluonnon rauhaa \u2013 vain noin 15 minuutin p\u00e4\u00e4ss\u00e4 Porvoon keskustasta ja alle tunnin ajomatkan p\u00e4\u00e4ss\u00e4 Helsingist\u00e4.<\/p>\n<p>Hotelli Poukama sijaitsee korkean kallion p\u00e4\u00e4ll\u00e4 ja tarjoaa y\u00f6pyjille <strong>upeat, jylh\u00e4t maisemat<\/strong> Byvikenin lahdelle.<\/p>\n<h2>Historiaa<\/h2>\n<p>Porvoo saaristoineen on jo satojen vuosien ajan ollut merkitt\u00e4v\u00e4 virkist\u00e4ytymiskohde Suomen vaikutusvaltaisimmille henkil\u00f6ille ja inspiraatiota hakeville taiteilijoille. Poukaman paikalla sijaitsi ennen Em\u00e4salon kartano, jossa vierailivat mm. <strong>presidentti Svinhufvud<\/strong> ja <strong>marsalkka Mannerheim<\/strong>. Tarinat kertovat, ett\u00e4 juuri t\u00e4\u00e4ll\u00e4 nukuttujen \u00f6ittens\u00e4 ansiosta he tekiv\u00e4t kaikkein viisaimmat p\u00e4\u00e4t\u00f6ksens\u00e4 \u2013 niin me ainakin itse tykk\u00e4\u00e4mme kertoa.<\/p>\n<div data-id=\"page#19\">\n<h2>Erilaisia majoitusvaihtoehtoja<\/h2>\n<p>Hotelli Poukaman viihtyis\u00e4t <a href=\"https:\/\/elamyspoukama.fi\/hotelli-poukama\/huoneet\/\" target=\"_blank\" rel=\"noopener\">el\u00e4myshuoneet<\/a> sopivat niin viikonlopun viettoon, kuin pidemp\u00e4\u00e4nkin lomailuun. \u00a0Jokaisessa huoneessa on <strong>oma kylpyhuone.<\/strong>\u00a0 Varattavissa lis\u00e4ksi laavu grillaukseen ja sauna omaan k\u00e4ytt\u00f6\u00f6n.<\/p>\n<h4>Vai nukkuisitko lasi-iglussa ?<\/h4>\n<p>Meilt\u00e4 voit varata y\u00f6pymisen my\u00f6s Aurorahut iglussa. <a href=\"https:\/\/elamyspoukama.fi\/aurora-igloo-porvoo\/\">Tutustu lis\u00e4\u00e4 !<\/a><\/p>\n<p>Alueen majoituskapasiteetti mahdollistaa reilut <strong>70 vierasta<\/strong>. J\u00e4rjest\u00e4mme tarvittaessa my\u00f6s lis\u00e4vuoteita ja majoitusta paikallisten yhteisty\u00f6kumppaniemme avulla.<\/p>\n<\/div>\n<\/div>\n<\/div>\n<div>\n<h3>Tee matkasti ainutlaatuinen lis\u00e4palveluilla<\/h3>\n<div>\n<p>KES\u00c4LL\u00c4<\/p>\n<ul>\n<li>Saaristoristeilyt<\/li>\n<li>Pihapelit &amp; onkiminen<\/li>\n<li>Vuokraamopalvelut\n<ul>\n<li>Kajakit &amp; kanootit<\/li>\n<li>Sup laudat<\/li>\n<li>Soutuveneet<\/li>\n<li>Gel blaster v\u00e4lineet<\/li>\n<li>Poukaman pihagolf<\/li>\n<\/ul>\n<\/li>\n<li>Aamiainen huoneeseen lis\u00e4tilauksesta<\/li>\n<li>Kuohuviini yms. tervehdykset huoneeseen<\/li>\n<li>Tilausravintola palvelut\n<ul>\n<li>Iltapalat , illalliset, laavuruokailut yms.<\/li>\n<\/ul>\n<\/li>\n<\/ul>\n<p>TALVELLA<\/p>\n<ul>\n<li>Talviuinti mahdollisuus\u00a0\n<ul>\n<li>My\u00f6s saunallisia vuoroja<\/li>\n<\/ul>\n<\/li>\n<li>Vuokraamopalvelut\n<ul>\n<li>Lumikeng\u00e4t<\/li>\n<li>pilkkiv\u00e4lineet<\/li>\n<\/ul>\n<\/li>\n<\/ul>\n<p>Autamme luomaan kokemuksestasi juuri sellaisen kuin toivot.<\/p>\n<p>Yhteystiedot<\/p>\n<p>0407340317<br \/>tapahtumat@elamyspoukama.fi<\/p>\n<\/div>\n<\/div>\n<p><p>\n        <a href=\"TEL: 0407340317\">Tiedustelut &#038; varaukset puhelimitse 040 7340317<\/a>\n    <\/p>\n<\/p>\n<p><!--more--><br \/>\n<!-- {\"type\":\"layout\",\"children\":[{\"name\":\"sivun alku 2\",\"type\":\"section\",\"props\":{\"animation_delay\":false,\"height_offset_top\":true,\"height_viewport\":80,\"image_position\":\"center-center\",\"image_size\":\"cover\",\"overlap\":false,\"padding\":\"none\",\"padding_remove_bottom\":false,\"padding_remove_top\":true,\"style\":\"default\",\"title_breakpoint\":\"xl\",\"title_position\":\"top-left\",\"title_rotation\":\"left\",\"vertical_align\":\"middle\",\"width\":\"expand\"},\"children\":[{\"type\":\"row\",\"children\":[{\"type\":\"column\",\"props\":{\"image_position\":\"center-center\",\"position_sticky_breakpoint\":\"m\"},\"children\":[{\"type\":\"image\",\"props\":{\"image\":\"wp-content\\\/uploads\\\/2021\\\/04\\\/Elamyshuone.jpg\",\"image_alt\":\"El\\u00e4myshuone\",\"image_height\":900,\"image_svg_color\":\"emphasis\",\"image_width\":2250,\"margin\":\"default\"}}]}]}]},{\"type\":\"section\",\"props\":{\"image_position\":\"center-center\",\"style\":\"default\",\"title_breakpoint\":\"xl\",\"title_position\":\"top-left\",\"title_rotation\":\"left\",\"vertical_align\":\"\",\"width\":\"xlarge\"},\"children\":[{\"type\":\"row\",\"props\":{\"layout\":\"2-3,1-3\",\"width\":\"xlarge\"},\"children\":[{\"type\":\"column\",\"props\":{\"image_position\":\"center-center\",\"order_first\":\"xs\",\"position_sticky_breakpoint\":\"m\",\"width_medium\":\"2-3\"},\"children\":[{\"type\":\"breadcrumbs\",\"props\":{\"show_current\":true,\"show_home\":true}},{\"type\":\"headline\",\"props\":{\"content\":\"El\\u00e4myksellist\\u00e4 majoitusta Porvoossa\",\"margin\":\"default\",\"margin_remove_bottom\":false,\"title_element\":\"div\",\"title_style\":\"h2\"}},{\"type\":\"headline\",\"props\":{\"content\":\"\n\n<h1>El\\u00e4myshotelli Poukama\\u00a0\\u00a0<\\\/h1>\",\"margin\":\"medium\",\"margin_remove_bottom\":true,\"margin_remove_top\":false,\"title_element\":\"h1\"}},{\"type\":\"text\",\"props\":{\"column_breakpoint\":\"l\",\"column_divider\":false,\"content\":\"\n\n<div data-id=\\\"page#19\\\">\\n\n\n<p>Hotelli Poukama on ainutlaatuinen hotelli Porvoossa. Tarjoamme sikeit\\u00e4 unia keskell\\u00e4 saaristoluonnon rauhaa \\u2013 vain noin 15 minuutin p\\u00e4\\u00e4ss\\u00e4 Porvoon keskustasta ja alle tunnin ajomatkan p\\u00e4\\u00e4ss\\u00e4 Helsingist\\u00e4.<\\\/p>\\n\n\n<p>Hotelli Poukama sijaitsee korkean kallion p\\u00e4\\u00e4ll\\u00e4 ja tarjoaa y\\u00f6pyjille <strong>upeat, jylh\\u00e4t maisemat<\\\/strong> Byvikenin lahdelle.<\\\/p>\\n\n\n<h2>Historiaa<\\\/h2>\\n\n\n<p>Porvoo saaristoineen on jo satojen vuosien ajan ollut merkitt\\u00e4v\\u00e4 virkist\\u00e4ytymiskohde Suomen vaikutusvaltaisimmille henkil\\u00f6ille ja inspiraatiota hakeville taiteilijoille. Poukaman paikalla sijaitsi ennen Em\\u00e4salon kartano, jossa vierailivat mm. <strong>presidentti Svinhufvud<\\\/strong> ja <strong>marsalkka Mannerheim<\\\/strong>. Tarinat kertovat, ett\\u00e4 juuri t\\u00e4\\u00e4ll\\u00e4 nukuttujen \\u00f6ittens\\u00e4 ansiosta he tekiv\\u00e4t kaikkein viisaimmat p\\u00e4\\u00e4t\\u00f6ksens\\u00e4 \\u2013 niin me ainakin itse tykk\\u00e4\\u00e4mme kertoa.<\\\/p>\\n\n\n<div data-id=\\\"page#19\\\">\\n\n\n<h2>Erilaisia majoitusvaihtoehtoja<\\\/h2>\\n\n\n<p>Hotelli Poukaman viihtyis\\u00e4t <a href=\\\"https:\\\/\\\/elamyspoukama.fi\\\/hotelli-poukama\\\/huoneet\\\/\\\" target=\\\"_blank\\\" rel=\\\"noopener\\\">el\\u00e4myshuoneet<\\\/a> sopivat niin viikonlopun viettoon, kuin pidemp\\u00e4\\u00e4nkin lomailuun. \\u00a0Jokaisessa huoneessa on <strong>oma kylpyhuone.<\\\/strong>\\u00a0 Varattavissa lis\\u00e4ksi laavu grillaukseen ja sauna omaan k\\u00e4ytt\\u00f6\\u00f6n.<\\\/p>\\n\n\n<h4>Vai nukkuisitko lasi-iglussa ?<\\\/h4>\\n\n\n<p>Meilt\\u00e4 voit varata y\\u00f6pymisen my\\u00f6s Aurorahut iglussa. <a href=\\\"https:\\\/\\\/elamyspoukama.fi\\\/aurora-igloo-porvoo\\\/\\\">Tutustu lis\\u00e4\\u00e4 !<\\\/a><\\\/p>\\n\n\n<p>Alueen majoituskapasiteetti mahdollistaa reilut <strong>70 vierasta<\\\/strong>. J\\u00e4rjest\\u00e4mme tarvittaessa my\\u00f6s lis\\u00e4vuoteita ja majoitusta paikallisten yhteisty\\u00f6kumppaniemme avulla.<\\\/p>\\n<\\\/div>\\n<\\\/div>\",\"margin\":\"default\",\"maxwidth\":\"2xlarge\",\"text_align_fallback\":\"left\"}},{\"type\":\"text\",\"props\":{\"column_breakpoint\":\"m\",\"margin\":\"default\"},\"source\":{\"query\":{\"name\":\"pages.customPage\",\"arguments\":{\"users\":[],\"users_operator\":\"IN\",\"offset\":0,\"order\":\"date\",\"order_direction\":\"DESC\",\"id\":36913}},\"props\":{\"content\":{\"filters\":{\"search\":\"\"},\"arguments\":{\"show_intro_text\":true},\"name\":\"content\"}}},\"name\":\"Hotelli varausmoottori\"}]},{\"type\":\"column\",\"props\":{\"image_position\":\"center-center\",\"position_sticky_breakpoint\":\"m\",\"width_medium\":\"1-3\"},\"children\":[{\"type\":\"panel\",\"props\":{\"animation\":\"parallax\",\"content\":\"\n\n<p>KES\\u00c4LL\\u00c4<\\\/p>\\n\n\n<ul>\\n\n\n<li>Saaristoristeilyt<\\\/li>\\n\n\n<li>Pihapelit &amp; onkiminen<\\\/li>\\n\n\n<li>Vuokraamopalvelut<br \\\/>\\n\n\n<ul>\\n\n\n<li>Kajakit &amp; kanootit<\\\/li>\\n\n\n<li>Sup laudat<\\\/li>\\n\n\n<li>Soutuveneet<\\\/li>\\n\n\n<li>Gel blaster v\\u00e4lineet<\\\/li>\\n\n\n<li>Poukaman pihagolf<\\\/li>\\n<\\\/ul>\\n<\\\/li>\\n\n\n<li>Aamiainen huoneeseen lis\\u00e4tilauksesta<\\\/li>\\n\n\n<li>Kuohuviini yms. tervehdykset huoneeseen<\\\/li>\\n\n\n<li>Tilausravintola palvelut\\n\n\n<ul>\\n\n\n<li>Iltapalat , illalliset, laavuruokailut yms.<\\\/li>\\n<\\\/ul>\\n<\\\/li>\\n<\\\/ul>\\n\n\n<p>TALVELLA<\\\/p>\\n\n\n<ul>\\n\n\n<li>Talviuinti mahdollisuus\\u00a0\\n\n\n<ul>\\n\n\n<li>My\\u00f6s saunallisia vuoroja<\\\/li>\\n<\\\/ul>\\n<\\\/li>\\n\n\n<li>Vuokraamopalvelut<br \\\/>\\n\n\n<ul>\\n\n\n<li>Lumikeng\\u00e4t<\\\/li>\\n\n\n<li>pilkkiv\\u00e4lineet<\\\/li>\\n<\\\/ul>\\n<\\\/li>\\n<\\\/ul>\\n\n\n<p>Autamme luomaan kokemuksestasi juuri sellaisen kuin toivot.<\\\/p>\\n\n\n<p>Yhteystiedot<\\\/p>\\n\n\n<p>0407340317<br \\\/>tapahtumat@elamyspoukama.fi<\\\/p>\",\"content_column_breakpoint\":\"m\",\"icon_width\":80,\"image_align\":\"top\",\"image_grid_breakpoint\":\"m\",\"image_grid_width\":\"1-2\",\"image_svg_color\":\"emphasis\",\"link_style\":\"default\",\"link_text\":\"Read more\",\"margin\":\"remove-vertical\",\"meta_align\":\"below-title\",\"meta_element\":\"div\",\"meta_style\":\"text-meta\",\"panel_padding\":\"small\",\"panel_style\":\"card-secondary\",\"parallax_breakpoint\":\"s\",\"parallax_easing\":\"1\",\"parallax_target\":\"!.uk-section\",\"parallax_zindex\":false,\"title\":\"Tee matkasti ainutlaatuinen lis\\u00e4palveluilla\",\"title_align\":\"top\",\"title_element\":\"h3\",\"title_grid_breakpoint\":\"m\",\"title_grid_width\":\"1-2\",\"title_hover_style\":\"reset\"}},{\"name\":\"Pyyd\\u00e4 tarjous painike sininen\",\"type\":\"button\",\"props\":{\"grid_column_gap\":\"small\",\"grid_row_gap\":\"small\",\"margin\":\"default\"},\"children\":[{\"type\":\"button_item\",\"props\":{\"button_style\":\"primary\",\"content\":\"Tiedustelut & varaukset puhelimitse 040 7340317\",\"dialog_layout\":\"modal\",\"dialog_offcanvas_flip\":true,\"icon_align\":\"left\",\"link\":\"TEL: 0407340317\"}}]}]}]}]}],\"version\":\"4.5.32\"} --><\/p>\n","protected":false},"excerpt":{"rendered":"<p>El\u00e4myksellist\u00e4 majoitusta Porvoossa El\u00e4myshotelli Poukama\u00a0\u00a0 Hotelli Poukama on ainutlaatuinen hotelli Porvoossa. Tarjoamme sikeit\u00e4 unia keskell\u00e4 saaristoluonnon rauhaa \u2013 vain noin 15 minuutin p\u00e4\u00e4ss\u00e4 Porvoon keskustasta ja alle tunnin ajomatkan p\u00e4\u00e4ss\u00e4 [&hellip;]<\/p>\n","protected":false},"author":3,"featured_media":274,"parent":0,"menu_order":3,"comment_status":"closed","ping_status":"closed","template":"","meta":{"footnotes":""},"class_list":["post-749","page","type-page","status-publish","has-post-thumbnail","hentry"],"yoast_head":"<!-- This site is optimized with the Yoast SEO Premium plugin v27.4 (Yoast SEO v27.4) - https:\/\/yoast.com\/product\/yoast-seo-premium-wordpress\/ -->\n<title>Hotelli Porvoossa: El\u00e4myksellist\u00e4 majoitusta<\/title>\n<meta name=\"description\" content=\"El\u00e4myksellinen hotelli Porvoon saaristossa. Tilavat ja viihtyis\u00e4t huoneet ja Tentsile teltat vuokralle. Koe saariston tunnelma.\" \/>\n<meta name=\"robots\" content=\"index, follow, max-snippet:-1, max-image-preview:large, max-video-preview:-1\" \/>\n<link rel=\"canonical\" href=\"https:\/\/elamyspoukama.fi\/en\/hotelli-poukama\/\" \/>\n<meta property=\"og:locale\" content=\"en_US\" \/>\n<meta property=\"og:type\" content=\"article\" \/>\n<meta property=\"og:title\" content=\"El\u00e4myshotelli\" \/>\n<meta property=\"og:description\" content=\"El\u00e4myksellinen hotelli Porvoon saaristossa. Tilavat ja viihtyis\u00e4t huoneet ja Tentsile teltat vuokralle. Koe saariston tunnelma.\" \/>\n<meta property=\"og:url\" content=\"https:\/\/elamyspoukama.fi\/en\/hotelli-poukama\/\" \/>\n<meta property=\"og:site_name\" content=\"El\u00e4myspoukama\" \/>\n<meta property=\"article:publisher\" content=\"https:\/\/www.facebook.com\/Kokouspoukama\/\" \/>\n<meta property=\"article:modified_time\" content=\"2025-12-16T07:21:58+00:00\" \/>\n<meta property=\"og:image\" content=\"https:\/\/elamyspoukama.fi\/wp-content\/uploads\/2018\/04\/seikkailulaakso-kaksio.jpg\" \/>\n\t<meta property=\"og:image:width\" content=\"1200\" \/>\n\t<meta property=\"og:image:height\" content=\"800\" \/>\n\t<meta property=\"og:image:type\" content=\"image\/jpeg\" \/>\n<meta name=\"twitter:card\" content=\"summary_large_image\" \/>\n<meta name=\"twitter:label1\" content=\"Est. reading time\" \/>\n\t<meta name=\"twitter:data1\" content=\"2 minutes\" \/>\n<script type=\"application\/ld+json\" class=\"yoast-schema-graph\">{\"@context\":\"https:\\\/\\\/schema.org\",\"@graph\":[{\"@type\":\"WebPage\",\"@id\":\"https:\\\/\\\/elamyspoukama.fi\\\/en\\\/hotelli-poukama\\\/\",\"url\":\"https:\\\/\\\/elamyspoukama.fi\\\/en\\\/hotelli-poukama\\\/\",\"name\":\"Hotelli Porvoossa: El\u00e4myksellist\u00e4 majoitusta\",\"isPartOf\":{\"@id\":\"https:\\\/\\\/elamyspoukama.fi\\\/en\\\/#website\"},\"primaryImageOfPage\":{\"@id\":\"https:\\\/\\\/elamyspoukama.fi\\\/en\\\/hotelli-poukama\\\/#primaryimage\"},\"image\":{\"@id\":\"https:\\\/\\\/elamyspoukama.fi\\\/en\\\/hotelli-poukama\\\/#primaryimage\"},\"thumbnailUrl\":\"https:\\\/\\\/elamyspoukama.fi\\\/wp-content\\\/uploads\\\/2018\\\/04\\\/seikkailulaakso-kaksio.jpg\",\"datePublished\":\"2018-06-28T10:08:24+00:00\",\"dateModified\":\"2025-12-16T07:21:58+00:00\",\"description\":\"El\u00e4myksellinen hotelli Porvoon saaristossa. Tilavat ja viihtyis\u00e4t huoneet ja Tentsile teltat vuokralle. Koe saariston tunnelma.\",\"breadcrumb\":{\"@id\":\"https:\\\/\\\/elamyspoukama.fi\\\/en\\\/hotelli-poukama\\\/#breadcrumb\"},\"inLanguage\":\"en-US\",\"potentialAction\":[{\"@type\":\"ReadAction\",\"target\":[\"https:\\\/\\\/elamyspoukama.fi\\\/en\\\/hotelli-poukama\\\/\"]}]},{\"@type\":\"ImageObject\",\"inLanguage\":\"en-US\",\"@id\":\"https:\\\/\\\/elamyspoukama.fi\\\/en\\\/hotelli-poukama\\\/#primaryimage\",\"url\":\"https:\\\/\\\/elamyspoukama.fi\\\/wp-content\\\/uploads\\\/2018\\\/04\\\/seikkailulaakso-kaksio.jpg\",\"contentUrl\":\"https:\\\/\\\/elamyspoukama.fi\\\/wp-content\\\/uploads\\\/2018\\\/04\\\/seikkailulaakso-kaksio.jpg\",\"width\":1200,\"height\":800},{\"@type\":\"BreadcrumbList\",\"@id\":\"https:\\\/\\\/elamyspoukama.fi\\\/en\\\/hotelli-poukama\\\/#breadcrumb\",\"itemListElement\":[{\"@type\":\"ListItem\",\"position\":1,\"name\":\"Home\",\"item\":\"https:\\\/\\\/elamyspoukama.fi\\\/en\\\/\"},{\"@type\":\"ListItem\",\"position\":2,\"name\":\"El\u00e4myshotelli\"}]},{\"@type\":\"WebSite\",\"@id\":\"https:\\\/\\\/elamyspoukama.fi\\\/en\\\/#website\",\"url\":\"https:\\\/\\\/elamyspoukama.fi\\\/en\\\/\",\"name\":\"El\u00e4myspoukama\",\"description\":\"Tekemist\u00e4 porvoossa\",\"publisher\":{\"@id\":\"https:\\\/\\\/elamyspoukama.fi\\\/en\\\/#organization\"},\"potentialAction\":[{\"@type\":\"SearchAction\",\"target\":{\"@type\":\"EntryPoint\",\"urlTemplate\":\"https:\\\/\\\/elamyspoukama.fi\\\/en\\\/?s={search_term_string}\"},\"query-input\":{\"@type\":\"PropertyValueSpecification\",\"valueRequired\":true,\"valueName\":\"search_term_string\"}}],\"inLanguage\":\"en-US\"},{\"@type\":\"Organization\",\"@id\":\"https:\\\/\\\/elamyspoukama.fi\\\/en\\\/#organization\",\"name\":\"Kokouspoukama\",\"url\":\"https:\\\/\\\/elamyspoukama.fi\\\/en\\\/\",\"logo\":{\"@type\":\"ImageObject\",\"inLanguage\":\"en-US\",\"@id\":\"https:\\\/\\\/elamyspoukama.fi\\\/en\\\/#\\\/schema\\\/logo\\\/image\\\/\",\"url\":\"https:\\\/\\\/elamyspoukama.fi\\\/wp-content\\\/uploads\\\/2018\\\/06\\\/Poukama_logo_secondary_black-e1530794758505.png\",\"contentUrl\":\"https:\\\/\\\/elamyspoukama.fi\\\/wp-content\\\/uploads\\\/2018\\\/06\\\/Poukama_logo_secondary_black-e1530794758505.png\",\"width\":200,\"height\":200,\"caption\":\"Kokouspoukama\"},\"image\":{\"@id\":\"https:\\\/\\\/elamyspoukama.fi\\\/en\\\/#\\\/schema\\\/logo\\\/image\\\/\"},\"sameAs\":[\"https:\\\/\\\/www.facebook.com\\\/Kokouspoukama\\\/\",\"https:\\\/\\\/www.instagram.com\\\/kokouspoukama\\\/\"]}]}<\/script>\n<!-- \/ Yoast SEO Premium plugin. -->","yoast_head_json":{"title":"Hotelli Porvoossa: El\u00e4myksellist\u00e4 majoitusta","description":"El\u00e4myksellinen hotelli Porvoon saaristossa. Tilavat ja viihtyis\u00e4t huoneet ja Tentsile teltat vuokralle. Koe saariston tunnelma.","robots":{"index":"index","follow":"follow","max-snippet":"max-snippet:-1","max-image-preview":"max-image-preview:large","max-video-preview":"max-video-preview:-1"},"canonical":"https:\/\/elamyspoukama.fi\/en\/hotelli-poukama\/","og_locale":"en_US","og_type":"article","og_title":"El\u00e4myshotelli","og_description":"El\u00e4myksellinen hotelli Porvoon saaristossa. Tilavat ja viihtyis\u00e4t huoneet ja Tentsile teltat vuokralle. Koe saariston tunnelma.","og_url":"https:\/\/elamyspoukama.fi\/en\/hotelli-poukama\/","og_site_name":"El\u00e4myspoukama","article_publisher":"https:\/\/www.facebook.com\/Kokouspoukama\/","article_modified_time":"2025-12-16T07:21:58+00:00","og_image":[{"width":1200,"height":800,"url":"https:\/\/elamyspoukama.fi\/wp-content\/uploads\/2018\/04\/seikkailulaakso-kaksio.jpg","type":"image\/jpeg"}],"twitter_card":"summary_large_image","twitter_misc":{"Est. reading time":"2 minutes"},"schema":{"@context":"https:\/\/schema.org","@graph":[{"@type":"WebPage","@id":"https:\/\/elamyspoukama.fi\/en\/hotelli-poukama\/","url":"https:\/\/elamyspoukama.fi\/en\/hotelli-poukama\/","name":"Hotelli Porvoossa: El\u00e4myksellist\u00e4 majoitusta","isPartOf":{"@id":"https:\/\/elamyspoukama.fi\/en\/#website"},"primaryImageOfPage":{"@id":"https:\/\/elamyspoukama.fi\/en\/hotelli-poukama\/#primaryimage"},"image":{"@id":"https:\/\/elamyspoukama.fi\/en\/hotelli-poukama\/#primaryimage"},"thumbnailUrl":"https:\/\/elamyspoukama.fi\/wp-content\/uploads\/2018\/04\/seikkailulaakso-kaksio.jpg","datePublished":"2018-06-28T10:08:24+00:00","dateModified":"2025-12-16T07:21:58+00:00","description":"El\u00e4myksellinen hotelli Porvoon saaristossa. Tilavat ja viihtyis\u00e4t huoneet ja Tentsile teltat vuokralle. Koe saariston tunnelma.","breadcrumb":{"@id":"https:\/\/elamyspoukama.fi\/en\/hotelli-poukama\/#breadcrumb"},"inLanguage":"en-US","potentialAction":[{"@type":"ReadAction","target":["https:\/\/elamyspoukama.fi\/en\/hotelli-poukama\/"]}]},{"@type":"ImageObject","inLanguage":"en-US","@id":"https:\/\/elamyspoukama.fi\/en\/hotelli-poukama\/#primaryimage","url":"https:\/\/elamyspoukama.fi\/wp-content\/uploads\/2018\/04\/seikkailulaakso-kaksio.jpg","contentUrl":"https:\/\/elamyspoukama.fi\/wp-content\/uploads\/2018\/04\/seikkailulaakso-kaksio.jpg","width":1200,"height":800},{"@type":"BreadcrumbList","@id":"https:\/\/elamyspoukama.fi\/en\/hotelli-poukama\/#breadcrumb","itemListElement":[{"@type":"ListItem","position":1,"name":"Home","item":"https:\/\/elamyspoukama.fi\/en\/"},{"@type":"ListItem","position":2,"name":"El\u00e4myshotelli"}]},{"@type":"WebSite","@id":"https:\/\/elamyspoukama.fi\/en\/#website","url":"https:\/\/elamyspoukama.fi\/en\/","name":"El\u00e4myspoukama","description":"Tekemist\u00e4 porvoossa","publisher":{"@id":"https:\/\/elamyspoukama.fi\/en\/#organization"},"potentialAction":[{"@type":"SearchAction","target":{"@type":"EntryPoint","urlTemplate":"https:\/\/elamyspoukama.fi\/en\/?s={search_term_string}"},"query-input":{"@type":"PropertyValueSpecification","valueRequired":true,"valueName":"search_term_string"}}],"inLanguage":"en-US"},{"@type":"Organization","@id":"https:\/\/elamyspoukama.fi\/en\/#organization","name":"Kokouspoukama","url":"https:\/\/elamyspoukama.fi\/en\/","logo":{"@type":"ImageObject","inLanguage":"en-US","@id":"https:\/\/elamyspoukama.fi\/en\/#\/schema\/logo\/image\/","url":"https:\/\/elamyspoukama.fi\/wp-content\/uploads\/2018\/06\/Poukama_logo_secondary_black-e1530794758505.png","contentUrl":"https:\/\/elamyspoukama.fi\/wp-content\/uploads\/2018\/06\/Poukama_logo_secondary_black-e1530794758505.png","width":200,"height":200,"caption":"Kokouspoukama"},"image":{"@id":"https:\/\/elamyspoukama.fi\/en\/#\/schema\/logo\/image\/"},"sameAs":["https:\/\/www.facebook.com\/Kokouspoukama\/","https:\/\/www.instagram.com\/kokouspoukama\/"]}]}},"_links":{"self":[{"href":"https:\/\/elamyspoukama.fi\/en\/wp-json\/wp\/v2\/pages\/749","targetHints":{"allow":["GET"]}}],"collection":[{"href":"https:\/\/elamyspoukama.fi\/en\/wp-json\/wp\/v2\/pages"}],"about":[{"href":"https:\/\/elamyspoukama.fi\/en\/wp-json\/wp\/v2\/types\/page"}],"author":[{"embeddable":true,"href":"https:\/\/elamyspoukama.fi\/en\/wp-json\/wp\/v2\/users\/3"}],"replies":[{"embeddable":true,"href":"https:\/\/elamyspoukama.fi\/en\/wp-json\/wp\/v2\/comments?post=749"}],"version-history":[{"count":0,"href":"https:\/\/elamyspoukama.fi\/en\/wp-json\/wp\/v2\/pages\/749\/revisions"}],"wp:featuredmedia":[{"embeddable":true,"href":"https:\/\/elamyspoukama.fi\/en\/wp-json\/wp\/v2\/media\/274"}],"wp:attachment":[{"href":"https:\/\/elamyspoukama.fi\/en\/wp-json\/wp\/v2\/media?parent=749"}],"curies":[{"name":"wp","href":"https:\/\/api.w.org\/{rel}","templated":true}]}}